{"id":983,"date":"2019-07-15T11:32:11","date_gmt":"2019-07-15T08:32:11","guid":{"rendered":"https:\/\/www.disquitos.fi\/kbu\/?page_id=983"},"modified":"2022-07-31T15:33:43","modified_gmt":"2022-07-31T12:33:43","slug":"2019-2","status":"publish","type":"page","link":"https:\/\/www.disquitos.fi\/kbu\/tulokset\/2019-2\/","title":{"rendered":"2019"},"content":{"rendered":"\n<ul class=\"wp-block-gallery columns-1 is-cropped wp-block-gallery-1 is-layout-flex wp-block-gallery-is-layout-flex\"><li class=\"blocks-gallery-item\"><figure><img loading=\"lazy\" decoding=\"async\" width=\"1024\" height=\"213\" src=\"https:\/\/www.disquitos.fi\/kbu\/wp-content\/uploads\/2019\/07\/kbu2019_peli-1-1024x213.jpg\" alt=\"\" data-id=\"1010\" data-link=\"https:\/\/www.disquitos.fi\/kbu\/tulokset\/2019-2\/kbu2019_peli-1\/\" class=\"wp-image-1010\" srcset=\"https:\/\/www.disquitos.fi\/kbu\/wp-content\/uploads\/2019\/07\/kbu2019_peli-1-1024x213.jpg 1024w, https:\/\/www.disquitos.fi\/kbu\/wp-content\/uploads\/2019\/07\/kbu2019_peli-1-300x62.jpg 300w, https:\/\/www.disquitos.fi\/kbu\/wp-content\/uploads\/2019\/07\/kbu2019_peli-1-768x160.jpg 768w, https:\/\/www.disquitos.fi\/kbu\/wp-content\/uploads\/2019\/07\/kbu2019_peli-1.jpg 1066w\" sizes=\"auto, (max-width: 1024px) 100vw, 1024px\" \/><\/figure><\/li><\/ul>\n\n\n\n<h3 class=\"wp-block-heading\"><strong><span style=\"text-decoration: underline;\">Sijoitukset<\/span><\/strong><\/h3>\n\n\n\n<ol class=\"wp-block-list\"><li>Empty City Rollers<\/li><li>Vajun K\u00e4mmmit<\/li><li>Mela Jejj<\/li><li>Ronkelin Sankarit<\/li><li>Sekaajan Ekoteko<\/li><li>Kvsjernopylin Smurffit<\/li><\/ol>\n\n\n\n<figure class=\"wp-block-image\"><img loading=\"lazy\" decoding=\"async\" width=\"1024\" height=\"643\" src=\"https:\/\/www.disquitos.fi\/kbu\/wp-content\/uploads\/2019\/07\/kbu2019_voittajat-1-1024x643.jpg\" alt=\"\" class=\"wp-image-996\" srcset=\"https:\/\/www.disquitos.fi\/kbu\/wp-content\/uploads\/2019\/07\/kbu2019_voittajat-1-1024x643.jpg 1024w, https:\/\/www.disquitos.fi\/kbu\/wp-content\/uploads\/2019\/07\/kbu2019_voittajat-1-300x188.jpg 300w, https:\/\/www.disquitos.fi\/kbu\/wp-content\/uploads\/2019\/07\/kbu2019_voittajat-1-768x482.jpg 768w\" sizes=\"auto, (max-width: 1024px) 100vw, 1024px\" \/><figcaption>Empty City Rollers &#8211; KBU 2019 ylivoimainen voittaja! <\/figcaption><\/figure>\n\n\n\n<h3 class=\"wp-block-heading\"><strong><span style=\"text-decoration: underline;\">Spiritit<\/span><\/strong><\/h3>\n\n\n\n<ol class=\"wp-block-list\"><li>Vajun K\u00e4mmmit (78 p)<\/li><li>Mela Jejj (77 p)<\/li><li>Kvsjernopylin Smurffit (73 p)<\/li><li>Sekaajan Ekoteko (72 p)<\/li><li>Ronkelin Sankarit (70 p)<\/li><li>Empty City Rollers (68 p)<\/li><\/ol>\n\n\n\n<figure class=\"wp-block-image\"><img loading=\"lazy\" decoding=\"async\" width=\"1024\" height=\"604\" src=\"https:\/\/www.disquitos.fi\/kbu\/wp-content\/uploads\/2019\/07\/kbu2019_spirit-1024x604.jpg\" alt=\"\" class=\"wp-image-994\" srcset=\"https:\/\/www.disquitos.fi\/kbu\/wp-content\/uploads\/2019\/07\/kbu2019_spirit-1024x604.jpg 1024w, https:\/\/www.disquitos.fi\/kbu\/wp-content\/uploads\/2019\/07\/kbu2019_spirit-300x177.jpg 300w, https:\/\/www.disquitos.fi\/kbu\/wp-content\/uploads\/2019\/07\/kbu2019_spirit-768x453.jpg 768w\" sizes=\"auto, (max-width: 1024px) 100vw, 1024px\" \/><figcaption>Vajun K\u00e4mmmit &#8211; Spirit voittaja ja turnaus hopeaa!<\/figcaption><\/figure>\n\n\n\n<p>Hienoimmat Dyykit: Niko P\u00e4\u00e4kk\u00f6nen<br>Kuumin pelaaja: Tuomas Krook<br>Syvin kuoppa: Aapo Kanervo<\/p>\n\n\n\n<figure class=\"wp-block-image\"><img loading=\"lazy\" decoding=\"async\" width=\"1024\" height=\"652\" src=\"https:\/\/www.disquitos.fi\/kbu\/wp-content\/uploads\/2019\/07\/kbu2019_dyykki-1024x652.jpg\" alt=\"\" class=\"wp-image-986\" srcset=\"https:\/\/www.disquitos.fi\/kbu\/wp-content\/uploads\/2019\/07\/kbu2019_dyykki-1024x652.jpg 1024w, https:\/\/www.disquitos.fi\/kbu\/wp-content\/uploads\/2019\/07\/kbu2019_dyykki-300x191.jpg 300w, https:\/\/www.disquitos.fi\/kbu\/wp-content\/uploads\/2019\/07\/kbu2019_dyykki-768x489.jpg 768w\" sizes=\"auto, (max-width: 1024px) 100vw, 1024px\" \/><figcaption>Hiekalla on kiva levytt\u00e4\u00e4 kiekon per\u00e4\u00e4n &#8212;O<\/figcaption><\/figure>\n\n\n\n<h4 class=\"wp-block-heading\"><strong>Empty City Rollers<\/strong><\/h4>\n\n\n\n<figure class=\"wp-block-image\"><img loading=\"lazy\" decoding=\"async\" width=\"1024\" height=\"768\" src=\"https:\/\/www.disquitos.fi\/kbu\/wp-content\/uploads\/2019\/07\/kbu2019_empty_city-1024x768.jpg\" alt=\"\" class=\"wp-image-988\" srcset=\"https:\/\/www.disquitos.fi\/kbu\/wp-content\/uploads\/2019\/07\/kbu2019_empty_city-1024x768.jpg 1024w, https:\/\/www.disquitos.fi\/kbu\/wp-content\/uploads\/2019\/07\/kbu2019_empty_city-300x225.jpg 300w, https:\/\/www.disquitos.fi\/kbu\/wp-content\/uploads\/2019\/07\/kbu2019_empty_city-768x576.jpg 768w, https:\/\/www.disquitos.fi\/kbu\/wp-content\/uploads\/2019\/07\/kbu2019_empty_city.jpg 1600w\" sizes=\"auto, (max-width: 1024px) 100vw, 1024px\" \/><figcaption>Empty City Rollers<\/figcaption><\/figure>\n\n\n\n<p>Emmi Forsman<br>Mark Roth<br>Markus H\u00e4llfors<br>Matti Kanervo<br>Masha<br>Pauliina Ounila<br>Pekka Kauhanen<br>Tuomas Krook<\/p>\n\n\n\n<h4 class=\"wp-block-heading\"><br><strong>Vajun K\u00e4mmmit<\/strong><\/h4>\n\n\n\n<figure class=\"wp-block-image\"><img loading=\"lazy\" decoding=\"async\" width=\"1024\" height=\"600\" src=\"https:\/\/www.disquitos.fi\/kbu\/wp-content\/uploads\/2019\/07\/kbu2019_k\u00e4mmmit-1024x600.jpg\" alt=\"\" class=\"wp-image-989\" srcset=\"https:\/\/www.disquitos.fi\/kbu\/wp-content\/uploads\/2019\/07\/kbu2019_k\u00e4mmmit-1024x600.jpg 1024w, https:\/\/www.disquitos.fi\/kbu\/wp-content\/uploads\/2019\/07\/kbu2019_k\u00e4mmmit-300x176.jpg 300w, https:\/\/www.disquitos.fi\/kbu\/wp-content\/uploads\/2019\/07\/kbu2019_k\u00e4mmmit-768x450.jpg 768w, https:\/\/www.disquitos.fi\/kbu\/wp-content\/uploads\/2019\/07\/kbu2019_k\u00e4mmmit.jpg 1221w\" sizes=\"auto, (max-width: 1024px) 100vw, 1024px\" \/><figcaption>Vajun K\u00e4mmmit &#8211; Kolomella \u00e4mmm\u00e4ll\u00e4<\/figcaption><\/figure>\n\n\n\n<p>Ilari Nurmela<br>Jussi H\u00e4llstr\u00f6m<br>Kaisa Korhonen<br>Markku Pajunen<br>Miikka Keski-S\u00e4ntti<br>Minna Kauppi<br>Tiia Junnikkala<br>Ville Varpunen<\/p>\n\n\n\n<h4 class=\"wp-block-heading\"><br><strong>Mela Jejj<\/strong><\/h4>\n\n\n\n<figure class=\"wp-block-image\"><img loading=\"lazy\" decoding=\"async\" width=\"1024\" height=\"768\" src=\"https:\/\/www.disquitos.fi\/kbu\/wp-content\/uploads\/2019\/07\/kbu2019_mela-1024x768.jpg\" alt=\"\" class=\"wp-image-990\" srcset=\"https:\/\/www.disquitos.fi\/kbu\/wp-content\/uploads\/2019\/07\/kbu2019_mela-1024x768.jpg 1024w, https:\/\/www.disquitos.fi\/kbu\/wp-content\/uploads\/2019\/07\/kbu2019_mela-300x225.jpg 300w, https:\/\/www.disquitos.fi\/kbu\/wp-content\/uploads\/2019\/07\/kbu2019_mela-768x576.jpg 768w, https:\/\/www.disquitos.fi\/kbu\/wp-content\/uploads\/2019\/07\/kbu2019_mela.jpg 1600w\" sizes=\"auto, (max-width: 1024px) 100vw, 1024px\" \/><figcaption>Mela Jejj &#8211; Melajengi<\/figcaption><\/figure>\n\n\n\n<p>Aino Sepp\u00e4l\u00e4<br>Eero M\u00e4\u00e4tt\u00e4<br>Elli Hirvonen<br>Juha &#8221;Jysky&#8221; Julkunen<br>Jonna Myllym\u00e4ki<br>Joonas Tamminen<br>Lauri Suomela<br>Markku Kulmunki<\/p>\n\n\n\n<h4 class=\"wp-block-heading\"><br><strong>Ronkelin Sankarit<\/strong><\/h4>\n\n\n\n<figure class=\"wp-block-image\"><img loading=\"lazy\" decoding=\"async\" width=\"1024\" height=\"762\" src=\"https:\/\/www.disquitos.fi\/kbu\/wp-content\/uploads\/2019\/07\/kbu2019_sankarit-1024x762.jpg\" alt=\"\" class=\"wp-image-992\" srcset=\"https:\/\/www.disquitos.fi\/kbu\/wp-content\/uploads\/2019\/07\/kbu2019_sankarit-1024x762.jpg 1024w, https:\/\/www.disquitos.fi\/kbu\/wp-content\/uploads\/2019\/07\/kbu2019_sankarit-300x223.jpg 300w, https:\/\/www.disquitos.fi\/kbu\/wp-content\/uploads\/2019\/07\/kbu2019_sankarit-768x572.jpg 768w, https:\/\/www.disquitos.fi\/kbu\/wp-content\/uploads\/2019\/07\/kbu2019_sankarit.jpg 1456w\" sizes=\"auto, (max-width: 1024px) 100vw, 1024px\" \/><figcaption>Ronkelin Sankarit &#8211; Sankaritekoja!<\/figcaption><\/figure>\n\n\n\n<p>Anna-Maria Niemel\u00e4<br>Lasse Kaaos<br>Niko P\u00e4\u00e4kk\u00f6nen<br>Olli Huotari<br>Roni Koskela<br>Saara Antell<br>Jukka Raimovaara<br>Satu Sihvonen<\/p>\n\n\n\n<h4 class=\"wp-block-heading\"><br>Sekaajan Ekoteko<\/h4>\n\n\n\n<figure class=\"wp-block-image\"><img loading=\"lazy\" decoding=\"async\" width=\"1024\" height=\"565\" src=\"https:\/\/www.disquitos.fi\/kbu\/wp-content\/uploads\/2019\/07\/kbu2019_ekoteko-1024x565.jpg\" alt=\"\" class=\"wp-image-987\" srcset=\"https:\/\/www.disquitos.fi\/kbu\/wp-content\/uploads\/2019\/07\/kbu2019_ekoteko-1024x565.jpg 1024w, https:\/\/www.disquitos.fi\/kbu\/wp-content\/uploads\/2019\/07\/kbu2019_ekoteko-300x166.jpg 300w, https:\/\/www.disquitos.fi\/kbu\/wp-content\/uploads\/2019\/07\/kbu2019_ekoteko-768x424.jpg 768w, https:\/\/www.disquitos.fi\/kbu\/wp-content\/uploads\/2019\/07\/kbu2019_ekoteko.jpg 1458w\" sizes=\"auto, (max-width: 1024px) 100vw, 1024px\" \/><figcaption>Sekaajan Ekoteko &#8211; Muovin kierr\u00e4tt\u00e4j\u00e4t<\/figcaption><\/figure>\n\n\n\n<p>Anna (Ansku) Ritala<br>Eero Metso<br>Juho Oksanen<br>Juha Santtila<br>Kati-Mari<br>Satu Huttunen<br>Sami Tuominen<br>Tero Kontkanen<\/p>\n\n\n\n<h4 class=\"wp-block-heading\"><br>Kvsjernopylin Smurffit<\/h4>\n\n\n\n<figure class=\"wp-block-image\"><img loading=\"lazy\" decoding=\"async\" width=\"1024\" height=\"643\" src=\"https:\/\/www.disquitos.fi\/kbu\/wp-content\/uploads\/2019\/07\/kbu2019_smurffit-1024x643.jpg\" alt=\"\" class=\"wp-image-993\" srcset=\"https:\/\/www.disquitos.fi\/kbu\/wp-content\/uploads\/2019\/07\/kbu2019_smurffit-1024x643.jpg 1024w, https:\/\/www.disquitos.fi\/kbu\/wp-content\/uploads\/2019\/07\/kbu2019_smurffit-300x188.jpg 300w, https:\/\/www.disquitos.fi\/kbu\/wp-content\/uploads\/2019\/07\/kbu2019_smurffit-768x482.jpg 768w, https:\/\/www.disquitos.fi\/kbu\/wp-content\/uploads\/2019\/07\/kbu2019_smurffit.jpg 1339w\" sizes=\"auto, (max-width: 1024px) 100vw, 1024px\" \/><figcaption> Kvsjernopylin Smurffit &#8211; NYT Smurffataan!<\/figcaption><\/figure>\n\n\n\n<p>Elisa Pursiainen<br>Jani Rutanen<br>Juha Salmi<br>Kari Hulkko<br>Pinja Rajala<br>Reetta H\u00e4lv\u00e4<br>Severi Pehkonen-Ollila<br>Valtteri Kangasm\u00e4ki<\/p>\n\n\n\n<h2 class=\"wp-block-heading\"><strong>Pelit<\/strong><\/h2>\n\n\n\n<table class=\"wp-block-table is-style-regular\"><tbody><tr><td><strong>Joukkue<\/strong><\/td><td><strong>Voitot<\/strong><\/td><td><strong>Tappiot<\/strong><\/td><td><strong>Maaliero<\/strong><\/td><\/tr><tr><td>Empty City Rollers<\/td><td>5<\/td><td>0<\/td><td>37 &#8211; 12<\/td><\/tr><tr><td>Vajun K\u00e4mmmit<\/td><td>3<\/td><td>2<\/td><td>20 &#8211; 22<\/td><\/tr><tr><td>Mela Jejj<\/td><td>2<\/td><td>3<\/td><td>22 &#8211; 28<\/td><\/tr><tr><td>Ronkelin Sankarit<\/td><td>2<\/td><td>3<\/td><td>13 &#8211; 25<\/td><\/tr><tr><td>Sekaajan Ekoteko<\/td><td>2<\/td><td>3<\/td><td>22 &#8211; 24<\/td><\/tr><tr><td>Kvsjernopylin Smurffit<\/td><td>1<\/td><td>4<\/td><td>17 &#8211; 27<\/td><\/tr><\/tbody><\/table>\n\n\n\n<p style=\"text-align:left\"><strong><span style=\"text-decoration: underline;\">Alkusarja<\/span><\/strong><\/p>\n\n\n\n<table class=\"wp-block-table\"><tbody><tr><td>Mela Jejj<\/td><td>Vajun K\u00e4mmmit <\/td><td>3 &#8211; 10<\/td><\/tr><tr><td>Sekaajan Ekoteko<\/td><td>Empty City Rollers <\/td><td>6 &#8211; 7<\/td><\/tr><tr><td>Vajun K\u00e4mmmit <\/td><td>Kvsjernopylin Smurffit <\/td><td>6 &#8211; 4<\/td><\/tr><tr><td>Ronkelin Sankarit <\/td><td>Mela Jejj<\/td><td>3 &#8211; 6<\/td><\/tr><tr><td>Sekaajan Ekoteko <\/td><td>Ronkelin Sankarit <\/td><td>3 &#8211; 4<\/td><\/tr><tr><td>Kvsjernopylin Smurffit  <\/td><td>Empty City Rollers <\/td><td>3 &#8211; 7<\/td><\/tr><tr><td>Empty City Rollers <\/td><td>Mela Jejj<\/td><td>8 &#8211; 2<\/td><\/tr><tr><td>Vajun K\u00e4mmmit <\/td><td>Sekaajan Ekoteko <\/td><td>3 &#8211; 5<\/td><\/tr><tr><td>Kvsjernopylin Smurffit  <\/td><td>Ronkelin Sankarit <\/td><td>2 &#8211; 4<\/td><\/tr><tr><td>Empty City Rollers <\/td><td>Vajun K\u00e4mmmit <\/td><td>9 &#8211; 0<\/td><\/tr><tr><td>Mela Jejj <\/td><td>Sekaajan Ekoteko <\/td><td>7 &#8211; 2<\/td><\/tr><tr><td>Ronkelin Sankarit <\/td><td>Empty City Rollers <\/td><td>1 &#8211; 6<\/td><\/tr><tr><td>Mela Jejj<\/td><td>Kvsjernopylin Smurffit  <\/td><td>4 &#8211; 5<\/td><\/tr><tr><td>Sekaajan Ekoteko <\/td><td>Kvsjernopylin Smurffit  <\/td><td>6 &#8211; 3<\/td><\/tr><tr><td>Ronkelin Sankarit <\/td><td>Vajun K\u00e4mmmit <\/td><td>1 &#8211; 8<\/td><\/tr><\/tbody><\/table>\n\n\n\n<p><span style=\"text-decoration: underline;\"><strong>Sijoituspelit<\/strong><\/span><\/p>\n\n\n\n<table class=\"wp-block-table\"><tbody><tr><td>Finaali<\/td><td>Empty City Rollers<\/td><td>Vajun K\u00e4mmmit <\/td><td>8 &#8211; 2<\/td><\/tr><tr><td>Pronssi<\/td><td>Mela Jejj<\/td><td>Ronkelin Sankarit<\/td><td>5 &#8211; 1<\/td><\/tr><tr><td>Sij. 5.-6.<\/td><td>Sekaajan Ekoteko<\/td><td>Kvsjernopylin Smurffit<\/td><td>4 &#8211; 3<\/td><\/tr><\/tbody><\/table>\n\n\n\n<figure class=\"wp-block-image\"><img loading=\"lazy\" decoding=\"async\" width=\"1024\" height=\"768\" src=\"https:\/\/www.disquitos.fi\/kbu\/wp-content\/uploads\/2019\/07\/IMG-20190713-WA0033-1024x768.jpg\" alt=\"\" class=\"wp-image-998\" srcset=\"https:\/\/www.disquitos.fi\/kbu\/wp-content\/uploads\/2019\/07\/IMG-20190713-WA0033-1024x768.jpg 1024w, https:\/\/www.disquitos.fi\/kbu\/wp-content\/uploads\/2019\/07\/IMG-20190713-WA0033-300x225.jpg 300w, https:\/\/www.disquitos.fi\/kbu\/wp-content\/uploads\/2019\/07\/IMG-20190713-WA0033-768x576.jpg 768w, https:\/\/www.disquitos.fi\/kbu\/wp-content\/uploads\/2019\/07\/IMG-20190713-WA0033.jpg 1600w\" sizes=\"auto, (max-width: 1024px) 100vw, 1024px\" \/><figcaption>Finaalijoukkueet<\/figcaption><\/figure>\n","protected":false},"excerpt":{"rendered":"<p>Sijoitukset Empty City Rollers Vajun K\u00e4mmmit Mela Jejj Ronkelin Sankarit Sekaajan Ekoteko Kvsjernopylin Smurffit Spiritit Vajun K\u00e4mmmit (78 p) Mela Jejj (77 p) Kvsjernopylin Smurffit (73 p) Sekaajan Ekoteko (72 p) Ronkelin Sankarit (70 p) Empty City Rollers (68 p) Hienoimmat Dyykit: Niko P\u00e4\u00e4kk\u00f6nenKuumin pelaaja: Tuomas KrookSyvin kuoppa: Aapo Kanervo Empty City Rollers Emmi ForsmanMark &hellip; <\/p>\n<p><a class=\"more-link btn\" href=\"https:\/\/www.disquitos.fi\/kbu\/tulokset\/2019-2\/\">Jatka lukemista<\/a><\/p>\n","protected":false},"author":1,"featured_media":0,"parent":130,"menu_order":92,"comment_status":"closed","ping_status":"closed","template":"","meta":{"footnotes":""},"class_list":["post-983","page","type-page","status-publish","hentry","nodate","item-wrap"],"_links":{"self":[{"href":"https:\/\/www.disquitos.fi\/kbu\/wp-json\/wp\/v2\/pages\/983","targetHints":{"allow":["GET"]}}],"collection":[{"href":"https:\/\/www.disquitos.fi\/kbu\/wp-json\/wp\/v2\/pages"}],"about":[{"href":"https:\/\/www.disquitos.fi\/kbu\/wp-json\/wp\/v2\/types\/page"}],"author":[{"embeddable":true,"href":"https:\/\/www.disquitos.fi\/kbu\/wp-json\/wp\/v2\/users\/1"}],"replies":[{"embeddable":true,"href":"https:\/\/www.disquitos.fi\/kbu\/wp-json\/wp\/v2\/comments?post=983"}],"version-history":[{"count":7,"href":"https:\/\/www.disquitos.fi\/kbu\/wp-json\/wp\/v2\/pages\/983\/revisions"}],"predecessor-version":[{"id":1012,"href":"https:\/\/www.disquitos.fi\/kbu\/wp-json\/wp\/v2\/pages\/983\/revisions\/1012"}],"up":[{"embeddable":true,"href":"https:\/\/www.disquitos.fi\/kbu\/wp-json\/wp\/v2\/pages\/130"}],"wp:attachment":[{"href":"https:\/\/www.disquitos.fi\/kbu\/wp-json\/wp\/v2\/media?parent=983"}],"curies":[{"name":"wp","href":"https:\/\/api.w.org\/{rel}","templated":true}]}}