{"id":743,"date":"2017-08-11T20:45:03","date_gmt":"2017-08-11T17:45:03","guid":{"rendered":"https:\/\/kalajokibeachultimate.wordpress.com\/?page_id=743"},"modified":"2019-07-15T11:36:25","modified_gmt":"2019-07-15T08:36:25","slug":"2017-2","status":"publish","type":"page","link":"https:\/\/www.disquitos.fi\/kbu\/tulokset\/2017-2\/","title":{"rendered":"2017"},"content":{"rendered":"<p><img loading=\"lazy\" decoding=\"async\" class=\"alignnone size-full wp-image-843\" src=\"http:\/\/www.disquitos.fi\/kbu\/wp-content\/uploads\/2017\/08\/kbu17-1034.jpg\" alt=\"KBU17-1034\" width=\"2048\" height=\"1356\" srcset=\"https:\/\/www.disquitos.fi\/kbu\/wp-content\/uploads\/2017\/08\/kbu17-1034.jpg 2048w, https:\/\/www.disquitos.fi\/kbu\/wp-content\/uploads\/2017\/08\/kbu17-1034-300x199.jpg 300w, https:\/\/www.disquitos.fi\/kbu\/wp-content\/uploads\/2017\/08\/kbu17-1034-768x509.jpg 768w, https:\/\/www.disquitos.fi\/kbu\/wp-content\/uploads\/2017\/08\/kbu17-1034-1024x678.jpg 1024w\" sizes=\"auto, (max-width: 2048px) 100vw, 2048px\" \/><\/p>\n<p><strong>Sijoitukset:<\/strong><\/p>\n<ol>\n<li>Snoukkarit<\/li>\n<li>Don&#8217;t Tell Tapsa<\/li>\n<li>MULAON Vormula<\/li>\n<li>Mummon Teekutsut<\/li>\n<li>Vihre\u00e4t Maestrot<\/li>\n<li>Kung-fu Panta<\/li>\n<\/ol>\n<div id=\"attachment_846\" style=\"width: 2048px\" class=\"wp-caption alignnone\"><img loading=\"lazy\" decoding=\"async\" aria-describedby=\"caption-attachment-846\" class=\"alignnone size-full wp-image-846\" src=\"http:\/\/www.disquitos.fi\/kbu\/wp-content\/uploads\/2017\/08\/kbu17-995.jpg\" alt=\"KBU17-995.jpg\" width=\"2048\" height=\"1356\" srcset=\"https:\/\/www.disquitos.fi\/kbu\/wp-content\/uploads\/2017\/08\/kbu17-995.jpg 2048w, https:\/\/www.disquitos.fi\/kbu\/wp-content\/uploads\/2017\/08\/kbu17-995-300x199.jpg 300w, https:\/\/www.disquitos.fi\/kbu\/wp-content\/uploads\/2017\/08\/kbu17-995-768x509.jpg 768w, https:\/\/www.disquitos.fi\/kbu\/wp-content\/uploads\/2017\/08\/kbu17-995-1024x678.jpg 1024w\" sizes=\"auto, (max-width: 2048px) 100vw, 2048px\" \/><p id=\"caption-attachment-846\" class=\"wp-caption-text\">KBU&#8217;17 mestarit<\/p><\/div>\n<p><strong>Spiritit:<\/strong><\/p>\n<ol>\n<li>Kung-fu Panta (90p)<\/li>\n<li>Vihre\u00e4t Maestrot (87p)<\/li>\n<li>MULAON Vormula (85p)<\/li>\n<li>Mummon Teekutsut (81p)<\/li>\n<li>Don&#8217;t Tell Tapsa (79p)<\/li>\n<li>Snoukkarit (73p)<\/li>\n<\/ol>\n<p><strong>MVP: <\/strong>Kari Tolonen<\/p>\n<p><strong>Paras Dyykkaaja: <\/strong>Miikka Sulonen<\/p>\n<p>Turnauskuvat:\u00a0<a href=\"https:\/\/rutanen.kuvat.fi\/kuvat\/Ultimate\/Kalajoki+Beach+Ultimate+2017\/\">https:\/\/rutanen.kuvat.fi\/kuvat\/Ultimate\/Kalajoki+Beach+Ultimate+2017\/<\/a><\/p>\n<h3><strong><span style=\"text-decoration:underline;\">JOUKKUEET<\/span><\/strong><\/h3>\n<div id=\"attachment_817\" style=\"width: 2048px\" class=\"wp-caption alignnone\"><img loading=\"lazy\" decoding=\"async\" aria-describedby=\"caption-attachment-817\" class=\"alignnone size-full wp-image-817\" src=\"http:\/\/www.disquitos.fi\/kbu\/wp-content\/uploads\/2017\/08\/kbu17-605-1-1.jpg\" alt=\"KBU17-605 (1)\" width=\"2048\" height=\"1356\" \/><p id=\"caption-attachment-817\" class=\"wp-caption-text\">Snoukkarit<\/p><\/div>\n<p>Kari Tolonen<br \/>\nTuomas Talus<br \/>\nEero Metso<br \/>\nJuha Hanhisuoanto<br \/>\nAnni Moilanen<br \/>\nSatu Huttunen<br \/>\nYufei Gu<br \/>\nTero Saastamoinen<br \/>\nOlli Huotari<\/p>\n<div id=\"attachment_820\" style=\"width: 2048px\" class=\"wp-caption alignnone\"><img loading=\"lazy\" decoding=\"async\" aria-describedby=\"caption-attachment-820\" class=\"alignnone size-full wp-image-820\" src=\"http:\/\/www.disquitos.fi\/kbu\/wp-content\/uploads\/2017\/08\/kbu17-689-1.jpg\" alt=\"KBU17-689\" width=\"2048\" height=\"1356\" \/><p id=\"caption-attachment-820\" class=\"wp-caption-text\">Don&#8217;t Tell Tapsa<\/p><\/div>\n<p>Esa Saksola<br \/>\nMiikka Sulonen<br \/>\nVille Tuhkanen<br \/>\nVille Varpunen (Arvio)<br \/>\nEmmi Kaakinen<br \/>\nAnnika Juvonen<br \/>\nSaara Antell<br \/>\nMarkus R\u00e4is\u00e4nen<br \/>\nSeveri Pehkonen-Ollila<\/p>\n<div id=\"attachment_825\" style=\"width: 2048px\" class=\"wp-caption alignnone\"><img loading=\"lazy\" decoding=\"async\" aria-describedby=\"caption-attachment-825\" class=\"alignnone size-full wp-image-825\" src=\"http:\/\/www.disquitos.fi\/kbu\/wp-content\/uploads\/2017\/08\/kbu17-664-1.jpg\" alt=\"KBU17-664\" width=\"2048\" height=\"1356\" \/><p id=\"caption-attachment-825\" class=\"wp-caption-text\">MULAON Vormula<\/p><\/div>\n<p>Juho Rajala<br \/>\nAntti &#8221;Saski&#8221; Savolainen<br \/>\nJukka Raimovaara<br \/>\nNiko P\u00e4\u00e4kk\u00f6nen<br \/>\nJonna Hepa-aho<br \/>\nHanna Mikkonen<br \/>\nKati-Mari Kakko<br \/>\nJulian Owusu<\/p>\n<div id=\"attachment_830\" style=\"width: 2048px\" class=\"wp-caption alignnone\"><img loading=\"lazy\" decoding=\"async\" aria-describedby=\"caption-attachment-830\" class=\"alignnone size-full wp-image-830\" src=\"http:\/\/www.disquitos.fi\/kbu\/wp-content\/uploads\/2017\/08\/kbu17-703.jpg\" alt=\"KBU17-703\" width=\"2048\" height=\"1356\" srcset=\"https:\/\/www.disquitos.fi\/kbu\/wp-content\/uploads\/2017\/08\/kbu17-703.jpg 2048w, https:\/\/www.disquitos.fi\/kbu\/wp-content\/uploads\/2017\/08\/kbu17-703-300x199.jpg 300w, https:\/\/www.disquitos.fi\/kbu\/wp-content\/uploads\/2017\/08\/kbu17-703-768x509.jpg 768w, https:\/\/www.disquitos.fi\/kbu\/wp-content\/uploads\/2017\/08\/kbu17-703-1024x678.jpg 1024w\" sizes=\"auto, (max-width: 2048px) 100vw, 2048px\" \/><p id=\"caption-attachment-830\" class=\"wp-caption-text\">Mummon Teekutsut<\/p><\/div>\n<p>Mira Salo<br \/>\nMarkku Kulmunki<br \/>\nJoonas Tamminen<br \/>\nJani Rutanen<br \/>\nLauri Raittila<br \/>\nTiia Junnikkala<br \/>\nKati Py\u00f6r\u00e4l\u00e4<br \/>\nJoni Erkkil\u00e4<\/p>\n<div id=\"attachment_834\" style=\"width: 2048px\" class=\"wp-caption alignnone\"><img loading=\"lazy\" decoding=\"async\" aria-describedby=\"caption-attachment-834\" class=\"alignnone size-full wp-image-834\" src=\"http:\/\/www.disquitos.fi\/kbu\/wp-content\/uploads\/2017\/08\/kbu17-828.jpg\" alt=\"KBU17-828\" width=\"2048\" height=\"1356\" srcset=\"https:\/\/www.disquitos.fi\/kbu\/wp-content\/uploads\/2017\/08\/kbu17-828.jpg 2048w, https:\/\/www.disquitos.fi\/kbu\/wp-content\/uploads\/2017\/08\/kbu17-828-300x199.jpg 300w, https:\/\/www.disquitos.fi\/kbu\/wp-content\/uploads\/2017\/08\/kbu17-828-768x509.jpg 768w, https:\/\/www.disquitos.fi\/kbu\/wp-content\/uploads\/2017\/08\/kbu17-828-1024x678.jpg 1024w\" sizes=\"auto, (max-width: 2048px) 100vw, 2048px\" \/><p id=\"caption-attachment-834\" class=\"wp-caption-text\">Vihre\u00e4t Maestrot<\/p><\/div>\n<p>Jonna Myllym\u00e4ki<br \/>\nJuho Lehtim\u00e4ki<br \/>\nTapio Moilanen<br \/>\nJuha &#8221;Jysky&#8221; Julkunen<br \/>\nMikko Jauhonen<br \/>\nEmmi Forsman<br \/>\nSini Kiprianoff<br \/>\nJoonas Yl\u00e4nen<\/p>\n<div id=\"attachment_837\" style=\"width: 2048px\" class=\"wp-caption alignnone\"><img loading=\"lazy\" decoding=\"async\" aria-describedby=\"caption-attachment-837\" class=\"alignnone size-full wp-image-837\" src=\"http:\/\/www.disquitos.fi\/kbu\/wp-content\/uploads\/2017\/08\/kbu17-674.jpg\" alt=\"KBU17-674\" width=\"2048\" height=\"1356\" srcset=\"https:\/\/www.disquitos.fi\/kbu\/wp-content\/uploads\/2017\/08\/kbu17-674.jpg 2048w, https:\/\/www.disquitos.fi\/kbu\/wp-content\/uploads\/2017\/08\/kbu17-674-300x199.jpg 300w, https:\/\/www.disquitos.fi\/kbu\/wp-content\/uploads\/2017\/08\/kbu17-674-768x509.jpg 768w, https:\/\/www.disquitos.fi\/kbu\/wp-content\/uploads\/2017\/08\/kbu17-674-1024x678.jpg 1024w\" sizes=\"auto, (max-width: 2048px) 100vw, 2048px\" \/><p id=\"caption-attachment-837\" class=\"wp-caption-text\">Kung-fu Panta<\/p><\/div>\n<p>Getten Haas<br \/>\nAntero Heikkinen<br \/>\nValtteri Kangasm\u00e4ki<br \/>\nTero Kontkanen<br \/>\nEsa T\u00f6rmikoski<br \/>\nElisa Pursiainen<br \/>\nElina Kuosmanen<br \/>\nRoni Koskela<\/p>\n<h3><span style=\"text-decoration:underline;\"><strong>PELIT<\/strong><\/span><\/h3>\n<table>\n<tbody>\n<tr>\n<td width=\"170\"><\/td>\n<td width=\"83\"><\/td>\n<td width=\"127\">Voitot<\/td>\n<td width=\"130\">Tappiot<\/td>\n<td width=\"132\">Maaliero<\/td>\n<\/tr>\n<tr>\n<td width=\"170\">Snoukkarit<\/td>\n<td width=\"83\">A1<\/td>\n<td width=\"127\">\u00a04<\/td>\n<td width=\"130\">\u00a01<\/td>\n<td width=\"132\">\u00a010<\/td>\n<\/tr>\n<tr>\n<td width=\"170\">Don&#8217;t Tell Tapsa<\/td>\n<td width=\"83\">A2<\/td>\n<td width=\"127\">\u00a04<\/td>\n<td width=\"130\">\u00a01<\/td>\n<td width=\"132\">\u00a05<\/td>\n<\/tr>\n<tr>\n<td width=\"170\">MULAON Vormula<\/td>\n<td width=\"83\">A3<\/td>\n<td width=\"127\">\u00a03<\/td>\n<td width=\"130\">\u00a02<\/td>\n<td width=\"132\">\u00a06<\/td>\n<\/tr>\n<tr>\n<td width=\"170\">Mummon Teekutsut<\/td>\n<td width=\"83\">A4<\/td>\n<td width=\"127\">\u00a02<\/td>\n<td width=\"130\">\u00a03<\/td>\n<td width=\"132\">\u00a0-9<\/td>\n<\/tr>\n<tr>\n<td width=\"170\">Vihre\u00e4t Maestrot<\/td>\n<td width=\"83\">A5<\/td>\n<td width=\"127\">\u00a02<\/td>\n<td width=\"130\">\u00a03<\/td>\n<td width=\"132\">\u00a0-3<\/td>\n<\/tr>\n<tr>\n<td width=\"170\">Kung-fu Panta<\/td>\n<td width=\"83\">A6<\/td>\n<td width=\"127\">\u00a00<\/td>\n<td width=\"130\">\u00a05<\/td>\n<td width=\"132\">\u00a0-9<\/td>\n<\/tr>\n<\/tbody>\n<\/table>\n<table>\n<tbody>\n<tr>\n<td width=\"214\">Joukkue<\/td>\n<td width=\"214\">Joukkue<\/td>\n<td width=\"214\">Tulos<\/td>\n<\/tr>\n<tr>\n<td width=\"214\">\u00a0Snoukkarit<\/td>\n<td width=\"214\">\u00a0Kung-fu Panta<\/td>\n<td width=\"214\">\u00a04 &#8211; 0<\/td>\n<\/tr>\n<tr>\n<td width=\"214\">\u00a0Don&#8217;t Tell Tapsa<\/td>\n<td width=\"214\">\u00a0Vihre\u00e4t Maestrot<\/td>\n<td width=\"214\">\u00a05 &#8211; 4<\/td>\n<\/tr>\n<tr>\n<td width=\"214\">\u00a0Kung-fu Panta<\/td>\n<td width=\"214\">\u00a0Mummon Teekutsut<\/td>\n<td width=\"214\">\u00a04 &#8211; 5<\/td>\n<\/tr>\n<tr>\n<td width=\"214\">\u00a0MULAON Vormula<\/td>\n<td width=\"214\">\u00a0Snoukkarit<\/td>\n<td width=\"214\">\u00a04 &#8211; 5<\/td>\n<\/tr>\n<tr>\n<td width=\"214\">\u00a0Don&#8217;t Tell Tapsa<\/td>\n<td width=\"214\">\u00a0MULAON Vormula<\/td>\n<td width=\"214\">\u00a05 &#8211; 3<\/td>\n<\/tr>\n<tr>\n<td width=\"214\">\u00a0Mummon Teekutsut<\/td>\n<td width=\"214\">\u00a0Vihre\u00e4t Maestrot<\/td>\n<td width=\"214\">\u00a05\u00a0&#8211; 3<\/td>\n<\/tr>\n<tr>\n<td width=\"214\">\u00a0Vihre\u00e4t Maestrot<\/td>\n<td width=\"214\">\u00a0Snoukkarit<\/td>\n<td width=\"214\">\u00a04 &#8211; 3<\/td>\n<\/tr>\n<tr>\n<td width=\"214\">\u00a0Kung-fu Panta<\/td>\n<td width=\"214\">\u00a0Don&#8217;t Tell Tapsa<\/td>\n<td width=\"214\">\u00a04 &#8211; 5<\/td>\n<\/tr>\n<tr>\n<td width=\"214\">\u00a0Mummon Teekutsut<\/td>\n<td width=\"214\">\u00a0MULAON Vormula<\/td>\n<td width=\"214\">\u00a01 &#8211; 6<\/td>\n<\/tr>\n<tr>\n<td width=\"214\">\u00a0Vihre\u00e4t Maestrot<\/td>\n<td width=\"214\">\u00a0Kung-fu Panta<\/td>\n<td width=\"214\">\u00a05 &#8211; 3<\/td>\n<\/tr>\n<tr>\n<td width=\"214\">\u00a0Snoukkarit<\/td>\n<td width=\"214\">\u00a0Don&#8217;t Tell Tapsa<\/td>\n<td width=\"214\">\u00a05 &#8211; 2<\/td>\n<\/tr>\n<tr>\n<td width=\"214\">\u00a0MULAON Vormula<\/td>\n<td width=\"214\">\u00a0Vihre\u00e4t Maestrot<\/td>\n<td width=\"214\">\u00a05 &#8211; 2<\/td>\n<\/tr>\n<tr>\n<td width=\"214\">\u00a0Snoukkarit<\/td>\n<td width=\"214\">\u00a0Mummon Teekutsut<\/td>\n<td width=\"214\">\u00a05 &#8211; 2<\/td>\n<\/tr>\n<tr>\n<td width=\"214\">\u00a0Don&#8217;t Tell Tapsa<\/td>\n<td width=\"214\">\u00a0Mummon Teekutsut<\/td>\n<td width=\"214\">\u00a06 &#8211; 2<\/td>\n<\/tr>\n<tr>\n<td width=\"214\">\u00a0MULAON Vormula<\/td>\n<td width=\"214\">\u00a0Kung-fu Panta<\/td>\n<td width=\"214\">\u00a04 &#8211; 3<\/td>\n<\/tr>\n<\/tbody>\n<\/table>\n<p><strong><br \/>\nSijoituspelit<\/strong><\/p>\n<table style=\"height:124px;\" width=\"584\">\n<tbody>\n<tr>\n<td width=\"37\">Sijat<\/td>\n<td width=\"219\">Joukkue<\/td>\n<td width=\"203\">Joukkue<\/td>\n<td width=\"97\">Tulos<\/td>\n<\/tr>\n<tr>\n<td width=\"37\">\u00a01.-2.<\/td>\n<td width=\"219\">Snoukkarit<\/td>\n<td width=\"203\">Don&#8217;t Tell Tapsa<\/td>\n<td width=\"97\">\u00a07 &#8211; 6<\/td>\n<\/tr>\n<tr>\n<td width=\"37\">\u00a03.-4.<\/td>\n<td width=\"219\">MULAON Vormula<\/td>\n<td width=\"203\">Mummon Teekutsut<\/td>\n<td width=\"97\">\u00a05 &#8211; 4<\/td>\n<\/tr>\n<tr>\n<td width=\"37\">\u00a05.-6.<\/td>\n<td width=\"219\">Vihre\u00e4t Maestrot<\/td>\n<td width=\"203\">Kung-fu Panta<\/td>\n<td width=\"97\">\u00a04 &#8211; 3 (?)<\/td>\n<\/tr>\n<\/tbody>\n<\/table>\n","protected":false},"excerpt":{"rendered":"<p>Sijoitukset: Snoukkarit Don&#8217;t Tell Tapsa MULAON Vormula Mummon Teekutsut Vihre\u00e4t Maestrot Kung-fu Panta Spiritit: Kung-fu Panta (90p) Vihre\u00e4t Maestrot (87p) MULAON Vormula (85p) Mummon Teekutsut (81p) Don&#8217;t Tell Tapsa (79p) Snoukkarit (73p) MVP: Kari Tolonen Paras Dyykkaaja: Miikka Sulonen Turnauskuvat:\u00a0https:\/\/rutanen.kuvat.fi\/kuvat\/Ultimate\/Kalajoki+Beach+Ultimate+2017\/ JOUKKUEET Kari Tolonen Tuomas Talus Eero Metso Juha Hanhisuoanto Anni Moilanen Satu Huttunen Yufei Gu &hellip; <\/p>\n<p><a class=\"more-link btn\" href=\"https:\/\/www.disquitos.fi\/kbu\/tulokset\/2017-2\/\">Jatka lukemista<\/a><\/p>\n","protected":false},"author":1,"featured_media":0,"parent":130,"menu_order":94,"comment_status":"closed","ping_status":"closed","template":"","meta":{"footnotes":""},"class_list":["post-743","page","type-page","status-publish","hentry","nodate","item-wrap"],"_links":{"self":[{"href":"https:\/\/www.disquitos.fi\/kbu\/wp-json\/wp\/v2\/pages\/743","targetHints":{"allow":["GET"]}}],"collection":[{"href":"https:\/\/www.disquitos.fi\/kbu\/wp-json\/wp\/v2\/pages"}],"about":[{"href":"https:\/\/www.disquitos.fi\/kbu\/wp-json\/wp\/v2\/types\/page"}],"author":[{"embeddable":true,"href":"https:\/\/www.disquitos.fi\/kbu\/wp-json\/wp\/v2\/users\/1"}],"replies":[{"embeddable":true,"href":"https:\/\/www.disquitos.fi\/kbu\/wp-json\/wp\/v2\/comments?post=743"}],"version-history":[{"count":1,"href":"https:\/\/www.disquitos.fi\/kbu\/wp-json\/wp\/v2\/pages\/743\/revisions"}],"predecessor-version":[{"id":1004,"href":"https:\/\/www.disquitos.fi\/kbu\/wp-json\/wp\/v2\/pages\/743\/revisions\/1004"}],"up":[{"embeddable":true,"href":"https:\/\/www.disquitos.fi\/kbu\/wp-json\/wp\/v2\/pages\/130"}],"wp:attachment":[{"href":"https:\/\/www.disquitos.fi\/kbu\/wp-json\/wp\/v2\/media?parent=743"}],"curies":[{"name":"wp","href":"https:\/\/api.w.org\/{rel}","templated":true}]}}