{"id":599,"date":"2016-07-18T19:31:57","date_gmt":"2016-07-18T16:31:57","guid":{"rendered":"https:\/\/kalajokibeachultimate.wordpress.com\/?page_id=599"},"modified":"2019-07-15T11:34:44","modified_gmt":"2019-07-15T08:34:44","slug":"kbu2016","status":"publish","type":"page","link":"https:\/\/www.disquitos.fi\/kbu\/tulokset\/kbu2016\/","title":{"rendered":"2016"},"content":{"rendered":"<p><strong>Sijoitukset:<\/strong><\/p>\n<ol>\n<li>Pinkie pie (pinkki)<\/li>\n<li>Purple People Eater (violetti)<\/li>\n<li>HK\u2019s Bl\u00e5 (sininen)<\/li>\n<li>\u00bd kiloa p\u00e4iv\u00e4ss\u00e4 (vihre\u00e4)<\/li>\n<li>Aurinkohiekka (keltainen)<\/li>\n<li>Tequila sunrise (oranssi)<\/li>\n<li>Musta surma (musta)<\/li>\n<li>John Snow (valkoinen)<\/li>\n<\/ol>\n<div id=\"attachment_722\" style=\"width: 2048px\" class=\"wp-caption alignnone\"><img loading=\"lazy\" decoding=\"async\" aria-describedby=\"caption-attachment-722\" class=\" size-full wp-image-722 alignnone\" src=\"http:\/\/www.disquitos.fi\/kbu\/wp-content\/uploads\/2017\/06\/voittajat_2016-1.jpg\" alt=\"voittajat_2016\" width=\"2048\" height=\"1365\" \/><p id=\"caption-attachment-722\" class=\"wp-caption-text\">Pinkie Pie &#8211; KBU mestarit 2016<\/p><\/div>\n<p><strong>Spiritit:<\/strong><\/p>\n<ol>\n<li>HK\u2019s Bl\u00e5 (sininen) 96<\/li>\n<li>Musta surma (musta) 93<\/li>\n<li>\u00bd kiloa p\u00e4iv\u00e4ss\u00e4 (vihre\u00e4) 91<\/li>\n<li>Tequila sunrise (oranssi) 85<\/li>\n<li>Aurinkohiekka (keltainen) 82<\/li>\n<li>John Snow (valkoinen) 78<\/li>\n<li>Pinkie pie (pinkki) 76<\/li>\n<li>Purple People Eater (violetti) 72<\/li>\n<\/ol>\n<div id=\"attachment_721\" style=\"width: 2048px\" class=\"wp-caption aligncenter\"><img loading=\"lazy\" decoding=\"async\" aria-describedby=\"caption-attachment-721\" class=\" size-full wp-image-721 aligncenter\" src=\"http:\/\/www.disquitos.fi\/kbu\/wp-content\/uploads\/2017\/06\/spirit_2016-1.jpg\" alt=\"spirit_2016\" width=\"2048\" height=\"1365\" \/><p id=\"caption-attachment-721\" class=\"wp-caption-text\">Spirit-voittajat 2016<\/p><\/div>\n<p><strong>MVP: <\/strong>Raakel Pfister<\/p>\n<p><strong>Paras Dyykkaaja: <\/strong>Antero Heikkinen<\/p>\n<h3><strong><span style=\"text-decoration:underline;\">JOUKKUEET<\/span><\/strong><\/h3>\n<div style=\"width: 437px\" class=\"wp-caption alignnone\"><img loading=\"lazy\" decoding=\"async\" class=\"spotlight\" src=\"http:\/\/www.disquitos.fi\/kbu\/wp-content\/uploads\/2017\/06\/musta_surma_2016.jpg\" alt=\"\" width=\"437\" height=\"291\" \/><p class=\"wp-caption-text\">Musta surma<\/p><\/div>\n<p>Thomas Pfister<br \/>\nMinna Kauppi<br \/>\nJuha Salmi<br \/>\nTiia Junnikkala<br \/>\nValtteri &#8221;Wote&#8221; Tarvus<br \/>\nTuomas Turunen<br \/>\nZachary Pampel<br \/>\nToni H\u00e4rm\u00e4l\u00e4<\/p>\n<div style=\"width: 435px\" class=\"wp-caption alignnone\"><img loading=\"lazy\" decoding=\"async\" class=\"spotlight\" src=\"http:\/\/www.disquitos.fi\/kbu\/wp-content\/uploads\/2017\/06\/tequila_sunrise_2016.jpg\" alt=\"\" width=\"435\" height=\"290\" \/><p class=\"wp-caption-text\">Tequila sunrise<\/p><\/div>\n<p>Juri Rouhiainen<br \/>\nEerika Kekki<br \/>\nTero Kontkanen<br \/>\nNoora Ketola<br \/>\nAlexander Lehtonen<br \/>\nMikael Kautto<br \/>\nEsa T\u00f6rmikoski<br \/>\nSaija Karvonen<\/p>\n<div style=\"width: 431px\" class=\"wp-caption alignnone\"><img loading=\"lazy\" decoding=\"async\" class=\"spotlight\" src=\"http:\/\/www.disquitos.fi\/kbu\/wp-content\/uploads\/2017\/06\/aurinkohiekka_2016.jpg\" alt=\"\" width=\"431\" height=\"323\" \/><p class=\"wp-caption-text\">Aurinkohiekka<\/p><\/div>\n<p>Juho Rajala<br \/>\nAnni Moilanen<br \/>\nAarni Nagy<br \/>\nReetta Heikkinen<br \/>\nVille Tuhkanen<br \/>\nAntti Peltotalo<br \/>\nMark Roth<br \/>\nAnne Tiihonen<\/p>\n<div style=\"width: 437px\" class=\"wp-caption alignnone\"><img loading=\"lazy\" decoding=\"async\" class=\"spotlight\" src=\"http:\/\/www.disquitos.fi\/kbu\/wp-content\/uploads\/2017\/06\/hk_blc3a5_2016.jpg\" alt=\"\" width=\"437\" height=\"291\" \/><p class=\"wp-caption-text\">HK&#8217;s Bl\u00e5<\/p><\/div>\n<p>Esa Saksola<br \/>\nJonna Hepa-aho<br \/>\nVeli-Matti Salo<br \/>\nMeija Lohiniva<br \/>\nMiikka Sulonen<br \/>\nKari Tolonen<br \/>\nJuuso Jaatinen<br \/>\nSatu Sihvonen<\/p>\n<div style=\"width: 431px\" class=\"wp-caption alignnone\"><img loading=\"lazy\" decoding=\"async\" class=\"spotlight\" src=\"http:\/\/www.disquitos.fi\/kbu\/wp-content\/uploads\/2017\/06\/puoli_kiloa_pc3a4ivc3a4ssc3a4_2016.jpg\" alt=\"\" width=\"431\" height=\"287\" \/><p class=\"wp-caption-text\">\u00bd kiloa p\u00e4iv\u00e4ss\u00e4<\/p><\/div>\n<p>Topi Lehikoinen<br \/>\nHanna Juhola<br \/>\nJanne Lintil\u00e4<br \/>\nElli Hirvonen<br \/>\nTapio Moilanen<br \/>\nLauri Raittila<br \/>\nEeropekka J\u00e4\u00e4skel\u00e4inen<br \/>\nTimo Sulkala<\/p>\n<div style=\"width: 428px\" class=\"wp-caption alignnone\"><img loading=\"lazy\" decoding=\"async\" class=\"spotlight\" src=\"http:\/\/www.disquitos.fi\/kbu\/wp-content\/uploads\/2017\/06\/pinkie_pie_2016.jpg\" alt=\"\" width=\"428\" height=\"285\" \/><p class=\"wp-caption-text\">Pinkie pie<\/p><\/div>\n<p style=\"text-align:left;\">Santeri Piipponen<br \/>\nRaakel Pfister<br \/>\nTuomas Talus<br \/>\nKaisa Korhonen<br \/>\nJukka Raimovaara<br \/>\nJani Rutanen<br \/>\nLeena Uusi-Illikainen<\/p>\n<div style=\"width: 429px\" class=\"wp-caption alignnone\"><img loading=\"lazy\" decoding=\"async\" class=\"spotlight\" src=\"http:\/\/www.disquitos.fi\/kbu\/wp-content\/uploads\/2017\/06\/purple_people_eater_2016-1.jpg\" alt=\"\" width=\"429\" height=\"322\" \/><p class=\"wp-caption-text\">Purple People Eater<\/p><\/div>\n<p>Juho Lehtim\u00e4ki<br \/>\nJonna Myllym\u00e4ki<br \/>\nTeemu Ritvanen<br \/>\nJenna Suhonen<br \/>\nMarkku Kulmunki<br \/>\nVille &#8221;Mr.Ankka&#8221; Arvio<br \/>\nJussi Kauppila<br \/>\nRachel Pampel<\/p>\n<div style=\"width: 409px\" class=\"wp-caption alignnone\"><img loading=\"lazy\" decoding=\"async\" class=\"_4-od img\" src=\"http:\/\/www.disquitos.fi\/kbu\/wp-content\/uploads\/2017\/06\/john_snow_2016.jpg\" alt=\"\" width=\"409\" height=\"271\" \/><p class=\"wp-caption-text\">John Snow<\/p><\/div>\n<p>Aleksi Nuora<br \/>\nAnnika Juvonen<br \/>\nAntero Heikkinen<br \/>\nAnna-Maria Niemel\u00e4<br \/>\nJuha &#8221;Jysky&#8221; Julkunen<br \/>\nSami Tuominen<br \/>\nJussi Uusi-Illikainen<br \/>\nSini Kiprianoff<\/p>\n<h2><\/h2>\n<h3><span style=\"text-decoration:underline;\"><strong>PELIT<\/strong><\/span><\/h3>\n<p><strong>Lohko A<\/strong><\/p>\n<table>\n<tbody>\n<tr>\n<td width=\"170\"><\/td>\n<td width=\"83\"><\/td>\n<td width=\"127\">Voitot<\/td>\n<td width=\"130\">Tappiot<\/td>\n<td width=\"132\">Maaliero<\/td>\n<\/tr>\n<tr>\n<td width=\"170\">Pinkie pie (pinkki)<\/td>\n<td width=\"83\">A1<\/td>\n<td width=\"127\">3<\/td>\n<td width=\"130\">0<\/td>\n<td width=\"132\">+10<\/td>\n<\/tr>\n<tr>\n<td width=\"170\">\u00bd kiloa p\u00e4iv\u00e4ss\u00e4 (vihre\u00e4)<\/td>\n<td width=\"83\">A2<\/td>\n<td width=\"127\">2<\/td>\n<td width=\"130\">1<\/td>\n<td width=\"132\">-1<\/td>\n<\/tr>\n<tr>\n<td width=\"170\">John Snow (valkoinen)<\/td>\n<td width=\"83\">A3<\/td>\n<td width=\"127\">1<\/td>\n<td width=\"130\">2<\/td>\n<td width=\"132\">-3<\/td>\n<\/tr>\n<tr>\n<td width=\"170\">Musta surma (musta)<\/td>\n<td width=\"83\">A4<\/td>\n<td width=\"127\">0<\/td>\n<td width=\"130\">3<\/td>\n<td width=\"132\">-6<\/td>\n<\/tr>\n<\/tbody>\n<\/table>\n<table>\n<tbody>\n<tr>\n<td width=\"214\"><\/td>\n<td width=\"214\"><\/td>\n<td width=\"214\">Tulos<\/td>\n<\/tr>\n<tr>\n<td width=\"214\">John Snow (valkoinen)<\/td>\n<td width=\"214\">Musta surma (musta)<\/td>\n<td width=\"214\">5-2<\/td>\n<\/tr>\n<tr>\n<td width=\"214\">Pinkie pie (pinkki)<\/td>\n<td width=\"214\">\u00bd kiloa p\u00e4iv\u00e4ss\u00e4 (vihre\u00e4)<\/td>\n<td width=\"214\">7-4<\/td>\n<\/tr>\n<tr>\n<td width=\"214\">\u00bd kiloa p\u00e4iv\u00e4ss\u00e4 (vihre\u00e4)<\/td>\n<td width=\"214\">John Snow (valkoinen)<\/td>\n<td width=\"214\">5-4<\/td>\n<\/tr>\n<tr>\n<td width=\"214\">Musta surma (musta)<\/td>\n<td width=\"214\">Pinkie pie (pinkki)<\/td>\n<td width=\"214\">3-5<\/td>\n<\/tr>\n<tr>\n<td width=\"214\">John Snow (valkoinen)<\/td>\n<td width=\"214\">Pinkie pie (pinkki)<\/td>\n<td width=\"214\">2-7<\/td>\n<\/tr>\n<tr>\n<td width=\"214\">\u00bd kiloa p\u00e4iv\u00e4ss\u00e4 (vihre\u00e4)<\/td>\n<td width=\"214\">Musta surma (musta)<\/td>\n<td width=\"214\">5-4<\/td>\n<\/tr>\n<\/tbody>\n<\/table>\n<p><strong>Lohko B<\/strong><\/p>\n<table>\n<tbody>\n<tr>\n<td width=\"190\"><\/td>\n<td width=\"83\"><\/td>\n<td width=\"92\">Voitot<\/td>\n<td width=\"137\">Tappiot<\/td>\n<td width=\"139\">Maaliero<\/td>\n<\/tr>\n<tr>\n<td width=\"190\">Purple People Eater (violetti)<\/td>\n<td width=\"83\">B1<\/td>\n<td width=\"92\">2<\/td>\n<td width=\"137\">1<\/td>\n<td width=\"139\">+6<\/td>\n<\/tr>\n<tr>\n<td width=\"190\">HK\u2019s Bl\u00e5 (sininen)<\/td>\n<td width=\"83\">B2<\/td>\n<td width=\"92\">2<\/td>\n<td width=\"137\">1<\/td>\n<td width=\"139\">+3<\/td>\n<\/tr>\n<tr>\n<td width=\"190\">Aurinkohiekka (keltainen)<\/td>\n<td width=\"83\">B3<\/td>\n<td width=\"92\">2<\/td>\n<td width=\"137\">1<\/td>\n<td width=\"139\">-1<\/td>\n<\/tr>\n<tr>\n<td width=\"190\">Tequila sunrise (oranssi)<\/td>\n<td width=\"83\">B4<\/td>\n<td width=\"92\">0<\/td>\n<td width=\"137\">3<\/td>\n<td width=\"139\">-8<\/td>\n<\/tr>\n<\/tbody>\n<\/table>\n<table>\n<tbody>\n<tr>\n<td width=\"214\"><\/td>\n<td width=\"214\"><\/td>\n<td width=\"214\">Tulos<\/td>\n<\/tr>\n<tr>\n<td width=\"214\">Tequila sunrise (oranssi)<\/td>\n<td width=\"214\">Aurinkohiekka (keltainen)<\/td>\n<td width=\"214\">4-6<\/td>\n<\/tr>\n<tr>\n<td width=\"214\">Purple People Eater (violetti)<\/td>\n<td width=\"214\">HK\u2019s Bl\u00e5 (sininen)<\/td>\n<td width=\"214\">5-6<\/td>\n<\/tr>\n<tr>\n<td width=\"214\">HK\u2019s Bl\u00e5 (sininen)<\/td>\n<td width=\"214\">Tequila sunrise (oranssi)<\/td>\n<td width=\"214\">6-3<\/td>\n<\/tr>\n<tr>\n<td width=\"214\">Aurinkohiekka (keltainen)<\/td>\n<td width=\"214\">Purple People Eater (violetti)<\/td>\n<td width=\"214\">2-6<\/td>\n<\/tr>\n<tr>\n<td width=\"214\">Tequila sunrise (oranssi)<\/td>\n<td width=\"214\">Purple People Eater (violetti)<\/td>\n<td width=\"214\">3-6<\/td>\n<\/tr>\n<tr>\n<td width=\"214\">HK\u2019s Bl\u00e5 (sininen)<\/td>\n<td width=\"214\">Aurinkohiekka (keltainen)<\/td>\n<td width=\"214\">4-5<\/td>\n<\/tr>\n<\/tbody>\n<\/table>\n<p><strong>Jatkopelit 1. kierros<\/strong><\/p>\n<table>\n<tbody>\n<tr>\n<td width=\"35\"><\/td>\n<td width=\"31\"><\/td>\n<td width=\"227\">Joukkue<\/td>\n<td width=\"38\"><\/td>\n<td width=\"215\">Joukkue<\/td>\n<td width=\"97\">Tulos<\/td>\n<\/tr>\n<tr>\n<td width=\"35\">P1<\/td>\n<td width=\"31\">A1<\/td>\n<td width=\"227\">Pinkie pie (pinkki)<\/td>\n<td width=\"38\">B4<\/td>\n<td width=\"215\">Tequila sunrise (oranssi)<\/td>\n<td width=\"97\">6-5<\/td>\n<\/tr>\n<tr>\n<td width=\"35\">P2<\/td>\n<td width=\"31\">A2<\/td>\n<td width=\"227\">\u00bd kiloa p\u00e4iv\u00e4ss\u00e4 (vihre\u00e4)<\/td>\n<td width=\"38\">B3<\/td>\n<td width=\"215\">Aurinkohiekka (keltainen)<\/td>\n<td width=\"97\">12-2<\/td>\n<\/tr>\n<tr>\n<td width=\"35\">P3<\/td>\n<td width=\"31\">B1<\/td>\n<td width=\"227\">Purple People Eater (violetti)<\/td>\n<td width=\"38\">A4<\/td>\n<td width=\"215\">Musta surma (musta)<\/td>\n<td width=\"97\">12-5<\/td>\n<\/tr>\n<tr>\n<td width=\"35\">P4<\/td>\n<td width=\"31\">B2<\/td>\n<td width=\"227\">HK\u2019s Bl\u00e5 (sininen)<\/td>\n<td width=\"38\">A3<\/td>\n<td width=\"215\">John Snow (valkoinen)<\/td>\n<td width=\"97\">9-4<\/td>\n<\/tr>\n<\/tbody>\n<\/table>\n<p><strong>Jatkopelit 2. kierros<\/strong><\/p>\n<table>\n<tbody>\n<tr>\n<td width=\"30\"><\/td>\n<td width=\"39\"><\/td>\n<td width=\"222\">Joukkue<\/td>\n<td width=\"47\"><\/td>\n<td width=\"206\">Joukkue<\/td>\n<td width=\"98\">Tulos<\/td>\n<\/tr>\n<tr>\n<td width=\"30\">P5<\/td>\n<td width=\"39\">HP1<\/td>\n<td width=\"222\">Tequila sunrise (oranssi)<\/td>\n<td width=\"47\">HP4<\/td>\n<td width=\"206\">John Snow (valkoinen)<\/td>\n<td width=\"98\">9-7<\/td>\n<\/tr>\n<tr>\n<td width=\"30\">P6<\/td>\n<td width=\"39\">HP2<\/td>\n<td width=\"222\">Aurinkohiekka (keltainen)<\/td>\n<td width=\"47\">HP3<\/td>\n<td width=\"206\">Musta surma (musta)<\/td>\n<td width=\"98\">8-6<\/td>\n<\/tr>\n<tr>\n<td width=\"30\">P7<\/td>\n<td width=\"39\">VP1<\/td>\n<td width=\"222\">Pinkie pie (pinkki)<\/td>\n<td width=\"47\">VP4<\/td>\n<td width=\"206\">HK\u2019s Bl\u00e5 (sininen)<\/td>\n<td width=\"98\">9-7<\/td>\n<\/tr>\n<tr>\n<td width=\"30\">P8<\/td>\n<td width=\"39\">VP2<\/td>\n<td width=\"222\">\u00bd kiloa p\u00e4iv\u00e4ss\u00e4 (vihre\u00e4)<\/td>\n<td width=\"47\">VP3<\/td>\n<td width=\"206\">Purple People Eater (violetti)<\/td>\n<td width=\"98\">7-9<\/td>\n<\/tr>\n<\/tbody>\n<\/table>\n<p><strong>Jatkopelit 3. kierros<\/strong><\/p>\n<table style=\"height:124px;\" width=\"584\">\n<tbody>\n<tr>\n<td width=\"37\">\u00a0Sijat<\/td>\n<td width=\"39\"><\/td>\n<td width=\"219\">Joukkue<\/td>\n<td width=\"47\"><\/td>\n<td width=\"203\">Joukkue<\/td>\n<td width=\"97\">Tulos<\/td>\n<\/tr>\n<tr>\n<td width=\"37\">7-8<\/td>\n<td width=\"39\">HP5<\/td>\n<td width=\"219\">John Snow (valkoinen)<\/td>\n<td width=\"47\">HP6<\/td>\n<td width=\"203\">Musta surma (musta)<\/td>\n<td width=\"97\">4-9<\/td>\n<\/tr>\n<tr>\n<td width=\"37\">5-6<\/td>\n<td width=\"39\">VP5<\/td>\n<td width=\"219\">Tequila sunrise (oranssi)<\/td>\n<td width=\"47\">VP6<\/td>\n<td width=\"203\">Aurinkohiekka (keltainen)<\/td>\n<td width=\"97\">7-8<\/td>\n<\/tr>\n<tr>\n<td width=\"37\">3-4<\/td>\n<td width=\"39\">HP7<\/td>\n<td width=\"219\">HK\u2019s Bl\u00e5 (sininen)<\/td>\n<td width=\"47\">HP8<\/td>\n<td width=\"203\">\u00bd kiloa p\u00e4iv\u00e4ss\u00e4 (vihre\u00e4)<\/td>\n<td width=\"97\">9-7<\/td>\n<\/tr>\n<tr>\n<td width=\"37\">1-2<\/td>\n<td width=\"39\">VP7<\/td>\n<td width=\"219\">Pinkie pie (pinkki)<\/td>\n<td width=\"47\">VP8<\/td>\n<td width=\"203\">Purple People Eater (violetti)<\/td>\n<td width=\"97\">9-5<\/td>\n<\/tr>\n<\/tbody>\n<\/table>\n","protected":false},"excerpt":{"rendered":"<p>Sijoitukset: Pinkie pie (pinkki) Purple People Eater (violetti) HK\u2019s Bl\u00e5 (sininen) \u00bd kiloa p\u00e4iv\u00e4ss\u00e4 (vihre\u00e4) Aurinkohiekka (keltainen) Tequila sunrise (oranssi) Musta surma (musta) John Snow (valkoinen) Spiritit: HK\u2019s Bl\u00e5 (sininen) 96 Musta surma (musta) 93 \u00bd kiloa p\u00e4iv\u00e4ss\u00e4 (vihre\u00e4) 91 Tequila sunrise (oranssi) 85 Aurinkohiekka (keltainen) 82 John Snow (valkoinen) 78 Pinkie pie (pinkki) 76 &hellip; <\/p>\n<p><a class=\"more-link btn\" href=\"https:\/\/www.disquitos.fi\/kbu\/tulokset\/kbu2016\/\">Jatka lukemista<\/a><\/p>\n","protected":false},"author":1,"featured_media":0,"parent":130,"menu_order":95,"comment_status":"closed","ping_status":"closed","template":"","meta":{"footnotes":""},"class_list":["post-599","page","type-page","status-publish","hentry","nodate","item-wrap"],"_links":{"self":[{"href":"https:\/\/www.disquitos.fi\/kbu\/wp-json\/wp\/v2\/pages\/599","targetHints":{"allow":["GET"]}}],"collection":[{"href":"https:\/\/www.disquitos.fi\/kbu\/wp-json\/wp\/v2\/pages"}],"about":[{"href":"https:\/\/www.disquitos.fi\/kbu\/wp-json\/wp\/v2\/types\/page"}],"author":[{"embeddable":true,"href":"https:\/\/www.disquitos.fi\/kbu\/wp-json\/wp\/v2\/users\/1"}],"replies":[{"embeddable":true,"href":"https:\/\/www.disquitos.fi\/kbu\/wp-json\/wp\/v2\/comments?post=599"}],"version-history":[{"count":1,"href":"https:\/\/www.disquitos.fi\/kbu\/wp-json\/wp\/v2\/pages\/599\/revisions"}],"predecessor-version":[{"id":1003,"href":"https:\/\/www.disquitos.fi\/kbu\/wp-json\/wp\/v2\/pages\/599\/revisions\/1003"}],"up":[{"embeddable":true,"href":"https:\/\/www.disquitos.fi\/kbu\/wp-json\/wp\/v2\/pages\/130"}],"wp:attachment":[{"href":"https:\/\/www.disquitos.fi\/kbu\/wp-json\/wp\/v2\/media?parent=599"}],"curies":[{"name":"wp","href":"https:\/\/api.w.org\/{rel}","templated":true}]}}