{"id":52,"date":"2011-06-16T21:16:47","date_gmt":"2011-06-16T19:16:47","guid":{"rendered":"http:\/\/kalajokibeachultimate.wordpress.com\/?page_id=52"},"modified":"2024-07-04T11:26:30","modified_gmt":"2024-07-04T08:26:30","slug":"tapahtuma-alue","status":"publish","type":"page","link":"https:\/\/www.disquitos.fi\/kbu\/tapahtuma-alue\/","title":{"rendered":"Alue"},"content":{"rendered":"<p>Kalajoki Beach Ultimate j\u00e4rjestet\u00e4\u00e4n yhdess\u00e4 <a title=\"Dyyni Dance Barin\" href=\"http:\/\/www.hiekkadyyni.fi\/\">Dyyni Dance Barin<\/a> kanssa l\u00e4heisell\u00e4 hiekka-alueella. Alueella on info-piste, sek\u00e4 kent\u00e4t. Alueen ymp\u00e4rill\u00e4 on yksi Suomen parhaista <a href=\"http:\/\/frisbeegolfradat.fi\/rata\/hiekkasarkat_kalajoki\">Frisbeegolf &#8211; radoista<\/a>.<\/p>\n<p><strong>Kartta<\/strong><\/p>\n<div id=\"attachment_96\" style=\"width: 614px\" class=\"wp-caption aligncenter\"><a href=\"http:\/\/www.disquitos.fi\/kbu\/wp-content\/uploads\/2011\/06\/untitled.png\"><img loading=\"lazy\" decoding=\"async\" aria-describedby=\"caption-attachment-96\" class=\"size-large wp-image-96 \" title=\"Kartta\" src=\"http:\/\/www.disquitos.fi\/kbu\/wp-content\/uploads\/2011\/06\/untitled.png?w=1024\" alt=\"\" width=\"614\" height=\"401\" srcset=\"https:\/\/www.disquitos.fi\/kbu\/wp-content\/uploads\/2011\/06\/untitled.png 1613w, https:\/\/www.disquitos.fi\/kbu\/wp-content\/uploads\/2011\/06\/untitled-300x196.png 300w, https:\/\/www.disquitos.fi\/kbu\/wp-content\/uploads\/2011\/06\/untitled-768x502.png 768w, https:\/\/www.disquitos.fi\/kbu\/wp-content\/uploads\/2011\/06\/untitled-1024x670.png 1024w\" sizes=\"auto, (max-width: 614px) 100vw, 614px\" \/><\/a><p id=\"caption-attachment-96\" class=\"wp-caption-text\">Kartta KBU:n alueesta<\/p><\/div>\n<div>\n<address>Ravintola Dyyni<\/address>\n<address>Dyynitie 4<\/address>\n<address>85100 Kalajoki<\/address>\n<address>\u00a0<\/address>\n<\/div>\n<div><strong>Majoitus<\/strong><\/div>\n<p>Tapahtuma paikan v\u00e4litt\u00f6m\u00e4ss\u00e4 l\u00e4heisyydess\u00e4 sijaitsee Hiekkas\u00e4rkkien Camping (Top Camping). Leirint\u00e4-alueella on esimerkiksi 2h, 4h, 6h ja 9h m\u00f6kkej\u00e4. Lis\u00e4tietoja t\u00e4\u00e4lt\u00e4:\u00a0<a title=\"http:\/\/www.camping-hiekkasarkat.fi\/\" href=\"http:\/\/www.camping-hiekkasarkat.fi\/\">http:\/\/www.camping-hiekkasarkat.fi\/.<\/a><\/p>\n<p>Ota ajoissa yhteytt\u00e4 tapahtumaj\u00e4rjest\u00e4jiin, jos haluat majoittua yhteismajoitukseen.<\/p>\n<div><strong>Ruokailu ja Kauppa<br \/>\n<\/strong><\/div>\n<p>Aluella on useita ravintoloita. Lis\u00e4ksi leirint\u00e4-alueelta l\u00f6ytyy my\u00f6s ravintolapalveluita, ruuanlaitto ja grillaus-paikkoja sek\u00e4 pieni kauppa. Kaikille tuttu ABC huoltoasema ravintolapalveluineen ja kauppoineen sijaitsee k\u00e4velymatkan p\u00e4\u00e4ss\u00e4 8-tien liittym\u00e4ss\u00e4.<\/p>\n<div><strong>Kuvia alueelta<\/strong><\/div>\n\n\t\t<style type=\"text\/css\">\n\t\t\t#gallery-1 {\n\t\t\t\tmargin: auto;\n\t\t\t}\n\t\t\t#gallery-1 .gallery-item {\n\t\t\t\tfloat: left;\n\t\t\t\tmargin-top: 10px;\n\t\t\t\ttext-align: center;\n\t\t\t\twidth: 33%;\n\t\t\t}\n\t\t\t#gallery-1 img {\n\t\t\t\tborder: 2px solid #cfcfcf;\n\t\t\t}\n\t\t\t#gallery-1 .gallery-caption {\n\t\t\t\tmargin-left: 0;\n\t\t\t}\n\t\t\t\/* see gallery_shortcode() in wp-includes\/media.php *\/\n\t\t<\/style>\n\t\t<div id='gallery-1' class='gallery galleryid-52 gallery-columns-3 gallery-size-thumbnail'><dl class='gallery-item'>\n\t\t\t<dt class='gallery-icon landscape'>\n\t\t\t\t<a href='https:\/\/www.disquitos.fi\/kbu\/tapahtuma-alue\/img_0051\/'><img loading=\"lazy\" decoding=\"async\" width=\"150\" height=\"150\" src=\"https:\/\/www.disquitos.fi\/kbu\/wp-content\/uploads\/2011\/06\/img_0051-150x150.jpg\" class=\"attachment-thumbnail size-thumbnail\" alt=\"\" srcset=\"https:\/\/www.disquitos.fi\/kbu\/wp-content\/uploads\/2011\/06\/img_0051-150x150.jpg 150w, https:\/\/www.disquitos.fi\/kbu\/wp-content\/uploads\/2011\/06\/img_0051-100x100.jpg 100w\" sizes=\"auto, (max-width: 150px) 100vw, 150px\" \/><\/a>\n\t\t\t<\/dt><\/dl><dl class='gallery-item'>\n\t\t\t<dt class='gallery-icon landscape'>\n\t\t\t\t<a href='https:\/\/www.disquitos.fi\/kbu\/tapahtuma-alue\/img_0058\/'><img loading=\"lazy\" decoding=\"async\" width=\"150\" height=\"150\" src=\"https:\/\/www.disquitos.fi\/kbu\/wp-content\/uploads\/2011\/06\/img_0058-150x150.jpg\" class=\"attachment-thumbnail size-thumbnail\" alt=\"\" srcset=\"https:\/\/www.disquitos.fi\/kbu\/wp-content\/uploads\/2011\/06\/img_0058-150x150.jpg 150w, https:\/\/www.disquitos.fi\/kbu\/wp-content\/uploads\/2011\/06\/img_0058-100x100.jpg 100w\" sizes=\"auto, (max-width: 150px) 100vw, 150px\" \/><\/a>\n\t\t\t<\/dt><\/dl><dl class='gallery-item'>\n\t\t\t<dt class='gallery-icon portrait'>\n\t\t\t\t<a href='https:\/\/www.disquitos.fi\/kbu\/tapahtuma-alue\/img_0059\/'><img loading=\"lazy\" decoding=\"async\" width=\"150\" height=\"150\" src=\"https:\/\/www.disquitos.fi\/kbu\/wp-content\/uploads\/2011\/06\/img_0059-150x150.jpg\" class=\"attachment-thumbnail size-thumbnail\" alt=\"\" srcset=\"https:\/\/www.disquitos.fi\/kbu\/wp-content\/uploads\/2011\/06\/img_0059-150x150.jpg 150w, https:\/\/www.disquitos.fi\/kbu\/wp-content\/uploads\/2011\/06\/img_0059-100x100.jpg 100w\" sizes=\"auto, (max-width: 150px) 100vw, 150px\" \/><\/a>\n\t\t\t<\/dt><\/dl><br style=\"clear: both\" \/><dl class='gallery-item'>\n\t\t\t<dt class='gallery-icon portrait'>\n\t\t\t\t<a href='https:\/\/www.disquitos.fi\/kbu\/tapahtuma-alue\/img_0062\/'><img loading=\"lazy\" decoding=\"async\" width=\"150\" height=\"150\" src=\"https:\/\/www.disquitos.fi\/kbu\/wp-content\/uploads\/2011\/06\/img_0062-150x150.jpg\" class=\"attachment-thumbnail size-thumbnail\" alt=\"\" srcset=\"https:\/\/www.disquitos.fi\/kbu\/wp-content\/uploads\/2011\/06\/img_0062-150x150.jpg 150w, https:\/\/www.disquitos.fi\/kbu\/wp-content\/uploads\/2011\/06\/img_0062-100x100.jpg 100w\" sizes=\"auto, (max-width: 150px) 100vw, 150px\" \/><\/a>\n\t\t\t<\/dt><\/dl><dl class='gallery-item'>\n\t\t\t<dt class='gallery-icon landscape'>\n\t\t\t\t<a href='https:\/\/www.disquitos.fi\/kbu\/tapahtuma-alue\/img_0066\/'><img loading=\"lazy\" decoding=\"async\" width=\"150\" height=\"150\" src=\"https:\/\/www.disquitos.fi\/kbu\/wp-content\/uploads\/2011\/06\/img_0066-150x150.jpg\" class=\"attachment-thumbnail size-thumbnail\" alt=\"\" srcset=\"https:\/\/www.disquitos.fi\/kbu\/wp-content\/uploads\/2011\/06\/img_0066-150x150.jpg 150w, https:\/\/www.disquitos.fi\/kbu\/wp-content\/uploads\/2011\/06\/img_0066-100x100.jpg 100w\" sizes=\"auto, (max-width: 150px) 100vw, 150px\" \/><\/a>\n\t\t\t<\/dt><\/dl><dl class='gallery-item'>\n\t\t\t<dt class='gallery-icon portrait'>\n\t\t\t\t<a href='https:\/\/www.disquitos.fi\/kbu\/tapahtuma-alue\/img_0067\/'><img loading=\"lazy\" decoding=\"async\" width=\"150\" height=\"150\" src=\"https:\/\/www.disquitos.fi\/kbu\/wp-content\/uploads\/2011\/06\/img_0067-150x150.jpg\" class=\"attachment-thumbnail size-thumbnail\" alt=\"\" srcset=\"https:\/\/www.disquitos.fi\/kbu\/wp-content\/uploads\/2011\/06\/img_0067-150x150.jpg 150w, https:\/\/www.disquitos.fi\/kbu\/wp-content\/uploads\/2011\/06\/img_0067-100x100.jpg 100w\" sizes=\"auto, (max-width: 150px) 100vw, 150px\" \/><\/a>\n\t\t\t<\/dt><\/dl><br style=\"clear: both\" \/><dl class='gallery-item'>\n\t\t\t<dt class='gallery-icon portrait'>\n\t\t\t\t<a href='https:\/\/www.disquitos.fi\/kbu\/tapahtuma-alue\/img_0070\/'><img loading=\"lazy\" decoding=\"async\" width=\"150\" height=\"150\" src=\"https:\/\/www.disquitos.fi\/kbu\/wp-content\/uploads\/2011\/06\/img_0070-150x150.jpg\" class=\"attachment-thumbnail size-thumbnail\" alt=\"\" srcset=\"https:\/\/www.disquitos.fi\/kbu\/wp-content\/uploads\/2011\/06\/img_0070-150x150.jpg 150w, https:\/\/www.disquitos.fi\/kbu\/wp-content\/uploads\/2011\/06\/img_0070-100x100.jpg 100w\" sizes=\"auto, (max-width: 150px) 100vw, 150px\" \/><\/a>\n\t\t\t<\/dt><\/dl><dl class='gallery-item'>\n\t\t\t<dt class='gallery-icon landscape'>\n\t\t\t\t<a href='https:\/\/www.disquitos.fi\/kbu\/tapahtuma-alue\/img_0052\/'><img loading=\"lazy\" decoding=\"async\" width=\"150\" height=\"150\" src=\"https:\/\/www.disquitos.fi\/kbu\/wp-content\/uploads\/2011\/06\/img_0052-150x150.jpg\" class=\"attachment-thumbnail size-thumbnail\" alt=\"\" srcset=\"https:\/\/www.disquitos.fi\/kbu\/wp-content\/uploads\/2011\/06\/img_0052-150x150.jpg 150w, https:\/\/www.disquitos.fi\/kbu\/wp-content\/uploads\/2011\/06\/img_0052-100x100.jpg 100w\" sizes=\"auto, (max-width: 150px) 100vw, 150px\" \/><\/a>\n\t\t\t<\/dt><\/dl><dl class='gallery-item'>\n\t\t\t<dt class='gallery-icon landscape'>\n\t\t\t\t<a href='https:\/\/www.disquitos.fi\/kbu\/tapahtuma-alue\/img_0063\/'><img loading=\"lazy\" decoding=\"async\" width=\"150\" height=\"150\" src=\"https:\/\/www.disquitos.fi\/kbu\/wp-content\/uploads\/2011\/06\/img_0063-150x150.jpg\" class=\"attachment-thumbnail size-thumbnail\" alt=\"\" srcset=\"https:\/\/www.disquitos.fi\/kbu\/wp-content\/uploads\/2011\/06\/img_0063-150x150.jpg 150w, https:\/\/www.disquitos.fi\/kbu\/wp-content\/uploads\/2011\/06\/img_0063-100x100.jpg 100w\" sizes=\"auto, (max-width: 150px) 100vw, 150px\" \/><\/a>\n\t\t\t<\/dt><\/dl><br style=\"clear: both\" \/><dl class='gallery-item'>\n\t\t\t<dt class='gallery-icon landscape'>\n\t\t\t\t<a href='https:\/\/www.disquitos.fi\/kbu\/tapahtuma-alue\/untitled\/'><img loading=\"lazy\" decoding=\"async\" width=\"150\" height=\"150\" src=\"https:\/\/www.disquitos.fi\/kbu\/wp-content\/uploads\/2011\/06\/untitled-150x150.png\" class=\"attachment-thumbnail size-thumbnail\" alt=\"\" aria-describedby=\"gallery-1-96\" srcset=\"https:\/\/www.disquitos.fi\/kbu\/wp-content\/uploads\/2011\/06\/untitled-150x150.png 150w, https:\/\/www.disquitos.fi\/kbu\/wp-content\/uploads\/2011\/06\/untitled-100x100.png 100w\" sizes=\"auto, (max-width: 150px) 100vw, 150px\" \/><\/a>\n\t\t\t<\/dt>\n\t\t\t\t<dd class='wp-caption-text gallery-caption' id='gallery-1-96'>\n\t\t\t\tKartta KBU:n alueesta\n\t\t\t\t<\/dd><\/dl>\n\t\t\t<br style='clear: both' \/>\n\t\t<\/div>\n\n","protected":false},"excerpt":{"rendered":"<p>Kalajoki Beach Ultimate j\u00e4rjestet\u00e4\u00e4n yhdess\u00e4 Dyyni Dance Barin kanssa l\u00e4heisell\u00e4 hiekka-alueella. Alueella on info-piste, sek\u00e4 kent\u00e4t. Alueen ymp\u00e4rill\u00e4 on yksi Suomen parhaista Frisbeegolf &#8211; radoista. Kartta Ravintola Dyyni Dyynitie 4 85100 Kalajoki \u00a0 Majoitus Tapahtuma paikan v\u00e4litt\u00f6m\u00e4ss\u00e4 l\u00e4heisyydess\u00e4 sijaitsee Hiekkas\u00e4rkkien Camping (Top Camping). Leirint\u00e4-alueella on esimerkiksi 2h, 4h, 6h ja 9h m\u00f6kkej\u00e4. Lis\u00e4tietoja t\u00e4\u00e4lt\u00e4:\u00a0http:\/\/www.camping-hiekkasarkat.fi\/. Ota &hellip; <\/p>\n<p><a class=\"more-link btn\" href=\"https:\/\/www.disquitos.fi\/kbu\/tapahtuma-alue\/\">Jatka lukemista<\/a><\/p>\n","protected":false},"author":1,"featured_media":0,"parent":0,"menu_order":0,"comment_status":"closed","ping_status":"closed","template":"","meta":{"footnotes":""},"class_list":["post-52","page","type-page","status-publish","hentry","nodate","item-wrap"],"_links":{"self":[{"href":"https:\/\/www.disquitos.fi\/kbu\/wp-json\/wp\/v2\/pages\/52","targetHints":{"allow":["GET"]}}],"collection":[{"href":"https:\/\/www.disquitos.fi\/kbu\/wp-json\/wp\/v2\/pages"}],"about":[{"href":"https:\/\/www.disquitos.fi\/kbu\/wp-json\/wp\/v2\/types\/page"}],"author":[{"embeddable":true,"href":"https:\/\/www.disquitos.fi\/kbu\/wp-json\/wp\/v2\/users\/1"}],"replies":[{"embeddable":true,"href":"https:\/\/www.disquitos.fi\/kbu\/wp-json\/wp\/v2\/comments?post=52"}],"version-history":[{"count":1,"href":"https:\/\/www.disquitos.fi\/kbu\/wp-json\/wp\/v2\/pages\/52\/revisions"}],"predecessor-version":[{"id":1205,"href":"https:\/\/www.disquitos.fi\/kbu\/wp-json\/wp\/v2\/pages\/52\/revisions\/1205"}],"wp:attachment":[{"href":"https:\/\/www.disquitos.fi\/kbu\/wp-json\/wp\/v2\/media?parent=52"}],"curies":[{"name":"wp","href":"https:\/\/api.w.org\/{rel}","templated":true}]}}