{"id":495,"date":"2015-08-02T20:23:54","date_gmt":"2015-08-02T17:23:54","guid":{"rendered":"https:\/\/kalajokibeachultimate.wordpress.com\/?page_id=495"},"modified":"2019-07-15T11:34:32","modified_gmt":"2019-07-15T08:34:32","slug":"2015-2","status":"publish","type":"page","link":"https:\/\/www.disquitos.fi\/kbu\/tulokset\/2015-2\/","title":{"rendered":"2015"},"content":{"rendered":"<p><strong>Vuoden 2015 sijoitukset (spiritpistekeskiarvo)<\/strong><\/p>\n<ol>\n<li>Punainen (15p)<\/li>\n<li>Violetti (15.43p)<\/li>\n<li>Musta (15.86p)<\/li>\n<li>Pinkki (14.81p)<\/li>\n<li>Vihre\u00e4 (16.57p)<\/li>\n<li>Sininen (16p)<\/li>\n<li>Valkoinen (15.21p)<\/li>\n<\/ol>\n<p><strong>Spirit-voittajajoukkue:<\/strong> Vihre\u00e4<strong><br \/>\nArvokkain pelaaja:<\/strong> Pekka Kauhanen<br \/>\n<strong>Paras Dyykkaaja: <\/strong>Valtteri Kangasm\u00e4ki<\/p>\n<h3>Pelit<\/h3>\n<p><strong>Alkusarja<\/strong><\/p>\n<table border=\"0\" cellspacing=\"0\">\n<tbody>\n<tr>\n<td align=\"LEFT\" height=\"19\"><b>Joukkue<\/b><\/td>\n<td align=\"LEFT\"><b>Voitot<\/b><\/td>\n<td align=\"LEFT\"><b>Tappiot<\/b><\/td>\n<\/tr>\n<tr>\n<td align=\"LEFT\" height=\"19\">Punainen<\/td>\n<td align=\"RIGHT\">6<\/td>\n<td align=\"RIGHT\">0<\/td>\n<\/tr>\n<tr>\n<td align=\"LEFT\" height=\"19\">Violetti<\/td>\n<td align=\"RIGHT\">5<\/td>\n<td align=\"RIGHT\">1<\/td>\n<\/tr>\n<tr>\n<td align=\"LEFT\" height=\"19\">Musta<\/td>\n<td align=\"RIGHT\">3<\/td>\n<td align=\"RIGHT\">3<\/td>\n<\/tr>\n<tr>\n<td align=\"LEFT\" height=\"19\">Pinkki<\/td>\n<td align=\"RIGHT\">2<\/td>\n<td align=\"RIGHT\">4<\/td>\n<\/tr>\n<tr>\n<td align=\"LEFT\" height=\"19\">Vihre\u00e4<\/td>\n<td align=\"RIGHT\">2<\/td>\n<td align=\"RIGHT\">4<\/td>\n<\/tr>\n<tr>\n<td align=\"LEFT\" height=\"19\">Sininen<\/td>\n<td align=\"RIGHT\">2<\/td>\n<td align=\"RIGHT\">4<\/td>\n<\/tr>\n<tr>\n<td align=\"LEFT\" height=\"19\">Valkoinen<\/td>\n<td align=\"RIGHT\">1<\/td>\n<td align=\"RIGHT\">5<\/td>\n<\/tr>\n<\/tbody>\n<\/table>\n<p>Valkoinen &#8211; <strong>Musta<\/strong> 3\u20134<br \/>\n<strong>Violetti<\/strong> &#8211; Pinkki 5\u20133<br \/>\n<strong>Punainen<\/strong> &#8211; Sininen &#8211;<\/p>\n<p>Pinkki &#8211; <strong>Valkoinen<\/strong> &#8211;<br \/>\nSininen &#8211; <strong>Violetti<\/strong> 3\u20135<br \/>\nVihre\u00e4 &#8211; <strong>Punainen<\/strong> &#8211;<\/p>\n<p>Valkoinen &#8211; <strong>Sininen<\/strong> 3\u20134<br \/>\nMusta &#8211; <strong>Violetti<\/strong> 3\u20136<br \/>\n<strong>Pinkki<\/strong> &#8211; Vihre\u00e4 &#8211;<\/p>\n<p><strong>Vihre\u00e4<\/strong> &#8211; Valkoinen 4\u20132<br \/>\n<strong>Punainen<\/strong> &#8211; Violetti 5\u20132<br \/>\n<strong>Sininen<\/strong> &#8211; Musta &#8211;<\/p>\n<p>Valkoinen &#8211; <strong>Punainen<\/strong> 3\u20135<br \/>\nSininen &#8211; <strong>Vihre\u00e4<\/strong> 1\u20133<br \/>\nPinkki &#8211; <strong>Musta<\/strong> &#8211;<\/p>\n<p><strong>Violetti<\/strong> &#8211; Valkoinen 5\u20133<br \/>\nVihre\u00e4 &#8211; <strong>Musta<\/strong> 4\u20135<br \/>\n<strong>Punainen<\/strong> &#8211; Pinkki &#8211;<\/p>\n<p><strong>Pinkki<\/strong> &#8211; Sininen 5\u20132<br \/>\nMusta &#8211; <strong>Punainen<\/strong> 2\u20135<br \/>\n<strong>Violetti<\/strong> &#8211; Vihre\u00e4 &#8211;<\/p>\n<p><strong>Sijat 5-7<\/strong><br \/>\n5. <strong>Vihre\u00e4<\/strong> &#8211; 6. Sininen &#8211;<br \/>\n5. <strong>Vihre\u00e4<\/strong> &#8211; 7. Valkoinen &#8211;<br \/>\n6. <strong>Sininen<\/strong> &#8211; 7. Valkoinen &#8211;<\/p>\n<p><strong>Pudotuspelit<\/strong><br \/>\n1. <strong>Punainen<\/strong> &#8211; 4. Pinkki 7\u20133<br \/>\n2. <strong>Violetti<\/strong> &#8211; 3. Musta &#8211;<\/p>\n<p>Pronssiottelu: Pinkki &#8211; <strong>Musta<\/strong> 4\u20136<br \/>\nFinaali: <strong>Punainen<\/strong> &#8211; Violetti 4\u20133<\/p>\n<h3>Joukkueet<\/h3>\n<p><strong>Valkoinen:<\/strong><\/p>\n<p><a href=\"http:\/\/www.disquitos.fi\/kbu\/wp-content\/uploads\/2015\/08\/kbu2015_joukkuekuva_valkoinen.jpg\"><img loading=\"lazy\" decoding=\"async\" class=\" wp-image-503 alignright\" src=\"http:\/\/www.disquitos.fi\/kbu\/wp-content\/uploads\/2015\/08\/kbu2015_joukkuekuva_valkoinen.jpg?w=300\" alt=\"Joukkuekuva: Valkoinen\" width=\"299\" height=\"299\" srcset=\"https:\/\/www.disquitos.fi\/kbu\/wp-content\/uploads\/2015\/08\/kbu2015_joukkuekuva_valkoinen.jpg 612w, https:\/\/www.disquitos.fi\/kbu\/wp-content\/uploads\/2015\/08\/kbu2015_joukkuekuva_valkoinen-150x150.jpg 150w, https:\/\/www.disquitos.fi\/kbu\/wp-content\/uploads\/2015\/08\/kbu2015_joukkuekuva_valkoinen-300x300.jpg 300w, https:\/\/www.disquitos.fi\/kbu\/wp-content\/uploads\/2015\/08\/kbu2015_joukkuekuva_valkoinen-100x100.jpg 100w\" sizes=\"auto, (max-width: 299px) 100vw, 299px\" \/><\/a> Jimi Airistola<br \/>\nMiikka Keski-S\u00e4ntti<br \/>\nMatti Kanervo<br \/>\nTuuli Pohjola<br \/>\nTuomas Oukka<br \/>\nJaakko Tuominen<br \/>\nTomi Hautala<br \/>\nHanna Ruotsalainen<\/p>\n<p>Kuva: Ville Arvio<\/p>\n<p><strong>Musta:<\/strong><br \/>\nJanne Havinen<br \/>\nValtteri Tarvus<br \/>\nJuha Julkunen<br \/>\nGetten Haas<br \/>\nNiko P\u00e4\u00e4kk\u00f6nen<br \/>\nMiikka Sulonen<br \/>\nJenna Perunka<\/p>\n<p><strong>Violetti:<\/strong><br \/>\nJuha Santtila<br \/>\nJuho Rajala<br \/>\nValtteri Kuuranne<br \/>\nKirsi Pietil\u00e4<br \/>\nJuha Kastu<br \/>\nHenri N\u00e4yr\u00e4<br \/>\nKati-Mari Kakko<\/p>\n<p><strong>Pinkki:<\/strong><br \/>\nAntti Wiklund<br \/>\nTapio Moilanen<br \/>\nVille Arvio<br \/>\nAnni Moilanen<br \/>\nLauri Raittila<br \/>\nTero Saastamoinen<br \/>\nSuvi-Maria Nurmi<br \/>\nDongJo Kim<\/p>\n<p><strong>Punainen:<\/strong><\/p>\n<p><a href=\"http:\/\/www.disquitos.fi\/kbu\/wp-content\/uploads\/2015\/08\/kbu2015_joukkuekuva_punainen.jpg\"><img loading=\"lazy\" decoding=\"async\" class=\"size-medium wp-image-504 alignright\" src=\"http:\/\/www.disquitos.fi\/kbu\/wp-content\/uploads\/2015\/08\/kbu2015_joukkuekuva_punainen.jpg?w=300\" alt=\"Joukkuekuva: Punainen\" width=\"300\" height=\"300\" srcset=\"https:\/\/www.disquitos.fi\/kbu\/wp-content\/uploads\/2015\/08\/kbu2015_joukkuekuva_punainen.jpg 1024w, https:\/\/www.disquitos.fi\/kbu\/wp-content\/uploads\/2015\/08\/kbu2015_joukkuekuva_punainen-150x150.jpg 150w, https:\/\/www.disquitos.fi\/kbu\/wp-content\/uploads\/2015\/08\/kbu2015_joukkuekuva_punainen-300x300.jpg 300w, https:\/\/www.disquitos.fi\/kbu\/wp-content\/uploads\/2015\/08\/kbu2015_joukkuekuva_punainen-768x768.jpg 768w, https:\/\/www.disquitos.fi\/kbu\/wp-content\/uploads\/2015\/08\/kbu2015_joukkuekuva_punainen-100x100.jpg 100w\" sizes=\"auto, (max-width: 300px) 100vw, 300px\" \/><\/a> Pekka Kauhanen<br \/>\nEsa Saksola<br \/>\nValtteri Kangasm\u00e4ki<br \/>\nElli Hirvonen<br \/>\nTero Kontkanen<br \/>\nJaakko Julkunen<br \/>\nSini Kiprianoff<\/p>\n<p>Kuva: Ville Arvio<\/p>\n<p><strong>Vihre\u00e4:<\/strong><br \/>\nAki Ropo<br \/>\nVille Tuhkanen<br \/>\nTeemu Ritvanen<br \/>\nJonna Hepa-Aho<br \/>\nJukka Raimovaara<br \/>\nMatti Hokkanen<br \/>\nNiko Pisil\u00e4<\/p>\n<p><strong>Sininen:<\/strong><br \/>\nMarkku Kulmunki<br \/>\nEemil Wallenius<br \/>\nAntero Heikkinen<br \/>\nMinna Kauppi<br \/>\nJuha Hanhisuanto<br \/>\nTiia Junnikkala<\/p>\n","protected":false},"excerpt":{"rendered":"<p>Vuoden 2015 sijoitukset (spiritpistekeskiarvo) Punainen (15p) Violetti (15.43p) Musta (15.86p) Pinkki (14.81p) Vihre\u00e4 (16.57p) Sininen (16p) Valkoinen (15.21p) Spirit-voittajajoukkue: Vihre\u00e4 Arvokkain pelaaja: Pekka Kauhanen Paras Dyykkaaja: Valtteri Kangasm\u00e4ki Pelit Alkusarja Joukkue Voitot Tappiot Punainen 6 0 Violetti 5 1 Musta 3 3 Pinkki 2 4 Vihre\u00e4 2 4 Sininen 2 4 Valkoinen 1 5 Valkoinen &hellip; <\/p>\n<p><a class=\"more-link btn\" href=\"https:\/\/www.disquitos.fi\/kbu\/tulokset\/2015-2\/\">Jatka lukemista<\/a><\/p>\n","protected":false},"author":1,"featured_media":0,"parent":130,"menu_order":96,"comment_status":"closed","ping_status":"closed","template":"","meta":{"footnotes":""},"class_list":["post-495","page","type-page","status-publish","hentry","nodate","item-wrap"],"_links":{"self":[{"href":"https:\/\/www.disquitos.fi\/kbu\/wp-json\/wp\/v2\/pages\/495","targetHints":{"allow":["GET"]}}],"collection":[{"href":"https:\/\/www.disquitos.fi\/kbu\/wp-json\/wp\/v2\/pages"}],"about":[{"href":"https:\/\/www.disquitos.fi\/kbu\/wp-json\/wp\/v2\/types\/page"}],"author":[{"embeddable":true,"href":"https:\/\/www.disquitos.fi\/kbu\/wp-json\/wp\/v2\/users\/1"}],"replies":[{"embeddable":true,"href":"https:\/\/www.disquitos.fi\/kbu\/wp-json\/wp\/v2\/comments?post=495"}],"version-history":[{"count":1,"href":"https:\/\/www.disquitos.fi\/kbu\/wp-json\/wp\/v2\/pages\/495\/revisions"}],"predecessor-version":[{"id":1002,"href":"https:\/\/www.disquitos.fi\/kbu\/wp-json\/wp\/v2\/pages\/495\/revisions\/1002"}],"up":[{"embeddable":true,"href":"https:\/\/www.disquitos.fi\/kbu\/wp-json\/wp\/v2\/pages\/130"}],"wp:attachment":[{"href":"https:\/\/www.disquitos.fi\/kbu\/wp-json\/wp\/v2\/media?parent=495"}],"curies":[{"name":"wp","href":"https:\/\/api.w.org\/{rel}","templated":true}]}}