{"id":422,"date":"2014-07-14T09:28:07","date_gmt":"2014-07-14T06:28:07","guid":{"rendered":"http:\/\/kalajokibeachultimate.wordpress.com\/?page_id=422"},"modified":"2019-07-15T11:34:28","modified_gmt":"2019-07-15T08:34:28","slug":"2014-2","status":"publish","type":"page","link":"https:\/\/www.disquitos.fi\/kbu\/tulokset\/2014-2\/","title":{"rendered":"2014"},"content":{"rendered":"<p><strong>Vuoden 2014 sijoitukset (spirit-pistekeskiarvo):<\/strong><\/p>\n<ol>\n<li>Sinilev\u00e4 (11.0 p)<\/li>\n<li>NeonPukki (13.2 p)<\/li>\n<li>Paloauto (12.8 p)<\/li>\n<li>Joutsen (13.8 p)<\/li>\n<li>Achtung (13.5 p)<\/li>\n<li>Kulmakartio (11.9 p)<\/li>\n<li>Mustat Hiilet (13.0 p)<\/li>\n<li>Violetti Viini (9.0 p)<\/li>\n<li>Pantterit (12.5 p)<\/li>\n<li>Raajarikot (14.4 p)<\/li>\n<li>Ikivihre\u00e4 (13.6 p)<\/li>\n<\/ol>\n<p><strong><strong>Spirit-voittajajoukkue:<\/strong> <\/strong>Raajarikot<strong><br \/>\nArvokkain pelaaja:<\/strong> Vivan Nyman<br \/>\n<strong>Paras Dyykkaaja: <\/strong>Teemu S\u00e4ilynoja<\/p>\n<figure class=\"wp-block-embed wp-block-embed-youtube is-type-video is-provider-youtube epyt-figure\"><div class=\"wp-block-embed__wrapper\"><iframe loading=\"lazy\"  id=\"_ytid_60281\"  width=\"750\" height=\"422\"  data-origwidth=\"750\" data-origheight=\"422\" src=\"https:\/\/www.youtube.com\/embed\/iXZuhrKq29I?enablejsapi=1&autoplay=0&cc_load_policy=0&cc_lang_pref=&iv_load_policy=1&loop=0&modestbranding=0&rel=1&fs=1&playsinline=0&autohide=2&theme=dark&color=red&controls=1&\" class=\"__youtube_prefs__  no-lazyload\" title=\"YouTube player\"  allow=\"fullscreen; accelerometer; autoplay; clipboard-write; encrypted-media; gyroscope; picture-in-picture\" allowfullscreen data-no-lazy=\"1\" data-skipgform_ajax_framebjll=\"\"><\/iframe><\/div><\/figure>\n<ul>\n<li><a href=\"http:\/\/rutanen.kuvat.fi\/kuvat\/Ultimate\/Kalajoki+Beach+Ultimate+2014\/\">Jani Rutasen ottamia kuvia<\/a><\/li>\n<li><a href=\"https:\/\/mega.co.nz\/#F!gkgzmTLJ!Vr8Mqw9eDQV6ZiNWP1rhkA\">Niko P\u00e4\u00e4kk\u00f6sen ottamia kuvia<\/a><\/li>\n<\/ul>\n<figure class=\"wp-block-embed wp-block-embed-youtube is-type-video is-provider-youtube epyt-figure\"><div class=\"wp-block-embed__wrapper\"><iframe loading=\"lazy\"  id=\"_ytid_91823\"  width=\"750\" height=\"422\"  data-origwidth=\"750\" data-origheight=\"422\" src=\"https:\/\/www.youtube.com\/embed\/qWMEGyxYvz4?enablejsapi=1&autoplay=0&cc_load_policy=0&cc_lang_pref=&iv_load_policy=1&loop=0&modestbranding=0&rel=1&fs=1&playsinline=0&autohide=2&theme=dark&color=red&controls=1&\" class=\"__youtube_prefs__  no-lazyload\" title=\"YouTube player\"  allow=\"fullscreen; accelerometer; autoplay; clipboard-write; encrypted-media; gyroscope; picture-in-picture\" allowfullscreen data-no-lazy=\"1\" data-skipgform_ajax_framebjll=\"\"><\/iframe><\/div><\/figure>\n<h3>Pelit<\/h3>\n<p><strong>Lohko A<\/strong><\/p>\n<table border=\"0\" cellspacing=\"0\">\n<tbody>\n<tr>\n<td align=\"LEFT\" height=\"19\"><b>Joukkue<\/b><\/td>\n<td align=\"LEFT\"><b>Voitot<\/b><\/td>\n<td align=\"LEFT\"><b>Tappiot<\/b><\/td>\n<td align=\"LEFT\"><b>Tehdyt<\/b><\/td>\n<td align=\"LEFT\"><b>P\u00e4\u00e4stetyt<\/b><\/td>\n<td align=\"LEFT\"><b>Maaliero<\/b><\/td>\n<\/tr>\n<tr>\n<td align=\"LEFT\" height=\"19\">NeonPukki<\/td>\n<td align=\"RIGHT\">3<\/td>\n<td align=\"RIGHT\">2<\/td>\n<td align=\"RIGHT\">18<\/td>\n<td align=\"RIGHT\">19<\/td>\n<td align=\"RIGHT\">-1<\/td>\n<\/tr>\n<tr>\n<td align=\"LEFT\" height=\"19\">Sinilev\u00e4<\/td>\n<td align=\"RIGHT\">3<\/td>\n<td align=\"RIGHT\">2<\/td>\n<td align=\"RIGHT\">24<\/td>\n<td align=\"RIGHT\">19<\/td>\n<td align=\"RIGHT\">5<\/td>\n<\/tr>\n<tr>\n<td align=\"LEFT\" height=\"19\">Kulmakartiot<\/td>\n<td align=\"RIGHT\">3<\/td>\n<td align=\"RIGHT\">2<\/td>\n<td align=\"RIGHT\">24<\/td>\n<td align=\"RIGHT\">18<\/td>\n<td align=\"RIGHT\">6<\/td>\n<\/tr>\n<tr>\n<td align=\"LEFT\" height=\"19\">Achtung<\/td>\n<td align=\"RIGHT\">3<\/td>\n<td align=\"RIGHT\">2<\/td>\n<td align=\"RIGHT\">22<\/td>\n<td align=\"RIGHT\">17<\/td>\n<td align=\"RIGHT\">5<\/td>\n<\/tr>\n<tr>\n<td align=\"LEFT\" height=\"19\">Ikivihre\u00e4<\/td>\n<td align=\"RIGHT\">2<\/td>\n<td align=\"RIGHT\">3<\/td>\n<td align=\"RIGHT\">21<\/td>\n<td align=\"RIGHT\">30<\/td>\n<td align=\"RIGHT\">-9<\/td>\n<\/tr>\n<tr>\n<td align=\"LEFT\" height=\"19\">Raajarikot<\/td>\n<td align=\"RIGHT\">1<\/td>\n<td align=\"RIGHT\">4<\/td>\n<td align=\"RIGHT\">18<\/td>\n<td align=\"RIGHT\">24<\/td>\n<td align=\"RIGHT\">-6<\/td>\n<\/tr>\n<\/tbody>\n<\/table>\n<p>NeonPukki &#8211; Achtung 1-5<br \/>\nIkivihre\u00e4 &#8211; Sinilev\u00e4 6-5<br \/>\nKulmakartiot &#8211; Raajarikot 7-2<br \/>\nAchtung &#8211; Kulmakartiot 4-5<br \/>\nSinilev\u00e4 &#8211; Raajarikot 6-3<br \/>\nIkivihre\u00e4 &#8211; NeonPukki 4-5<br \/>\nIkivihre\u00e4 &#8211; Achtung 3-7<br \/>\nSinilev\u00e4 &#8211; Kulmakartiot 5-2<br \/>\nNeonPukki &#8211; Raajarikot 1-5<br \/>\nSinilev\u00e4 &#8211; NeonPukki 3-6<br \/>\nAchtung &#8211; Raajarikot 4-3<br \/>\nIkivihre\u00e4 &#8211; Kulmakartiot 2-8<br \/>\nIkivihre\u00e4 &#8211; Raajarikot 6-5<br \/>\nNeonPukki &#8211; Kulmakartiot 5-2<br \/>\nSinilev\u00e4 &#8211; Achtung 5-2<\/p>\n<p><strong>Lohko B<\/strong><\/p>\n<table border=\"0\" cellspacing=\"0\">\n<tbody>\n<tr>\n<td align=\"LEFT\" height=\"19\"><b>Joukkue<\/b><\/td>\n<td align=\"LEFT\"><b>Voitot<\/b><\/td>\n<td align=\"LEFT\"><b>Tappiot<\/b><\/td>\n<td align=\"LEFT\"><b>Tehdyt<\/b><\/td>\n<td align=\"LEFT\"><b>P\u00e4\u00e4stetyt<\/b><\/td>\n<td align=\"LEFT\"><b>Maaliero<\/b><\/td>\n<\/tr>\n<tr>\n<td align=\"LEFT\" height=\"19\">Joutsen<\/td>\n<td align=\"RIGHT\">4<\/td>\n<td align=\"RIGHT\">0<\/td>\n<td align=\"RIGHT\">21<\/td>\n<td align=\"RIGHT\">12<\/td>\n<td align=\"RIGHT\">9<\/td>\n<\/tr>\n<tr>\n<td align=\"LEFT\" height=\"19\">Paloauto<\/td>\n<td align=\"RIGHT\">3<\/td>\n<td align=\"RIGHT\">1<\/td>\n<td align=\"RIGHT\">16<\/td>\n<td align=\"RIGHT\">10<\/td>\n<td align=\"RIGHT\">6<\/td>\n<\/tr>\n<tr>\n<td align=\"LEFT\" height=\"19\">Violetti Viini<\/td>\n<td align=\"RIGHT\">2<\/td>\n<td align=\"RIGHT\">2<\/td>\n<td align=\"RIGHT\">16<\/td>\n<td align=\"RIGHT\">14<\/td>\n<td align=\"RIGHT\">2<\/td>\n<\/tr>\n<tr>\n<td align=\"LEFT\" height=\"19\">Mustat Hiilet<\/td>\n<td align=\"RIGHT\">1<\/td>\n<td align=\"RIGHT\">3<\/td>\n<td align=\"RIGHT\">11<\/td>\n<td align=\"RIGHT\">17<\/td>\n<td align=\"RIGHT\">-6<\/td>\n<\/tr>\n<tr>\n<td align=\"LEFT\" height=\"19\">Pantterit<\/td>\n<td align=\"RIGHT\">0<\/td>\n<td align=\"RIGHT\">4<\/td>\n<td align=\"RIGHT\">9<\/td>\n<td align=\"RIGHT\">20<\/td>\n<td align=\"RIGHT\">-11<\/td>\n<\/tr>\n<\/tbody>\n<\/table>\n<p>Pantterit &#8211; Violetti Viini 4-5<br \/>\nMustat Hiilet &#8211; Joutsen 2-7<br \/>\nVioletti Viini &#8211; Paloauto 2-4<br \/>\nPantterit &#8211; Mustat Hiilet 1-5<br \/>\nMustat Hiilet &#8211; Paloauto 3-4<br \/>\nPantterit &#8211; Joutsen 3-5<br \/>\nPantterit &#8211; Paloauto 1-5<br \/>\nVioletti Viini &#8211; Joutsen 4-5<br \/>\nJoutsen &#8211; Paloauto 4-3<br \/>\nVioletti Viini &#8211; Mustat Hiilet 5-1<\/p>\n<p><strong>Pudotuspelit<\/strong><\/p>\n<p><strong>A1-B2:<\/strong> NeonPukki &#8211; Paloauto 5-3<br \/>\n<strong>B1-A2:<\/strong> Joutsen &#8211; Sinilev\u00e4 5-6<br \/>\n<strong>Finaali:<\/strong> Neonpukki &#8211; Sinilev\u00e4 3-4<br \/>\n<strong>Pronssi:<\/strong> Paloauto &#8211; Joutsen 5-1<\/p>\n<p><strong>A3-B4:<\/strong> Kulmakartio &#8211; Mustat Hiilet 5-4<br \/>\n<strong>B3-A4:<\/strong> Violetti Viini &#8211; Achtung 1-9<br \/>\n<strong>Sij. 5-6:<\/strong> Kulmakartio &#8211; Achtung 3-7<br \/>\n<strong>Sij. 7-8:<\/strong> Violetti Viini &#8211; Mustat Hiilet 3-5<\/p>\n<p><strong>Sij. 9.-11. (A5-B5):<\/strong> Ikivihre\u00e4 &#8211; Pantterit 2-4<br \/>\n<strong>Sij. 9.-11. (A6-B5):<\/strong> Raajarikot &#8211; Pantterit 2-3<br \/>\n<strong>Sij. 9.-11. (A5-A6):<\/strong> Ikivihre\u00e4 &#8211; Raajarikot 1-6<\/p>\n<p><a href=\"http:\/\/www.disquitos.fi\/kbu\/wp-content\/uploads\/2014\/07\/nauhat.jpg\"><img loading=\"lazy\" decoding=\"async\" class=\"aligncenter size-medium wp-image-432\" src=\"http:\/\/www.disquitos.fi\/kbu\/wp-content\/uploads\/2014\/07\/nauhat.jpg?w=300\" alt=\"nauhat\" width=\"300\" height=\"225\" srcset=\"https:\/\/www.disquitos.fi\/kbu\/wp-content\/uploads\/2014\/07\/nauhat.jpg 3264w, https:\/\/www.disquitos.fi\/kbu\/wp-content\/uploads\/2014\/07\/nauhat-300x225.jpg 300w, https:\/\/www.disquitos.fi\/kbu\/wp-content\/uploads\/2014\/07\/nauhat-768x576.jpg 768w, https:\/\/www.disquitos.fi\/kbu\/wp-content\/uploads\/2014\/07\/nauhat-1024x768.jpg 1024w\" sizes=\"auto, (max-width: 300px) 100vw, 300px\" \/><\/a><\/p>\n<h3>Joukkueet<\/h3>\n<p><strong>Sinilev\u00e4<\/strong> (sininen)<a href=\"http:\/\/www.disquitos.fi\/kbu\/wp-content\/uploads\/2014\/08\/sinileva1.jpg\"><img loading=\"lazy\" decoding=\"async\" class=\"alignright size-medium wp-image-453\" src=\"http:\/\/www.disquitos.fi\/kbu\/wp-content\/uploads\/2014\/08\/sinileva1.jpg?w=300\" alt=\"sinileva\" width=\"300\" height=\"200\" srcset=\"https:\/\/www.disquitos.fi\/kbu\/wp-content\/uploads\/2014\/08\/sinileva1.jpg 3872w, https:\/\/www.disquitos.fi\/kbu\/wp-content\/uploads\/2014\/08\/sinileva1-300x201.jpg 300w, https:\/\/www.disquitos.fi\/kbu\/wp-content\/uploads\/2014\/08\/sinileva1-768x514.jpg 768w, https:\/\/www.disquitos.fi\/kbu\/wp-content\/uploads\/2014\/08\/sinileva1-1024x685.jpg 1024w\" sizes=\"auto, (max-width: 300px) 100vw, 300px\" \/><\/a><br \/>\nOskari Vuorio<br \/>\nMiika Siikki<br \/>\nMatti Kanervo<br \/>\nDong Jo Kim<br \/>\nJoni Lehtosaari<br \/>\nVivan Nyman<br \/>\nSaana Jenu<br \/>\nHanna Lampinen<\/p>\n<p><strong>NeonPukki<\/strong> (neon punainen)<a href=\"http:\/\/www.disquitos.fi\/kbu\/wp-content\/uploads\/2014\/08\/neonpukki1.jpg\"><img loading=\"lazy\" decoding=\"async\" class=\"alignright size-medium wp-image-452\" src=\"http:\/\/www.disquitos.fi\/kbu\/wp-content\/uploads\/2014\/08\/neonpukki1.jpg?w=300\" alt=\"neonpukki\" width=\"300\" height=\"200\" srcset=\"https:\/\/www.disquitos.fi\/kbu\/wp-content\/uploads\/2014\/08\/neonpukki1.jpg 3872w, https:\/\/www.disquitos.fi\/kbu\/wp-content\/uploads\/2014\/08\/neonpukki1-300x201.jpg 300w, https:\/\/www.disquitos.fi\/kbu\/wp-content\/uploads\/2014\/08\/neonpukki1-768x514.jpg 768w, https:\/\/www.disquitos.fi\/kbu\/wp-content\/uploads\/2014\/08\/neonpukki1-1024x685.jpg 1024w\" sizes=\"auto, (max-width: 300px) 100vw, 300px\" \/><\/a><br \/>\nJuho Lehtim\u00e4ki<br \/>\nEero Metso<br \/>\nJuha Hanhisuanto<br \/>\nSeveri Pehkonen-Ollila<br \/>\nTero Saastamoinen<br \/>\nElli Hirvonen<br \/>\nNoora Ketola<br \/>\nAnnika Hulten<\/p>\n<p><strong>Paloauto<\/strong> (keltainen) <a href=\"http:\/\/www.disquitos.fi\/kbu\/wp-content\/uploads\/2014\/07\/paloauto.jpg\"><img loading=\"lazy\" decoding=\"async\" class=\"alignright size-medium wp-image-439\" src=\"http:\/\/www.disquitos.fi\/kbu\/wp-content\/uploads\/2014\/07\/paloauto.jpg?w=300\" alt=\"Paloauto\" width=\"300\" height=\"200\" srcset=\"https:\/\/www.disquitos.fi\/kbu\/wp-content\/uploads\/2014\/07\/paloauto.jpg 3872w, https:\/\/www.disquitos.fi\/kbu\/wp-content\/uploads\/2014\/07\/paloauto-300x201.jpg 300w, https:\/\/www.disquitos.fi\/kbu\/wp-content\/uploads\/2014\/07\/paloauto-768x514.jpg 768w, https:\/\/www.disquitos.fi\/kbu\/wp-content\/uploads\/2014\/07\/paloauto-1024x685.jpg 1024w\" sizes=\"auto, (max-width: 300px) 100vw, 300px\" \/><\/a><br \/>\nVille Tenhunen<br \/>\nTeemu Sailynoja<br \/>\nTuomas Oukka<br \/>\nPetri Heikinmatti<br \/>\nTom Olsson<br \/>\nKaisa Korhonen<br \/>\nKatariina Rantanen<br \/>\nKati-Mari Kakko<\/p>\n<p><strong>Joutsen<\/strong> (valkoinen)<a href=\"http:\/\/www.disquitos.fi\/kbu\/wp-content\/uploads\/2014\/07\/joutsen.jpg\"><img loading=\"lazy\" decoding=\"async\" class=\"alignright size-medium wp-image-431\" src=\"http:\/\/www.disquitos.fi\/kbu\/wp-content\/uploads\/2014\/07\/joutsen.jpg?w=300\" alt=\"joutsen\" width=\"300\" height=\"232\" srcset=\"https:\/\/www.disquitos.fi\/kbu\/wp-content\/uploads\/2014\/07\/joutsen.jpg 1665w, https:\/\/www.disquitos.fi\/kbu\/wp-content\/uploads\/2014\/07\/joutsen-300x232.jpg 300w, https:\/\/www.disquitos.fi\/kbu\/wp-content\/uploads\/2014\/07\/joutsen-768x594.jpg 768w, https:\/\/www.disquitos.fi\/kbu\/wp-content\/uploads\/2014\/07\/joutsen-1024x792.jpg 1024w\" sizes=\"auto, (max-width: 300px) 100vw, 300px\" \/><\/a><br \/>\nMarkku Kulmunki<br \/>\nVille Arvio<br \/>\nAapo Lankinen<br \/>\nJoel H\u00e4m\u00e4l\u00e4inen<br \/>\nAntti Pikkarainen<br \/>\nHanna Juhola<br \/>\nHanna Ruotsalainen<br \/>\nAnna-Lena Nyman<\/p>\n<p>&nbsp;<\/p>\n<p><strong>Achtung<\/strong> (neon keltainen)<a href=\"http:\/\/www.disquitos.fi\/kbu\/wp-content\/uploads\/2014\/07\/achtung.jpg\"><img loading=\"lazy\" decoding=\"async\" class=\"alignright size-medium wp-image-442\" src=\"http:\/\/www.disquitos.fi\/kbu\/wp-content\/uploads\/2014\/07\/achtung.jpg?w=300\" alt=\"achtung\" width=\"300\" height=\"168\" srcset=\"https:\/\/www.disquitos.fi\/kbu\/wp-content\/uploads\/2014\/07\/achtung.jpg 2048w, https:\/\/www.disquitos.fi\/kbu\/wp-content\/uploads\/2014\/07\/achtung-300x169.jpg 300w, https:\/\/www.disquitos.fi\/kbu\/wp-content\/uploads\/2014\/07\/achtung-768x432.jpg 768w, https:\/\/www.disquitos.fi\/kbu\/wp-content\/uploads\/2014\/07\/achtung-1024x576.jpg 1024w\" sizes=\"auto, (max-width: 300px) 100vw, 300px\" \/><\/a><br \/>\nKalle Kinnunen<br \/>\nTouko V\u00e4\u00e4n\u00e4nen<br \/>\nTimi Sepp\u00e4l\u00e4<br \/>\nTimo Sulkala<br \/>\nJoni Jokikokko<br \/>\nJonna Hepa-aho<br \/>\nVeera Venho<\/p>\n<p><strong>Kulmakartiot<\/strong> (oranssi)<a href=\"http:\/\/www.disquitos.fi\/kbu\/wp-content\/uploads\/2014\/07\/kulmakartio.jpg\"><img loading=\"lazy\" decoding=\"async\" class=\"alignright size-medium wp-image-443\" src=\"http:\/\/www.disquitos.fi\/kbu\/wp-content\/uploads\/2014\/07\/kulmakartio.jpg?w=300\" alt=\"kulmakartio\" width=\"300\" height=\"199\" srcset=\"https:\/\/www.disquitos.fi\/kbu\/wp-content\/uploads\/2014\/07\/kulmakartio.jpg 2048w, https:\/\/www.disquitos.fi\/kbu\/wp-content\/uploads\/2014\/07\/kulmakartio-300x200.jpg 300w, https:\/\/www.disquitos.fi\/kbu\/wp-content\/uploads\/2014\/07\/kulmakartio-768x512.jpg 768w, https:\/\/www.disquitos.fi\/kbu\/wp-content\/uploads\/2014\/07\/kulmakartio-1024x683.jpg 1024w\" sizes=\"auto, (max-width: 300px) 100vw, 300px\" \/><\/a>Esa Saksola<br \/>\nAki Ropo<br \/>\nPauli Lindholm<br \/>\nVeli-Matti Salo<br \/>\nRiku Laukka<br \/>\nReetta Heikkinen<br \/>\nSaara Hurme<br \/>\nSini Kiprianoff<\/p>\n<p><strong>Mustat Hiilet<\/strong> (musta)<a href=\"http:\/\/www.disquitos.fi\/kbu\/wp-content\/uploads\/2014\/07\/hiilet.jpg\"><img loading=\"lazy\" decoding=\"async\" class=\"alignright size-medium wp-image-429\" src=\"http:\/\/www.disquitos.fi\/kbu\/wp-content\/uploads\/2014\/07\/hiilet.jpg?w=300\" alt=\"hiilet\" width=\"300\" height=\"225\" srcset=\"https:\/\/www.disquitos.fi\/kbu\/wp-content\/uploads\/2014\/07\/hiilet.jpg 2048w, https:\/\/www.disquitos.fi\/kbu\/wp-content\/uploads\/2014\/07\/hiilet-300x225.jpg 300w, https:\/\/www.disquitos.fi\/kbu\/wp-content\/uploads\/2014\/07\/hiilet-768x576.jpg 768w, https:\/\/www.disquitos.fi\/kbu\/wp-content\/uploads\/2014\/07\/hiilet-1024x768.jpg 1024w\" sizes=\"auto, (max-width: 300px) 100vw, 300px\" \/><\/a><br \/>\nJuho Rajala<br \/>\nVille Tuhkanen<br \/>\nLauri Raittila<br \/>\nJerry Kiskonen<br \/>\nJussi Kauppila<br \/>\nMira Salo<br \/>\nAnne Honkanen<br \/>\nTerhi Dahlbacka<\/p>\n<p>&nbsp;<\/p>\n<p><strong>Violetti Viini<\/strong> (violetti)<a href=\"http:\/\/www.disquitos.fi\/kbu\/wp-content\/uploads\/2014\/07\/vviini.jpg\"><img loading=\"lazy\" decoding=\"async\" class=\"alignright size-medium wp-image-450\" src=\"http:\/\/www.disquitos.fi\/kbu\/wp-content\/uploads\/2014\/07\/vviini.jpg?w=300\" alt=\"vviini\" width=\"300\" height=\"200\" srcset=\"https:\/\/www.disquitos.fi\/kbu\/wp-content\/uploads\/2014\/07\/vviini.jpg 3872w, https:\/\/www.disquitos.fi\/kbu\/wp-content\/uploads\/2014\/07\/vviini-300x201.jpg 300w, https:\/\/www.disquitos.fi\/kbu\/wp-content\/uploads\/2014\/07\/vviini-768x514.jpg 768w, https:\/\/www.disquitos.fi\/kbu\/wp-content\/uploads\/2014\/07\/vviini-1024x685.jpg 1024w\" sizes=\"auto, (max-width: 300px) 100vw, 300px\" \/><\/a><br \/>\nRoope Luhtala<br \/>\nAri V\u00e4liheikki<br \/>\nTopi Ruokanen<br \/>\nJuha Julkunen<br \/>\nKlaus Bergius<br \/>\nSatu Huttunen<br \/>\nElina Marjakangas<br \/>\nRiikka Pursiainen<\/p>\n<p>&nbsp;<\/p>\n<p><strong>Pantterit<\/strong> (pinkki)<a href=\"http:\/\/www.disquitos.fi\/kbu\/wp-content\/uploads\/2014\/07\/kbujoukkuepantterit.jpg\"><img loading=\"lazy\" decoding=\"async\" class=\"alignright size-medium wp-image-446\" src=\"http:\/\/www.disquitos.fi\/kbu\/wp-content\/uploads\/2014\/07\/kbujoukkuepantterit.jpg?w=300\" alt=\"kbujoukkuepantterit\" width=\"300\" height=\"169\" srcset=\"https:\/\/www.disquitos.fi\/kbu\/wp-content\/uploads\/2014\/07\/kbujoukkuepantterit.jpg 1440w, https:\/\/www.disquitos.fi\/kbu\/wp-content\/uploads\/2014\/07\/kbujoukkuepantterit-300x170.jpg 300w, https:\/\/www.disquitos.fi\/kbu\/wp-content\/uploads\/2014\/07\/kbujoukkuepantterit-768x434.jpg 768w, https:\/\/www.disquitos.fi\/kbu\/wp-content\/uploads\/2014\/07\/kbujoukkuepantterit-1024x579.jpg 1024w\" sizes=\"auto, (max-width: 300px) 100vw, 300px\" \/><\/a><br \/>\nTuomas Talus<br \/>\nSanteri Piipponen<br \/>\nTero Kontkanen<br \/>\nJani Rutanen<br \/>\nViljami Pekkala<br \/>\nAnni Moilanen<br \/>\nMinna Kauppi<br \/>\nHenna K\u00e4m\u00e4r\u00e4inen<\/p>\n<p>&nbsp;<\/p>\n<p><strong>Raajarikot<\/strong> (turkoosi)<a href=\"http:\/\/www.disquitos.fi\/kbu\/wp-content\/uploads\/2014\/07\/raajarikot.jpg\"><img loading=\"lazy\" decoding=\"async\" class=\"alignright size-medium wp-image-430\" src=\"http:\/\/www.disquitos.fi\/kbu\/wp-content\/uploads\/2014\/07\/raajarikot.jpg?w=300\" alt=\"raajarikot\" width=\"300\" height=\"225\" srcset=\"https:\/\/www.disquitos.fi\/kbu\/wp-content\/uploads\/2014\/07\/raajarikot.jpg 960w, https:\/\/www.disquitos.fi\/kbu\/wp-content\/uploads\/2014\/07\/raajarikot-300x225.jpg 300w, https:\/\/www.disquitos.fi\/kbu\/wp-content\/uploads\/2014\/07\/raajarikot-768x576.jpg 768w\" sizes=\"auto, (max-width: 300px) 100vw, 300px\" \/><\/a><br \/>\nTimo Suutari<br \/>\nJukka Raimovaara<br \/>\nTuomas Lahtinen<br \/>\nNiko P\u00e4\u00e4kk\u00f6nen<br \/>\nTomi Riutta<br \/>\nHanna Mikkonen<br \/>\nMeija Lohiniva<br \/>\nSaija K\u00f6rkk\u00f6<\/p>\n<p>&nbsp;<\/p>\n<p><strong>Ikivihre\u00e4<\/strong> (neon vihre\u00e4)<a href=\"http:\/\/www.disquitos.fi\/kbu\/wp-content\/uploads\/2014\/07\/ikivihreat.jpg\"><img loading=\"lazy\" decoding=\"async\" class=\"alignright size-medium wp-image-428\" src=\"http:\/\/www.disquitos.fi\/kbu\/wp-content\/uploads\/2014\/07\/ikivihreat.jpg?w=300\" alt=\"ikivihreat\" width=\"300\" height=\"225\" srcset=\"https:\/\/www.disquitos.fi\/kbu\/wp-content\/uploads\/2014\/07\/ikivihreat.jpg 960w, https:\/\/www.disquitos.fi\/kbu\/wp-content\/uploads\/2014\/07\/ikivihreat-300x225.jpg 300w, https:\/\/www.disquitos.fi\/kbu\/wp-content\/uploads\/2014\/07\/ikivihreat-768x576.jpg 768w\" sizes=\"auto, (max-width: 300px) 100vw, 300px\" \/><\/a><br \/>\nJani Honkanen<br \/>\nSakari Kurronen<br \/>\nOssi Bergius<br \/>\nTuomas Myllyl\u00e4<br \/>\nAri Tiainen<br \/>\nKirsi Pietil\u00e4<br \/>\nGetten Haas<br \/>\nJenna Perunka<\/p>\n","protected":false},"excerpt":{"rendered":"<p>undefined<\/p>\n","protected":false},"author":1,"featured_media":0,"parent":130,"menu_order":97,"comment_status":"closed","ping_status":"closed","template":"","meta":{"footnotes":""},"class_list":["post-422","page","type-page","status-publish","hentry","nodate","item-wrap"],"_links":{"self":[{"href":"https:\/\/www.disquitos.fi\/kbu\/wp-json\/wp\/v2\/pages\/422","targetHints":{"allow":["GET"]}}],"collection":[{"href":"https:\/\/www.disquitos.fi\/kbu\/wp-json\/wp\/v2\/pages"}],"about":[{"href":"https:\/\/www.disquitos.fi\/kbu\/wp-json\/wp\/v2\/types\/page"}],"author":[{"embeddable":true,"href":"https:\/\/www.disquitos.fi\/kbu\/wp-json\/wp\/v2\/users\/1"}],"replies":[{"embeddable":true,"href":"https:\/\/www.disquitos.fi\/kbu\/wp-json\/wp\/v2\/comments?post=422"}],"version-history":[{"count":2,"href":"https:\/\/www.disquitos.fi\/kbu\/wp-json\/wp\/v2\/pages\/422\/revisions"}],"predecessor-version":[{"id":875,"href":"https:\/\/www.disquitos.fi\/kbu\/wp-json\/wp\/v2\/pages\/422\/revisions\/875"}],"up":[{"embeddable":true,"href":"https:\/\/www.disquitos.fi\/kbu\/wp-json\/wp\/v2\/pages\/130"}],"wp:attachment":[{"href":"https:\/\/www.disquitos.fi\/kbu\/wp-json\/wp\/v2\/media?parent=422"}],"curies":[{"name":"wp","href":"https:\/\/api.w.org\/{rel}","templated":true}]}}