{"id":42,"date":"2011-06-15T10:45:07","date_gmt":"2011-06-15T08:45:07","guid":{"rendered":"http:\/\/kalajokibeachultimate.wordpress.com\/?page_id=42"},"modified":"2025-06-10T22:21:19","modified_gmt":"2025-06-10T19:21:19","slug":"aikataulu","status":"publish","type":"page","link":"https:\/\/www.disquitos.fi\/kbu\/aikataulu\/","title":{"rendered":"Aikataulu"},"content":{"rendered":"<p>Pelit pelataan lauantaina 26. hein\u00e4kuuta 2025.<\/p>\n<p>Tervetuloa Kalajoelle jo perjantaina, sill\u00e4 luvassa on hulppeeta ohjelmaa ja pient\u00e4 kisailua ennen virallisia pelej\u00e4.<\/p>\n<p><em>Aikataulu julkaistaan l\u00e4hemp\u00e4n\u00e4.<\/em><\/p>\n","protected":false},"excerpt":{"rendered":"<p>Pelit pelataan lauantaina 26. hein\u00e4kuuta 2025. Tervetuloa Kalajoelle jo perjantaina, sill\u00e4 luvassa on hulppeeta ohjelmaa ja pient\u00e4 kisailua ennen virallisia pelej\u00e4. Aikataulu julkaistaan l\u00e4hemp\u00e4n\u00e4.<\/p>\n","protected":false},"author":1,"featured_media":0,"parent":0,"menu_order":0,"comment_status":"closed","ping_status":"closed","template":"","meta":{"footnotes":""},"class_list":["post-42","page","type-page","status-publish","hentry","nodate","item-wrap"],"_links":{"self":[{"href":"https:\/\/www.disquitos.fi\/kbu\/wp-json\/wp\/v2\/pages\/42","targetHints":{"allow":["GET"]}}],"collection":[{"href":"https:\/\/www.disquitos.fi\/kbu\/wp-json\/wp\/v2\/pages"}],"about":[{"href":"https:\/\/www.disquitos.fi\/kbu\/wp-json\/wp\/v2\/types\/page"}],"author":[{"embeddable":true,"href":"https:\/\/www.disquitos.fi\/kbu\/wp-json\/wp\/v2\/users\/1"}],"replies":[{"embeddable":true,"href":"https:\/\/www.disquitos.fi\/kbu\/wp-json\/wp\/v2\/comments?post=42"}],"version-history":[{"count":14,"href":"https:\/\/www.disquitos.fi\/kbu\/wp-json\/wp\/v2\/pages\/42\/revisions"}],"predecessor-version":[{"id":1238,"href":"https:\/\/www.disquitos.fi\/kbu\/wp-json\/wp\/v2\/pages\/42\/revisions\/1238"}],"wp:attachment":[{"href":"https:\/\/www.disquitos.fi\/kbu\/wp-json\/wp\/v2\/media?parent=42"}],"curies":[{"name":"wp","href":"https:\/\/api.w.org\/{rel}","templated":true}]}}