{"id":346,"date":"2013-07-14T18:46:55","date_gmt":"2013-07-14T15:46:55","guid":{"rendered":"http:\/\/kalajokibeachultimate.wordpress.com\/?page_id=346"},"modified":"2019-07-15T11:34:22","modified_gmt":"2019-07-15T08:34:22","slug":"kbu2013","status":"publish","type":"page","link":"https:\/\/www.disquitos.fi\/kbu\/tulokset\/kbu2013\/","title":{"rendered":"2013"},"content":{"rendered":"<p><strong>Vuoden 2013 sijoitukset (spirit-pisteet):<\/strong><\/p>\n<ol>\n<li>Vaahto (64p)<\/li>\n<li>P\u00f6kyl\u00e4 (69p)<\/li>\n<li>Hullut P\u00e4iv\u00e4t (75p)<\/li>\n<li>Kosto (66p)<\/li>\n<li>Hubba Bubba (63p)<\/li>\n<li>Viidakon Violetit (66p)<\/li>\n<li>Sinivalaat (69p)<\/li>\n<li>Kurkkusalaatti (74p)<\/li>\n<li>A+ (65p)<\/li>\n<li>Mustanaamio (75p)<\/li>\n<\/ol>\n<p><strong><strong>Spirit-voittajajoukkue:<\/strong> <\/strong>Mustanaamio<strong><br \/>\nArvokkain pelaaja:<\/strong> Vivan Nyman<br \/>\n<strong>Paras Dyykkaaja: <\/strong>Jaana Lukkarila<\/p>\n<figure class=\"wp-block-embed wp-block-embed-youtube is-type-video is-provider-youtube epyt-figure\"><div class=\"wp-block-embed__wrapper\"><iframe loading=\"lazy\"  id=\"_ytid_71048\"  width=\"750\" height=\"422\"  data-origwidth=\"750\" data-origheight=\"422\" src=\"https:\/\/www.youtube.com\/embed\/znXdGXUIn64?enablejsapi=1&autoplay=0&cc_load_policy=0&cc_lang_pref=&iv_load_policy=1&loop=0&modestbranding=0&rel=1&fs=1&playsinline=0&autohide=2&theme=dark&color=red&controls=1&\" class=\"__youtube_prefs__  no-lazyload\" title=\"YouTube player\"  allow=\"fullscreen; accelerometer; autoplay; clipboard-write; encrypted-media; gyroscope; picture-in-picture\" allowfullscreen data-no-lazy=\"1\" data-skipgform_ajax_framebjll=\"\"><\/iframe><\/div><\/figure>\n<h3>Pelit<\/h3>\n<p><strong>Lohko A<\/strong><\/p>\n<table border=\"0\" cellspacing=\"0\">\n<tbody>\n<tr>\n<td align=\"LEFT\" height=\"19\"><b>Joukkue<\/b><\/td>\n<td align=\"LEFT\"><b>Voitot<\/b><\/td>\n<td align=\"LEFT\"><b>Tappiot<\/b><\/td>\n<td align=\"LEFT\"><b>Tehdyt<\/b><\/td>\n<td align=\"LEFT\"><b>P\u00e4\u00e4stetyt<\/b><\/td>\n<td align=\"LEFT\"><b>Maaliero<\/b><\/td>\n<\/tr>\n<tr>\n<td align=\"LEFT\" height=\"19\">Keltainen<\/td>\n<td align=\"RIGHT\">3<\/td>\n<td align=\"RIGHT\">1<\/td>\n<td align=\"RIGHT\">17<\/td>\n<td align=\"RIGHT\">9<\/td>\n<td align=\"RIGHT\">8<\/td>\n<\/tr>\n<tr>\n<td align=\"LEFT\" height=\"19\">Oranssi<\/td>\n<td align=\"RIGHT\">3<\/td>\n<td align=\"RIGHT\">1<\/td>\n<td align=\"RIGHT\">19<\/td>\n<td align=\"RIGHT\">12<\/td>\n<td align=\"RIGHT\">7<\/td>\n<\/tr>\n<tr>\n<td align=\"LEFT\" height=\"19\">Vihre\u00e4<\/td>\n<td align=\"RIGHT\">2<\/td>\n<td align=\"RIGHT\">2<\/td>\n<td align=\"RIGHT\">12<\/td>\n<td align=\"RIGHT\">13<\/td>\n<td align=\"RIGHT\">-1<\/td>\n<\/tr>\n<tr>\n<td align=\"LEFT\" height=\"19\">Sininen<\/td>\n<td align=\"RIGHT\">2<\/td>\n<td align=\"RIGHT\">2<\/td>\n<td align=\"RIGHT\">16<\/td>\n<td align=\"RIGHT\">13<\/td>\n<td align=\"RIGHT\">3<\/td>\n<\/tr>\n<tr>\n<td align=\"LEFT\" height=\"19\">Punainen<\/td>\n<td align=\"RIGHT\">0<\/td>\n<td align=\"RIGHT\">4<\/td>\n<td align=\"RIGHT\">7<\/td>\n<td align=\"RIGHT\">24<\/td>\n<td align=\"RIGHT\">-17<\/td>\n<\/tr>\n<\/tbody>\n<\/table>\n<p>vihre\u00e4-oranssi 3-5<br \/>\nvihre\u00e4-punainen 5-2<br \/>\nsininen-oranssi 3-6<br \/>\nvihre\u00e4-keltainen 1-4<br \/>\nvihre\u00e4-sininen 3-2<br \/>\nsininen-keltainen 5-2<br \/>\nkeltainen-oranssi 5-1<br \/>\npunainen-keltainen 2-6<br \/>\nsininen-punainen 6-2<br \/>\npunainen-oranssi 1-7<\/p>\n<p><strong>Lohko B<\/strong><\/p>\n<table border=\"0\" cellspacing=\"0\">\n<tbody>\n<tr>\n<td align=\"LEFT\" height=\"19\"><b>Joukkue<\/b><\/td>\n<td align=\"LEFT\"><b>Voitot<\/b><\/td>\n<td align=\"LEFT\"><b>Tappiot<\/b><\/td>\n<td align=\"LEFT\"><b>Tehdyt<\/b><\/td>\n<td align=\"LEFT\"><b>P\u00e4\u00e4stetyt<\/b><\/td>\n<td align=\"LEFT\"><b>Maaliero<\/b><\/td>\n<\/tr>\n<tr>\n<td align=\"LEFT\" height=\"19\">Valkoinen<\/td>\n<td align=\"RIGHT\">4<\/td>\n<td align=\"RIGHT\">0<\/td>\n<td align=\"RIGHT\">20<\/td>\n<td align=\"RIGHT\">8<\/td>\n<td align=\"RIGHT\">12<\/td>\n<\/tr>\n<tr>\n<td align=\"LEFT\" height=\"19\">Ruskea<\/td>\n<td align=\"RIGHT\">3<\/td>\n<td align=\"RIGHT\">1<\/td>\n<td align=\"RIGHT\">13<\/td>\n<td align=\"RIGHT\">12<\/td>\n<td align=\"RIGHT\">1<\/td>\n<\/tr>\n<tr>\n<td align=\"LEFT\" height=\"19\">Violetti<\/td>\n<td align=\"RIGHT\">2<\/td>\n<td align=\"RIGHT\">2<\/td>\n<td align=\"RIGHT\">14<\/td>\n<td align=\"RIGHT\">14<\/td>\n<td align=\"RIGHT\">0<\/td>\n<\/tr>\n<tr>\n<td align=\"LEFT\" height=\"19\">Pinkki<\/td>\n<td align=\"RIGHT\">1<\/td>\n<td align=\"RIGHT\">3<\/td>\n<td align=\"RIGHT\">12<\/td>\n<td align=\"RIGHT\">18<\/td>\n<td align=\"RIGHT\">-6<\/td>\n<\/tr>\n<tr>\n<td align=\"LEFT\" height=\"19\">Musta<\/td>\n<td align=\"RIGHT\">0<\/td>\n<td align=\"RIGHT\">4<\/td>\n<td align=\"RIGHT\">10<\/td>\n<td align=\"RIGHT\">17<\/td>\n<td align=\"RIGHT\">-7<\/td>\n<\/tr>\n<\/tbody>\n<\/table>\n<p>pinkki-ruskea 3-5<br \/>\npinkki-musta 5-4<br \/>\nvioletti-ruskea 2-3<br \/>\npinkki-valkoinen 1-5<br \/>\npinkki-violetti 3-4<br \/>\nvioletti-valkoinen 4-5<br \/>\nvalkoinen-ruskea 5-2<br \/>\nmusta-valkoinen 1-5<br \/>\nvioletti-musta 4-3<br \/>\nmusta-ruskea 2-3<\/p>\n<p><strong>Pudotuspelit<\/strong><\/p>\n<p><strong>A1-B2:<\/strong> Keltainen-Ruskea 1-4<br \/>\n<strong>B1-A2:<\/strong> Valkoinen-Oranssi 6-2<br \/>\n<strong>Finaali:<\/strong> Valkoinen-Ruskea 5-2<br \/>\n<strong>Pronssi:<\/strong> Keltainen- Oranssi 5-3<\/p>\n<p><strong>A3-B4:<\/strong> Vihre\u00e4-Pinkki 1-4<br \/>\n<strong>B3-A4:<\/strong> Violetti-Sininen 5-3<br \/>\n<strong>Sij. 5-6:<\/strong> Violetti-Pinkki 1-7<br \/>\n<strong>Sij. 7-8:<\/strong> Sininen-Vihre\u00e4 5-3<\/p>\n<p><strong>Sij. 9.-10. (A5-B5):<\/strong> Punainen-Musta 3-2<\/p>\n<h3>Joukkueet<\/h3>\n<p><strong>Vaahto<\/strong> (valkoinen)<a href=\"http:\/\/www.disquitos.fi\/kbu\/wp-content\/uploads\/2013\/07\/vaahto_voittoposeeraus.jpg\"><img loading=\"lazy\" decoding=\"async\" class=\"alignright size-medium wp-image-366\" src=\"http:\/\/www.disquitos.fi\/kbu\/wp-content\/uploads\/2013\/07\/vaahto_voittoposeeraus.jpg?w=300\" alt=\"vaahto_voittoposeeraus\" width=\"300\" height=\"225\" srcset=\"https:\/\/www.disquitos.fi\/kbu\/wp-content\/uploads\/2013\/07\/vaahto_voittoposeeraus.jpg 1984w, https:\/\/www.disquitos.fi\/kbu\/wp-content\/uploads\/2013\/07\/vaahto_voittoposeeraus-300x225.jpg 300w, https:\/\/www.disquitos.fi\/kbu\/wp-content\/uploads\/2013\/07\/vaahto_voittoposeeraus-768x576.jpg 768w, https:\/\/www.disquitos.fi\/kbu\/wp-content\/uploads\/2013\/07\/vaahto_voittoposeeraus-1024x768.jpg 1024w\" sizes=\"auto, (max-width: 300px) 100vw, 300px\" \/><\/a><br \/>\nVille Antila<br \/>\nOskari Vuorio<br \/>\nJuha Hanhisuanto<br \/>\nMatti Heiskanen<br \/>\nVivan Nyman<br \/>\nSatu Huttunen<br \/>\nHenriikka Lohvansuu<br \/>\nKimmo Vuolteenaho<\/p>\n<p><strong>P\u00f6kyl\u00e4<\/strong> (ruskea)<a href=\"http:\/\/www.disquitos.fi\/kbu\/wp-content\/uploads\/2013\/07\/pokyla.jpg\"><img loading=\"lazy\" decoding=\"async\" class=\"alignright size-medium wp-image-364\" src=\"http:\/\/www.disquitos.fi\/kbu\/wp-content\/uploads\/2013\/07\/pokyla.jpg?w=300\" alt=\"pokyla\" width=\"300\" height=\"225\" srcset=\"https:\/\/www.disquitos.fi\/kbu\/wp-content\/uploads\/2013\/07\/pokyla.jpg 1984w, https:\/\/www.disquitos.fi\/kbu\/wp-content\/uploads\/2013\/07\/pokyla-300x225.jpg 300w, https:\/\/www.disquitos.fi\/kbu\/wp-content\/uploads\/2013\/07\/pokyla-768x576.jpg 768w, https:\/\/www.disquitos.fi\/kbu\/wp-content\/uploads\/2013\/07\/pokyla-1024x768.jpg 1024w\" sizes=\"auto, (max-width: 300px) 100vw, 300px\" \/><\/a><br \/>\nAsko Ij\u00e4s<br \/>\nSanteri Piipponen<br \/>\nTapio Moilanen<br \/>\nPekka Mattila<br \/>\nKalle Virkkala<br \/>\nKaisa Korhonen<br \/>\nJaana Lukkarila<br \/>\nJenni Nikkanen<\/p>\n<p><strong>Hullut P\u00e4iv\u00e4t<\/strong> (keltainen)<a href=\"http:\/\/www.disquitos.fi\/kbu\/wp-content\/uploads\/2013\/07\/hullut_paivat.jpg\"><img loading=\"lazy\" decoding=\"async\" class=\"alignright size-medium wp-image-368\" src=\"http:\/\/www.disquitos.fi\/kbu\/wp-content\/uploads\/2013\/07\/hullut_paivat.jpg?w=225\" alt=\"hullut_paivat\" width=\"225\" height=\"300\" srcset=\"https:\/\/www.disquitos.fi\/kbu\/wp-content\/uploads\/2013\/07\/hullut_paivat.jpg 1488w, https:\/\/www.disquitos.fi\/kbu\/wp-content\/uploads\/2013\/07\/hullut_paivat-225x300.jpg 225w, https:\/\/www.disquitos.fi\/kbu\/wp-content\/uploads\/2013\/07\/hullut_paivat-768x1024.jpg 768w\" sizes=\"auto, (max-width: 225px) 100vw, 225px\" \/><\/a><br \/>\nKari Tolonen<br \/>\nRiku Laukka<br \/>\nVille Tenhunen<br \/>\nJaakko Haukipuro<br \/>\nKati-Mari Kakko<br \/>\nJonna Myllym\u00e4ki<br \/>\nElli Hirvonen<\/p>\n<p><strong>Kosto<\/strong> (oranssi)<a href=\"http:\/\/www.disquitos.fi\/kbu\/wp-content\/uploads\/2013\/07\/kosto.jpg\"><img loading=\"lazy\" decoding=\"async\" class=\"alignright size-medium wp-image-365\" src=\"http:\/\/www.disquitos.fi\/kbu\/wp-content\/uploads\/2013\/07\/kosto.jpg?w=300\" alt=\"kosto\" width=\"300\" height=\"225\" srcset=\"https:\/\/www.disquitos.fi\/kbu\/wp-content\/uploads\/2013\/07\/kosto.jpg 1984w, https:\/\/www.disquitos.fi\/kbu\/wp-content\/uploads\/2013\/07\/kosto-300x225.jpg 300w, https:\/\/www.disquitos.fi\/kbu\/wp-content\/uploads\/2013\/07\/kosto-768x576.jpg 768w, https:\/\/www.disquitos.fi\/kbu\/wp-content\/uploads\/2013\/07\/kosto-1024x768.jpg 1024w\" sizes=\"auto, (max-width: 300px) 100vw, 300px\" \/><\/a><br \/>\nP\u00e4iv\u00f6 Kinnunen<br \/>\nEero Metso<br \/>\nTuomas Myllyl\u00e4<br \/>\nJuha Julkunen<br \/>\nRaghavendra Sathyanarayana<br \/>\nSatu Sihvonen<br \/>\nHanna Ruotsalainen<\/p>\n<p><strong>Hubba Bubba<\/strong> (pinkki)<a href=\"http:\/\/www.disquitos.fi\/kbu\/wp-content\/uploads\/2013\/07\/hubba_bubba.jpg\"><img loading=\"lazy\" decoding=\"async\" class=\"alignright size-medium wp-image-363\" src=\"http:\/\/www.disquitos.fi\/kbu\/wp-content\/uploads\/2013\/07\/hubba_bubba.jpg?w=225\" alt=\"hubba_bubba\" width=\"225\" height=\"300\" srcset=\"https:\/\/www.disquitos.fi\/kbu\/wp-content\/uploads\/2013\/07\/hubba_bubba.jpg 2112w, https:\/\/www.disquitos.fi\/kbu\/wp-content\/uploads\/2013\/07\/hubba_bubba-225x300.jpg 225w, https:\/\/www.disquitos.fi\/kbu\/wp-content\/uploads\/2013\/07\/hubba_bubba-768x1024.jpg 768w\" sizes=\"auto, (max-width: 225px) 100vw, 225px\" \/><\/a><br \/>\nTuomas Talus<br \/>\nToni Vahevaara<br \/>\nVesa Leskinen<br \/>\nTimi Sepp\u00e4l\u00e4<br \/>\nJoni Lehtosaari<br \/>\nTerhi Dahlbacka<br \/>\nReetta Heikkinen<\/p>\n<p><strong>Viidakon Violetit<\/strong> (violetti)<a href=\"http:\/\/www.disquitos.fi\/kbu\/wp-content\/uploads\/2013\/07\/viidakon_violetit.jpg\"><img loading=\"lazy\" decoding=\"async\" class=\"alignright size-medium wp-image-362\" src=\"http:\/\/www.disquitos.fi\/kbu\/wp-content\/uploads\/2013\/07\/viidakon_violetit.jpg?w=300\" alt=\"viidakon_violetit\" width=\"300\" height=\"225\" srcset=\"https:\/\/www.disquitos.fi\/kbu\/wp-content\/uploads\/2013\/07\/viidakon_violetit.jpg 3648w, https:\/\/www.disquitos.fi\/kbu\/wp-content\/uploads\/2013\/07\/viidakon_violetit-300x225.jpg 300w, https:\/\/www.disquitos.fi\/kbu\/wp-content\/uploads\/2013\/07\/viidakon_violetit-768x576.jpg 768w, https:\/\/www.disquitos.fi\/kbu\/wp-content\/uploads\/2013\/07\/viidakon_violetit-1024x768.jpg 1024w\" sizes=\"auto, (max-width: 300px) 100vw, 300px\" \/><\/a><br \/>\nJukka Piesk\u00e4<br \/>\nTeemu S\u00e4ilynoja<br \/>\nTopi Ruokanen<br \/>\nMatti Kanervo<br \/>\nRiikka Pursiainen<br \/>\nJonna Hepa-aho<br \/>\nGetten Haas<\/p>\n<p><strong>Sinivalaat<\/strong> (sininen)<a href=\"http:\/\/www.disquitos.fi\/kbu\/wp-content\/uploads\/2013\/07\/sinivalaat.jpg\"><img loading=\"lazy\" decoding=\"async\" class=\"alignright size-medium wp-image-358\" src=\"http:\/\/www.disquitos.fi\/kbu\/wp-content\/uploads\/2013\/07\/sinivalaat.jpg?w=300\" alt=\"sinivalaat\" width=\"300\" height=\"225\" srcset=\"https:\/\/www.disquitos.fi\/kbu\/wp-content\/uploads\/2013\/07\/sinivalaat.jpg 960w, https:\/\/www.disquitos.fi\/kbu\/wp-content\/uploads\/2013\/07\/sinivalaat-300x225.jpg 300w, https:\/\/www.disquitos.fi\/kbu\/wp-content\/uploads\/2013\/07\/sinivalaat-768x576.jpg 768w\" sizes=\"auto, (max-width: 300px) 100vw, 300px\" \/><\/a><br \/>\nTimo Suutari<br \/>\nAri V\u00e4liheikki<br \/>\nKalle Kinnunen<br \/>\nTero Tihver\u00e4inen<br \/>\nJuha-Pekka Mikkola<br \/>\nNoora Ketola<br \/>\nPauliina Ounila<br \/>\nPetri Pylv\u00e4inen<\/p>\n<p><strong>Kurkkusalaatti<\/strong> (vihre\u00e4)<a href=\"http:\/\/www.disquitos.fi\/kbu\/wp-content\/uploads\/2013\/07\/kurkkusalaatti.jpg\"><img loading=\"lazy\" decoding=\"async\" class=\"alignright size-medium wp-image-360\" src=\"http:\/\/www.disquitos.fi\/kbu\/wp-content\/uploads\/2013\/07\/kurkkusalaatti.jpg?w=300\" alt=\"kurkkusalaatti\" width=\"300\" height=\"225\" srcset=\"https:\/\/www.disquitos.fi\/kbu\/wp-content\/uploads\/2013\/07\/kurkkusalaatti.jpg 960w, https:\/\/www.disquitos.fi\/kbu\/wp-content\/uploads\/2013\/07\/kurkkusalaatti-300x225.jpg 300w, https:\/\/www.disquitos.fi\/kbu\/wp-content\/uploads\/2013\/07\/kurkkusalaatti-768x576.jpg 768w\" sizes=\"auto, (max-width: 300px) 100vw, 300px\" \/><\/a><br \/>\nPekka Kauhanen<br \/>\nJanne Airo<br \/>\nTomi Riutta<br \/>\nTom Olsson<br \/>\nAnni Moilanen<br \/>\nKaisa Pentti<br \/>\nMira Naukkarinen<\/p>\n<p><strong>A+<\/strong> (punainen)<a href=\"http:\/\/www.disquitos.fi\/kbu\/wp-content\/uploads\/2013\/07\/aplus.jpg\"><img loading=\"lazy\" decoding=\"async\" class=\"alignright size-medium wp-image-372\" src=\"http:\/\/www.disquitos.fi\/kbu\/wp-content\/uploads\/2013\/07\/aplus.jpg?w=300\" alt=\"aplus\" width=\"300\" height=\"199\" srcset=\"https:\/\/www.disquitos.fi\/kbu\/wp-content\/uploads\/2013\/07\/aplus.jpg 1024w, https:\/\/www.disquitos.fi\/kbu\/wp-content\/uploads\/2013\/07\/aplus-300x200.jpg 300w, https:\/\/www.disquitos.fi\/kbu\/wp-content\/uploads\/2013\/07\/aplus-768x512.jpg 768w\" sizes=\"auto, (max-width: 300px) 100vw, 300px\" \/><\/a><br \/>\nEsa Saksola<br \/>\nLauri Raittila<br \/>\nTuomas Oukka<br \/>\nThomas Loacker<br \/>\nJoni Jokikokko<br \/>\nTuuli Pohjola<br \/>\nMeija Lohiniva<br \/>\nSaija K\u00f6rkk\u00f6<\/p>\n<p><strong>Mustanaamio<\/strong> (musta)<a href=\"http:\/\/www.disquitos.fi\/kbu\/wp-content\/uploads\/2013\/07\/mustanaamiot.jpg\"><img loading=\"lazy\" decoding=\"async\" class=\"alignright size-medium wp-image-355\" src=\"http:\/\/www.disquitos.fi\/kbu\/wp-content\/uploads\/2013\/07\/mustanaamiot.jpg?w=300\" alt=\"mustanaamiot\" width=\"300\" height=\"225\" srcset=\"https:\/\/www.disquitos.fi\/kbu\/wp-content\/uploads\/2013\/07\/mustanaamiot.jpg 3264w, https:\/\/www.disquitos.fi\/kbu\/wp-content\/uploads\/2013\/07\/mustanaamiot-300x225.jpg 300w, https:\/\/www.disquitos.fi\/kbu\/wp-content\/uploads\/2013\/07\/mustanaamiot-768x576.jpg 768w, https:\/\/www.disquitos.fi\/kbu\/wp-content\/uploads\/2013\/07\/mustanaamiot-1024x768.jpg 1024w\" sizes=\"auto, (max-width: 300px) 100vw, 300px\" \/><\/a><br \/>\nMarkku Pajunen<br \/>\nTouko V\u00e4\u00e4n\u00e4nen<br \/>\nSeveri Pehkonen-Ollila<br \/>\nPauli Lindholm<br \/>\nPyry Liedes<br \/>\nMira Salo<br \/>\nTiina Karila<br \/>\nLeila Keski-oja<\/p>\n","protected":false},"excerpt":{"rendered":"<p>Vuoden 2013 sijoitukset (spirit-pisteet): Vaahto (64p) P\u00f6kyl\u00e4 (69p) Hullut P\u00e4iv\u00e4t (75p) Kosto (66p) Hubba Bubba (63p) Viidakon Violetit (66p) Sinivalaat (69p) Kurkkusalaatti (74p) A+ (65p) Mustanaamio (75p) Spirit-voittajajoukkue: Mustanaamio Arvokkain pelaaja: Vivan Nyman Paras Dyykkaaja: Jaana Lukkarila Pelit Lohko A Joukkue Voitot Tappiot Tehdyt P\u00e4\u00e4stetyt Maaliero Keltainen 3 1 17 9 8 Oranssi 3 1 &hellip; <\/p>\n<p><a class=\"more-link btn\" href=\"https:\/\/www.disquitos.fi\/kbu\/tulokset\/kbu2013\/\">Jatka lukemista<\/a><\/p>\n","protected":false},"author":1,"featured_media":0,"parent":130,"menu_order":98,"comment_status":"closed","ping_status":"closed","template":"","meta":{"footnotes":""},"class_list":["post-346","page","type-page","status-publish","hentry","nodate","item-wrap"],"_links":{"self":[{"href":"https:\/\/www.disquitos.fi\/kbu\/wp-json\/wp\/v2\/pages\/346","targetHints":{"allow":["GET"]}}],"collection":[{"href":"https:\/\/www.disquitos.fi\/kbu\/wp-json\/wp\/v2\/pages"}],"about":[{"href":"https:\/\/www.disquitos.fi\/kbu\/wp-json\/wp\/v2\/types\/page"}],"author":[{"embeddable":true,"href":"https:\/\/www.disquitos.fi\/kbu\/wp-json\/wp\/v2\/users\/1"}],"replies":[{"embeddable":true,"href":"https:\/\/www.disquitos.fi\/kbu\/wp-json\/wp\/v2\/comments?post=346"}],"version-history":[{"count":1,"href":"https:\/\/www.disquitos.fi\/kbu\/wp-json\/wp\/v2\/pages\/346\/revisions"}],"predecessor-version":[{"id":873,"href":"https:\/\/www.disquitos.fi\/kbu\/wp-json\/wp\/v2\/pages\/346\/revisions\/873"}],"up":[{"embeddable":true,"href":"https:\/\/www.disquitos.fi\/kbu\/wp-json\/wp\/v2\/pages\/130"}],"wp:attachment":[{"href":"https:\/\/www.disquitos.fi\/kbu\/wp-json\/wp\/v2\/media?parent=346"}],"curies":[{"name":"wp","href":"https:\/\/api.w.org\/{rel}","templated":true}]}}