{"id":28,"date":"2011-06-14T22:52:18","date_gmt":"2011-06-14T20:52:18","guid":{"rendered":"http:\/\/kalajokibeachultimate.wordpress.com\/?page_id=28"},"modified":"2024-07-19T00:26:57","modified_gmt":"2024-07-18T21:26:57","slug":"saannot","status":"publish","type":"page","link":"https:\/\/www.disquitos.fi\/kbu\/saannot\/","title":{"rendered":"S\u00e4\u00e4nn\u00f6t"},"content":{"rendered":"<ul>\n<li>Peliaika 25 minuuttia<\/li>\n<li>Peliajan p\u00e4\u00e4tytty\u00e4 piste loppuun. Johtava joukkue voittaa ottelun. Jos maalit ovat tasan, pelataan viel\u00e4 yksi piste.<\/li>\n<li>Ei pistekattoa<\/li>\n<li>Ei puoliaikaa, ei aikalisi\u00e4.<\/li>\n<\/ul>\n<p>Kent\u00e4ll\u00e4 pit\u00e4\u00e4 olla aina v\u00e4hint\u00e4\u00e4n 1 pelaaja kumpaakin sukupuolta.<\/p>\n<p><strong>J<\/strong><strong>okaisen pelaajan on sitouduttava noudattamaan alla olevia s\u00e4\u00e4nt\u00f6j\u00e4.\u00a0<\/strong><\/p>\n<h3>ULTIMATEN Yksinkertaistetut s\u00e4\u00e4nn\u00f6t:<\/h3>\n<ol>\n<li><strong>Kentt\u00e4<\/strong> on suorakaiteen muotoinen alue, jonka molemmissa p\u00e4iss\u00e4 on maalialueet. Kent\u00e4n koko on noin 75\u00d725 m.<\/li>\n<li><strong>Pelin aloitus:<\/strong> Molemmat joukkueet asettuvat riviin puolustamansa maalialueen eturajalle. Puolustava joukkue heitt\u00e4\u00e4 kiekon hy\u00f6kk\u00e4\u00e4v\u00e4lle joukkueelle.<\/li>\n<li><strong>Pelin kulku:<\/strong> Hy\u00f6kk\u00e4\u00e4v\u00e4 joukkue yritt\u00e4\u00e4 edet\u00e4 vastapuolen puolustamalle maalialueelle sy\u00f6ttelem\u00e4ll\u00e4 kiekkoa toisilleen. Kiekollinen pelaaja ei saa ottaa askelia, mutta saa kuitenkin liikkua paikallaan tukijalan varassa. Kiekollisella pelaajalla (heitt\u00e4j\u00e4) on kymmenen sekuntia aikaa heitt\u00e4\u00e4 kiekko eteenp\u00e4in. Puolustava pelaaja (markkeri), joka vartioi heitt\u00e4j\u00e4\u00e4, laskee sekunnit \u00e4\u00e4neen. (\u201dLasken, yksi, kaksi\u2026\u201d jne.)<\/li>\n<li><strong>Maalin teko:<\/strong> Maali syntyy, kun pelaaja saa kiekon kiinni hy\u00f6kk\u00e4ysp\u00e4\u00e4n maalialueella. Maalin j\u00e4lkeen peli aloitetaan kohdan kaksi mukaisesti, eli maalin tehnyt joukkue valmistautuu heitt\u00e4m\u00e4\u00e4n aloitusheiton siit\u00e4 p\u00e4\u00e4dyst\u00e4, jonne maali tehtiin.<\/li>\n<li><strong>Kiekon menetys:<\/strong> Jos hy\u00f6kk\u00e4\u00e4v\u00e4 joukkue ep\u00e4onnistuu sy\u00f6t\u00f6ss\u00e4 (kiekko koskee aluetta kent\u00e4n ulkopuolella, pelaaja pudottaa kiekon, sy\u00f6tt\u00f6 katkaistaan) tai puolustaja p\u00e4\u00e4see laskussaan kymmeneen, hy\u00f6kk\u00e4\u00e4v\u00e4 joukkue menett\u00e4\u00e4 kiekon puolustavalle joukkueelle ja osat vaihtuvat.<\/li>\n<li><strong>Pelaajavaihdot:<\/strong> Joukkueet voivat vaihtaa pelaajia vain maalin j\u00e4lkeen tai loukkaantumisen takia.<\/li>\n<li><strong>Kieltoja:<\/strong> Kaikki fyysiset kosketukset pelaajiin ovat kiellettyj\u00e4. Puolustavan pelaajan est\u00e4minen juoksemalla t\u00e4m\u00e4n edest\u00e4 on kielletty. Kosketuksesta aiheutuu virhe.<\/li>\n<li><strong>Virheet:<\/strong> Fyysinen kosketus (my\u00f6s tahaton), joka h\u00e4iritsee pelaajan heittoa tai kiinniottoa on virhe. Kiekkoa ei saa my\u00f6sk\u00e4\u00e4n ly\u00f6d\u00e4 heitt\u00e4j\u00e4n k\u00e4dest\u00e4. Virhe on huudettava heti tilanteen syntyess\u00e4, jolloin peli pys\u00e4ytet\u00e4\u00e4n. Virheen voi huutaa vain rikottu pelaaja. Jos virheen sattuessa pelaaja menett\u00e4\u00e4 kiekon hallinnan, kiekko palautetaan h\u00e4nelle ja peli jatkuu kuin kiekon menetyst\u00e4 ei olisi sattunutkaan. Jos puolustava pelaaja kuitenkin kiist\u00e4\u00e4 virheen, on tilanne pelattava uudestaan.<\/li>\n<li><strong>Pelaajat tuomareina:<\/strong> Ultimatessa ei ole tuomareita, vaan pelaajat tuomitsevat itse omat virheens\u00e4. T\u00e4t\u00e4 k\u00e4yt\u00e4nt\u00f6\u00e4 noudatetaan kaikilla tasoilla aina MM-kilpailuihin saakka.<\/li>\n<li><strong>Pelimoraali \u2013 Spirit of the Game:<\/strong> Ultimaten s\u00e4\u00e4nn\u00f6t perustuvat urheiluhenkeen ja j\u00e4tt\u00e4v\u00e4t vastuun reilusta pelist\u00e4 pelaajille. Kilpailuhenkinen peli on suositeltavaa, mutta ei koskaan muiden pelaajien keskin\u00e4isen kunnioituksen, peli-ilon tai terveyden kustannuksella.<\/li>\n<\/ol>\n<p>Muilta osin turnauksessa noudatetaan virallisia s\u00e4\u00e4nt\u00f6j\u00e4, jotka ovat luettavissa <a href=\"http:\/\/beachultimate.org\/5on5rules.html\">t\u00e4\u00e4lt\u00e4<\/a>. Joukkueiden kapteeneiksi valittavan henkil\u00f6n on osattava viralliset s\u00e4\u00e4nn\u00f6t.<\/p>\n","protected":false},"excerpt":{"rendered":"<p>Peliaika 25 minuuttia Peliajan p\u00e4\u00e4tytty\u00e4 piste loppuun. Johtava joukkue voittaa ottelun. Jos maalit ovat tasan, pelataan viel\u00e4 yksi piste. Ei pistekattoa Ei puoliaikaa, ei aikalisi\u00e4. Kent\u00e4ll\u00e4 pit\u00e4\u00e4 olla aina v\u00e4hint\u00e4\u00e4n 1 pelaaja kumpaakin sukupuolta. Jokaisen pelaajan on sitouduttava noudattamaan alla olevia s\u00e4\u00e4nt\u00f6j\u00e4.\u00a0 ULTIMATEN Yksinkertaistetut s\u00e4\u00e4nn\u00f6t: Kentt\u00e4 on suorakaiteen muotoinen alue, jonka molemmissa p\u00e4iss\u00e4 on maalialueet. &hellip; <\/p>\n<p><a class=\"more-link btn\" href=\"https:\/\/www.disquitos.fi\/kbu\/saannot\/\">Jatka lukemista<\/a><\/p>\n","protected":false},"author":1,"featured_media":0,"parent":0,"menu_order":7,"comment_status":"closed","ping_status":"closed","template":"","meta":{"footnotes":""},"class_list":["post-28","page","type-page","status-publish","hentry","nodate","item-wrap"],"_links":{"self":[{"href":"https:\/\/www.disquitos.fi\/kbu\/wp-json\/wp\/v2\/pages\/28","targetHints":{"allow":["GET"]}}],"collection":[{"href":"https:\/\/www.disquitos.fi\/kbu\/wp-json\/wp\/v2\/pages"}],"about":[{"href":"https:\/\/www.disquitos.fi\/kbu\/wp-json\/wp\/v2\/types\/page"}],"author":[{"embeddable":true,"href":"https:\/\/www.disquitos.fi\/kbu\/wp-json\/wp\/v2\/users\/1"}],"replies":[{"embeddable":true,"href":"https:\/\/www.disquitos.fi\/kbu\/wp-json\/wp\/v2\/comments?post=28"}],"version-history":[{"count":2,"href":"https:\/\/www.disquitos.fi\/kbu\/wp-json\/wp\/v2\/pages\/28\/revisions"}],"predecessor-version":[{"id":1210,"href":"https:\/\/www.disquitos.fi\/kbu\/wp-json\/wp\/v2\/pages\/28\/revisions\/1210"}],"wp:attachment":[{"href":"https:\/\/www.disquitos.fi\/kbu\/wp-json\/wp\/v2\/media?parent=28"}],"curies":[{"name":"wp","href":"https:\/\/api.w.org\/{rel}","templated":true}]}}