{"id":246,"date":"2012-07-22T21:03:50","date_gmt":"2012-07-22T18:03:50","guid":{"rendered":"http:\/\/kalajokibeachultimate.wordpress.com\/?page_id=246"},"modified":"2019-07-15T11:34:18","modified_gmt":"2019-07-15T08:34:18","slug":"kbu2012","status":"publish","type":"page","link":"https:\/\/www.disquitos.fi\/kbu\/tulokset\/kbu2012\/","title":{"rendered":"2012"},"content":{"rendered":"<p><strong>Vuoden 2012 sijoitukset (spirit pisteet):<\/strong><\/p>\n<ol>\n<li>Vihre\u00e4t Tomaatit (82p)<\/li>\n<li>Keltainen Sukellusvene (92p)<\/li>\n<li>Siniset Zeeprat (97p)<\/li>\n<li>Musta Surma (100p)<\/li>\n<li>Valkohaamut (91p)<\/li>\n<li>Violetit Vipelt\u00e4j\u00e4t (86p)<\/li>\n<li>Vaaleanpunaiset Vesimelonit (86p)<\/li>\n<li>Punainen Unelmien Tytt\u00f6miespoika -joukkue (73p)<\/li>\n<\/ol>\n<p><strong><strong>Spirit-voittajajoukkue:<\/strong> <\/strong>Musta Surma<strong><br \/>\nArvokkain pelaaja:<\/strong> Kalle Kinnunen<br \/>\n<strong>Paras Dyykkaaja:<\/strong> Oskari Vuorio<\/p>\n<h3>Pelit<\/h3>\n<p><strong>Lohko A<br \/>\n<\/strong><\/p>\n<table border=\"0\" rules=\"NONE\" cellspacing=\"0\">\n<tbody>\n<tr>\n<td align=\"LEFT\" width=\"139\" height=\"17\"><strong>Joukkue<\/strong><\/td>\n<td align=\"LEFT\" width=\"99\"><strong>Voitot<\/strong><\/td>\n<td align=\"LEFT\" width=\"86\"><strong>Tappiot<\/strong><\/td>\n<td align=\"LEFT\" width=\"86\"><strong>Tehdyt<\/strong><\/td>\n<td align=\"LEFT\" width=\"86\"><strong>P\u00e4\u00e4stetyt<\/strong><\/td>\n<td align=\"LEFT\" width=\"86\"><strong>Maaliero<\/strong><\/td>\n<\/tr>\n<tr>\n<td align=\"LEFT\" height=\"17\">Vihre\u00e4<\/td>\n<td align=\"CENTER\">3<\/td>\n<td align=\"CENTER\">0<\/td>\n<td align=\"CENTER\">22<\/td>\n<td align=\"CENTER\">10<\/td>\n<td align=\"CENTER\">12<\/td>\n<\/tr>\n<tr>\n<td align=\"LEFT\" height=\"17\">Punainen*<\/td>\n<td align=\"CENTER\">2<\/td>\n<td align=\"CENTER\">1<\/td>\n<td align=\"CENTER\">23<\/td>\n<td align=\"CENTER\">8<\/td>\n<td align=\"CENTER\">15<\/td>\n<\/tr>\n<tr>\n<td align=\"LEFT\" height=\"17\">Keltainen<\/td>\n<td align=\"CENTER\">1<\/td>\n<td align=\"CENTER\">2<\/td>\n<td align=\"CENTER\">13<\/td>\n<td align=\"CENTER\">19<\/td>\n<td align=\"CENTER\">-6<\/td>\n<\/tr>\n<tr>\n<td align=\"LEFT\" height=\"17\">Sininen<\/td>\n<td align=\"CENTER\">0<\/td>\n<td align=\"CENTER\">3<\/td>\n<td align=\"CENTER\">23<\/td>\n<td align=\"CENTER\">8<\/td>\n<td align=\"CENTER\">-20<\/td>\n<\/tr>\n<\/tbody>\n<\/table>\n<p>* Punaisen &#8221;polttarijoukkueen&#8221; voitot mit\u00e4t\u00f6itiin sovitusti, koska joukkue ei ollut arvottu hattuturnauksen kriteerien mukaisesti.<\/p>\n<p>Vihre\u00e4 &#8211; Keltainen 7 &#8211; 3<br \/>\nSinien &#8211; Punainen 1 &#8211; 8<br \/>\nSininen &#8211; Keltainen 2 &#8211; 8<br \/>\nVihre\u00e4 &#8211; Punainen 6 &#8211; 5<br \/>\nVihre\u00e4 &#8211; Sininen 9 &#8211; 2<br \/>\nPunainen &#8211; Keltainen 10 &#8211; 2<\/p>\n<p><strong>Lohko B<br \/>\n<\/strong><\/p>\n<table border=\"0\" rules=\"NONE\" cellspacing=\"0\">\n<tbody>\n<tr>\n<td align=\"LEFT\" width=\"139\" height=\"17\"><strong>Joukkue<\/strong><\/td>\n<td align=\"LEFT\" width=\"99\"><strong>Voitot<\/strong><\/td>\n<td align=\"LEFT\" width=\"86\"><strong>Tappiot<\/strong><\/td>\n<td align=\"LEFT\" width=\"86\"><strong>Tehdyt<\/strong><\/td>\n<td align=\"LEFT\" width=\"86\"><strong>P\u00e4\u00e4stetyt<\/strong><\/td>\n<td align=\"LEFT\" width=\"86\"><strong>Maaliero<\/strong><\/td>\n<\/tr>\n<tr>\n<td align=\"LEFT\" height=\"17\">Musta<\/td>\n<td align=\"CENTER\">2<\/td>\n<td align=\"CENTER\">1<\/td>\n<td align=\"CENTER\">15<\/td>\n<td align=\"CENTER\">12<\/td>\n<td align=\"CENTER\">3<\/td>\n<\/tr>\n<tr>\n<td align=\"LEFT\" height=\"17\">Violetti<\/td>\n<td align=\"CENTER\">2<\/td>\n<td align=\"CENTER\">1<\/td>\n<td align=\"CENTER\">17<\/td>\n<td align=\"CENTER\">13<\/td>\n<td align=\"CENTER\">4<\/td>\n<\/tr>\n<tr>\n<td align=\"LEFT\" height=\"17\">Valkoinen<\/td>\n<td align=\"CENTER\">2<\/td>\n<td align=\"CENTER\">1<\/td>\n<td align=\"CENTER\">14<\/td>\n<td align=\"CENTER\">11<\/td>\n<td align=\"CENTER\">3<\/td>\n<\/tr>\n<tr>\n<td align=\"LEFT\" height=\"17\">Vaaleanpunainen<\/td>\n<td align=\"CENTER\">0<\/td>\n<td align=\"CENTER\">3<\/td>\n<td align=\"CENTER\">9<\/td>\n<td align=\"CENTER\">19<\/td>\n<td align=\"CENTER\">-10<\/td>\n<\/tr>\n<\/tbody>\n<\/table>\n<p>Keskin\u00e4isten ottelujen menness\u00e4 ristiin, spirit-pisteet ratkaisivat joukkueiden j\u00e4rjestyksen.<\/p>\n<p>Vaaleanpunainen &#8211; Valkoinen 3 &#8211; 6<br \/>\nVioletti &#8211; Musta 5 &#8211; 6<br \/>\nVioletti &#8211; Valkoinen 5 &#8211; 4<br \/>\nVaaleanpunainen &#8211; Musta 3 &#8211; 6<br \/>\nVaaleanpunainen &#8211; Violetti 3 &#8211; 7<br \/>\nMusta &#8211; Valkoinen 3 &#8211; 4<\/p>\n<p><strong>Pudotuspelit<\/strong><\/p>\n<p><strong>V\u00e4lier\u00e4 A1 vs B4:<\/strong> Vihre\u00e4 &#8211; Vaaleanpunainen 6 &#8211; 4<br \/>\n<strong>V\u00e4lier\u00e4 B1 vs A4:<\/strong> Musta &#8211; Punainen 2 &#8211; 10<br \/>\n<strong>V\u00e4lier\u00e4 A2 vs B3:<\/strong> Keltainen &#8211; Valkoinen 7 &#8211; 2<br \/>\n<strong>V\u00e4lier\u00e4 B2 vs. A3:<\/strong> Violetti &#8211; Sininen 4 &#8211; 6<\/p>\n<p><strong>Voittajat A1\/B4 &#8211; B1\/A4:<\/strong> Vihre\u00e4 &#8211; Sininen 7 &#8211; 3<br \/>\n<strong>Voittajat B1\/A4 &#8211; A2\/B3:<\/strong> Musta &#8211; Keltainen 2 &#8211; 4<br \/>\n<strong>H\u00e4vi\u00e4j\u00e4t A1\/B4 &#8211; B1\/A4:<\/strong> Vaaleanpunainen &#8211; Violetti 4 &#8211; 6<br \/>\n<strong>H\u00e4vi\u00e4j\u00e4t B1\/A4 &#8211; A2\/B3:<\/strong> Punainen &#8211; Valkoinen 9 &#8211; 2<\/p>\n<p><strong>Sijat 7.-8.:<\/strong> Vaaleanpunainen &#8211; Punainen 2 &#8211; 7<br \/>\n<strong>Sijat 5.-6.:<\/strong> Violetti &#8211; Valkoinen 1 &#8211; 8<br \/>\n<strong>Pronssi:<\/strong> Musta &#8211; Sininen 5 &#8211; 6<br \/>\n<strong>Finaali:<\/strong> Vihre\u00e4 &#8211; Keltainen 8 &#8211; 4<\/p>\n<h3>PElaajat<\/h3>\n<p><strong>Vihre\u00e4t Tomaatit<\/strong><br \/>\n<a href=\"http:\/\/www.disquitos.fi\/kbu\/wp-content\/uploads\/2012\/07\/vihrea.jpg\"><img loading=\"lazy\" decoding=\"async\" class=\"size-medium wp-image-262 alignright\" title=\"vihreat_tomaatit_2012\" src=\"http:\/\/www.disquitos.fi\/kbu\/wp-content\/uploads\/2012\/07\/vihrea.jpg?w=300\" alt=\"\" width=\"300\" height=\"198\" srcset=\"https:\/\/www.disquitos.fi\/kbu\/wp-content\/uploads\/2012\/07\/vihrea.jpg 1248w, https:\/\/www.disquitos.fi\/kbu\/wp-content\/uploads\/2012\/07\/vihrea-300x199.jpg 300w, https:\/\/www.disquitos.fi\/kbu\/wp-content\/uploads\/2012\/07\/vihrea-768x509.jpg 768w, https:\/\/www.disquitos.fi\/kbu\/wp-content\/uploads\/2012\/07\/vihrea-1024x679.jpg 1024w\" sizes=\"auto, (max-width: 300px) 100vw, 300px\" \/><\/a>Anna-Maria Niemel\u00e4<br \/>\nKati Matilainen<br \/>\nHeidi Hokkanen<br \/>\nMiikka Keski-S\u00e4ntti<br \/>\nP\u00e4iv\u00f6 Kinnunen (C)<br \/>\nAri V\u00e4liheikki<br \/>\nKalle Kinnunen<br \/>\nMatti Heiskanen<\/p>\n<p><strong>Keltainen Sukellusvene<\/strong><br \/>\nNoora Ketola<a href=\"http:\/\/www.disquitos.fi\/kbu\/wp-content\/uploads\/2012\/07\/keltainen1.jpg\"><img loading=\"lazy\" decoding=\"async\" class=\"alignright size-medium wp-image-268\" title=\"keltainen_sukellusvene_2012\" src=\"http:\/\/www.disquitos.fi\/kbu\/wp-content\/uploads\/2012\/07\/keltainen1.jpg?w=300\" alt=\"\" width=\"300\" height=\"225\" srcset=\"https:\/\/www.disquitos.fi\/kbu\/wp-content\/uploads\/2012\/07\/keltainen1.jpg 912w, https:\/\/www.disquitos.fi\/kbu\/wp-content\/uploads\/2012\/07\/keltainen1-300x225.jpg 300w, https:\/\/www.disquitos.fi\/kbu\/wp-content\/uploads\/2012\/07\/keltainen1-768x576.jpg 768w\" sizes=\"auto, (max-width: 300px) 100vw, 300px\" \/><\/a><br \/>\nTerhi Dahlbacka<br \/>\nMikko Mouruj\u00e4rvi<br \/>\nOtto Forsbom (C)<br \/>\nTapio Moilanen<br \/>\nAaro Asikainen<br \/>\nKimmo Vuolteenaho<br \/>\nPetri Heikinmatti<\/p>\n<p><strong>Siniset Zeeprat<\/strong><br \/>\nSuvi Rahkolin<a href=\"http:\/\/www.disquitos.fi\/kbu\/wp-content\/uploads\/2012\/07\/sininen.jpg\"><img loading=\"lazy\" decoding=\"async\" class=\"alignright size-medium wp-image-270\" title=\"siniset_seeprat_2012\" src=\"http:\/\/www.disquitos.fi\/kbu\/wp-content\/uploads\/2012\/07\/sininen.jpg?w=300\" alt=\"\" width=\"300\" height=\"225\" srcset=\"https:\/\/www.disquitos.fi\/kbu\/wp-content\/uploads\/2012\/07\/sininen.jpg 1000w, https:\/\/www.disquitos.fi\/kbu\/wp-content\/uploads\/2012\/07\/sininen-300x225.jpg 300w, https:\/\/www.disquitos.fi\/kbu\/wp-content\/uploads\/2012\/07\/sininen-768x576.jpg 768w\" sizes=\"auto, (max-width: 300px) 100vw, 300px\" \/><\/a><br \/>\nAnna Kallunki<br \/>\nReetta Heikkinen<br \/>\nHenry Isoj\u00e4rvi (C)<br \/>\nLauri Vehkala<br \/>\nJuhani Vesa<br \/>\nTommi Hujanen<br \/>\nPaavo Yliluoma<\/p>\n<p><strong>Musta Surma<\/strong><br \/>\nSatu Sihvonen<a href=\"http:\/\/www.disquitos.fi\/kbu\/wp-content\/uploads\/2012\/07\/musta.jpg\"><img loading=\"lazy\" decoding=\"async\" class=\"alignright size-medium wp-image-264\" title=\"musta_surma_2012\" src=\"http:\/\/www.disquitos.fi\/kbu\/wp-content\/uploads\/2012\/07\/musta.jpg?w=300\" alt=\"\" width=\"300\" height=\"225\" srcset=\"https:\/\/www.disquitos.fi\/kbu\/wp-content\/uploads\/2012\/07\/musta.jpg 912w, https:\/\/www.disquitos.fi\/kbu\/wp-content\/uploads\/2012\/07\/musta-300x225.jpg 300w, https:\/\/www.disquitos.fi\/kbu\/wp-content\/uploads\/2012\/07\/musta-768x576.jpg 768w\" sizes=\"auto, (max-width: 300px) 100vw, 300px\" \/><\/a><br \/>\nElina Marjakangas<br \/>\nAnna Nyman<br \/>\nKari Tolonen<br \/>\nJanne Airo (C)<br \/>\nLauri Raittila<br \/>\nPyry Liedes<br \/>\nOskari Vuorio<\/p>\n<p><strong>Valkohaamut<\/strong><br \/>\nVivan Nyman<a href=\"http:\/\/www.disquitos.fi\/kbu\/wp-content\/uploads\/2012\/07\/valkoinen.jpg\"><img loading=\"lazy\" decoding=\"async\" class=\"alignright size-medium wp-image-265\" title=\"valkohaamut_2012\" src=\"http:\/\/www.disquitos.fi\/kbu\/wp-content\/uploads\/2012\/07\/valkoinen.jpg?w=300\" alt=\"\" width=\"300\" height=\"225\" srcset=\"https:\/\/www.disquitos.fi\/kbu\/wp-content\/uploads\/2012\/07\/valkoinen.jpg 912w, https:\/\/www.disquitos.fi\/kbu\/wp-content\/uploads\/2012\/07\/valkoinen-300x225.jpg 300w, https:\/\/www.disquitos.fi\/kbu\/wp-content\/uploads\/2012\/07\/valkoinen-768x576.jpg 768w\" sizes=\"auto, (max-width: 300px) 100vw, 300px\" \/><\/a><br \/>\nTiina Karila (C)<br \/>\nReeta Rahkola<br \/>\nPekka Kauhanen<br \/>\nTimo Suutari<br \/>\nTeemu Ritvanen<br \/>\nRiku Laukka<br \/>\nJuha-Pekka Mikkola<\/p>\n<p><strong>Violetit Vipelt\u00e4j\u00e4t<\/strong><br \/>\nMira Salo<a href=\"http:\/\/www.disquitos.fi\/kbu\/wp-content\/uploads\/2012\/07\/violetti.jpg\"><img loading=\"lazy\" decoding=\"async\" class=\"alignright size-medium wp-image-266\" title=\"violetit_vipeltajat_2012\" src=\"http:\/\/www.disquitos.fi\/kbu\/wp-content\/uploads\/2012\/07\/violetti.jpg?w=300\" alt=\"\" width=\"300\" height=\"198\" srcset=\"https:\/\/www.disquitos.fi\/kbu\/wp-content\/uploads\/2012\/07\/violetti.jpg 1248w, https:\/\/www.disquitos.fi\/kbu\/wp-content\/uploads\/2012\/07\/violetti-300x199.jpg 300w, https:\/\/www.disquitos.fi\/kbu\/wp-content\/uploads\/2012\/07\/violetti-768x509.jpg 768w, https:\/\/www.disquitos.fi\/kbu\/wp-content\/uploads\/2012\/07\/violetti-1024x679.jpg 1024w\" sizes=\"auto, (max-width: 300px) 100vw, 300px\" \/><\/a><br \/>\nHanna Ruotsalainen<br \/>\nTuomas Talus (C)<br \/>\nJukka Piesk\u00e4<br \/>\nJari Turunen<br \/>\nJani Rutanen<br \/>\nTeemu S\u00e4ilynoja<\/p>\n<p><strong>Vaaleanpunaiset Vesimelonit<\/strong><br \/>\nJonna Hepa-aho<a href=\"http:\/\/www.disquitos.fi\/kbu\/wp-content\/uploads\/2012\/07\/pinkki.jpg\"><img loading=\"lazy\" decoding=\"async\" class=\"alignright size-medium wp-image-267\" title=\"vaaleanpunaiset_vesimelonit_2012\" src=\"http:\/\/www.disquitos.fi\/kbu\/wp-content\/uploads\/2012\/07\/pinkki.jpg?w=300\" alt=\"\" width=\"300\" height=\"225\" srcset=\"https:\/\/www.disquitos.fi\/kbu\/wp-content\/uploads\/2012\/07\/pinkki.jpg 3648w, https:\/\/www.disquitos.fi\/kbu\/wp-content\/uploads\/2012\/07\/pinkki-300x225.jpg 300w, https:\/\/www.disquitos.fi\/kbu\/wp-content\/uploads\/2012\/07\/pinkki-768x576.jpg 768w, https:\/\/www.disquitos.fi\/kbu\/wp-content\/uploads\/2012\/07\/pinkki-1024x768.jpg 1024w\" sizes=\"auto, (max-width: 300px) 100vw, 300px\" \/><\/a><br \/>\nSini Kiprianoff<br \/>\nMarkku Kulmunki (C)<br \/>\nTero Kontkanen<br \/>\nMarkus Keski-S\u00e4ntti<br \/>\nTom Olsson<br \/>\nJoni Lehtosaari<br \/>\nViljami Pekkala<\/p>\n<p><strong>Punainen Unelmien Tytt\u00f6miespoika<\/strong><br \/>\nJukka Kaakinen<br \/>\nMikko Kaakinen<br \/>\nPekka Kaakinen<br \/>\nLassi Kallio<br \/>\nPasi Roimela<br \/>\nJani Ahteela<br \/>\nJuho Rantalaiho<\/p>\n","protected":false},"excerpt":{"rendered":"<p>Vuoden 2012 sijoitukset (spirit pisteet): Vihre\u00e4t Tomaatit (82p) Keltainen Sukellusvene (92p) Siniset Zeeprat (97p) Musta Surma (100p) Valkohaamut (91p) Violetit Vipelt\u00e4j\u00e4t (86p) Vaaleanpunaiset Vesimelonit (86p) Punainen Unelmien Tytt\u00f6miespoika -joukkue (73p) Spirit-voittajajoukkue: Musta Surma Arvokkain pelaaja: Kalle Kinnunen Paras Dyykkaaja: Oskari Vuorio Pelit Lohko A Joukkue Voitot Tappiot Tehdyt P\u00e4\u00e4stetyt Maaliero Vihre\u00e4 3 0 22 10 &hellip; <\/p>\n<p><a class=\"more-link btn\" href=\"https:\/\/www.disquitos.fi\/kbu\/tulokset\/kbu2012\/\">Jatka lukemista<\/a><\/p>\n","protected":false},"author":1,"featured_media":0,"parent":130,"menu_order":99,"comment_status":"open","ping_status":"closed","template":"","meta":{"footnotes":""},"class_list":["post-246","page","type-page","status-publish","hentry","nodate","item-wrap"],"_links":{"self":[{"href":"https:\/\/www.disquitos.fi\/kbu\/wp-json\/wp\/v2\/pages\/246","targetHints":{"allow":["GET"]}}],"collection":[{"href":"https:\/\/www.disquitos.fi\/kbu\/wp-json\/wp\/v2\/pages"}],"about":[{"href":"https:\/\/www.disquitos.fi\/kbu\/wp-json\/wp\/v2\/types\/page"}],"author":[{"embeddable":true,"href":"https:\/\/www.disquitos.fi\/kbu\/wp-json\/wp\/v2\/users\/1"}],"replies":[{"embeddable":true,"href":"https:\/\/www.disquitos.fi\/kbu\/wp-json\/wp\/v2\/comments?post=246"}],"version-history":[{"count":1,"href":"https:\/\/www.disquitos.fi\/kbu\/wp-json\/wp\/v2\/pages\/246\/revisions"}],"predecessor-version":[{"id":1001,"href":"https:\/\/www.disquitos.fi\/kbu\/wp-json\/wp\/v2\/pages\/246\/revisions\/1001"}],"up":[{"embeddable":true,"href":"https:\/\/www.disquitos.fi\/kbu\/wp-json\/wp\/v2\/pages\/130"}],"wp:attachment":[{"href":"https:\/\/www.disquitos.fi\/kbu\/wp-json\/wp\/v2\/media?parent=246"}],"curies":[{"name":"wp","href":"https:\/\/api.w.org\/{rel}","templated":true}]}}