{"id":244,"date":"2012-07-22T20:07:35","date_gmt":"2012-07-22T17:07:35","guid":{"rendered":"http:\/\/kalajokibeachultimate.wordpress.com\/?page_id=244"},"modified":"2019-07-15T11:34:11","modified_gmt":"2019-07-15T08:34:11","slug":"kbu2011","status":"publish","type":"page","link":"https:\/\/www.disquitos.fi\/kbu\/tulokset\/kbu2011\/","title":{"rendered":"2011"},"content":{"rendered":"<p><strong>Vuoden 2011 tulokset:<\/strong><\/p>\n<ol>\n<li>G-piste<\/li>\n<li>\u00c5vela<\/li>\n<li>BB-rantatalo<\/li>\n<li>\u00d6\u00f6li\u00e4 L\u00e4ikkyy<\/li>\n<li>Quasimodo<\/li>\n<li>Zalama-Partio<\/li>\n<\/ol>\n<p><strong>Arvokkain pelaaja:<\/strong> Jukka Piesk\u00e4<br \/>\n<strong>Spirit-pelaaja:<\/strong> Tommi R\u00e4tt\u00f6<br \/>\n<strong>Paras Dyykki:<\/strong> Anna Kallunki<\/p>\n<h3>Pelit<\/h3>\n<p><strong>Alkusarja<\/strong><\/p>\n<table border=\"0\" rules=\"NONE\" cellspacing=\"0\">\n<tbody>\n<tr>\n<td align=\"LEFT\" width=\"139\" height=\"17\"><strong>Joukkue<\/strong><\/td>\n<td align=\"LEFT\" width=\"99\"><strong>Voitot<\/strong><\/td>\n<td align=\"LEFT\" width=\"86\"><strong>Tappiot<\/strong><\/td>\n<td align=\"LEFT\" width=\"86\"><strong>Tehdyt<\/strong><\/td>\n<td align=\"LEFT\" width=\"86\"><strong>P\u00e4\u00e4stetyt<\/strong><\/td>\n<td align=\"LEFT\" width=\"86\"><strong>Maaliero<\/strong><\/td>\n<\/tr>\n<tr>\n<td align=\"LEFT\" height=\"17\">G Piste<\/td>\n<td align=\"CENTER\">5<\/td>\n<td align=\"CENTER\">0<\/td>\n<td align=\"CENTER\">38<\/td>\n<td align=\"CENTER\">20<\/td>\n<td align=\"CENTER\">18<\/td>\n<\/tr>\n<tr>\n<td align=\"LEFT\" height=\"17\">\u00c5vela<\/td>\n<td align=\"CENTER\">4<\/td>\n<td align=\"CENTER\">1<\/td>\n<td align=\"CENTER\">33<\/td>\n<td align=\"CENTER\">23<\/td>\n<td align=\"CENTER\">10<\/td>\n<\/tr>\n<tr>\n<td align=\"LEFT\" height=\"17\">BB Rantatalo<\/td>\n<td align=\"CENTER\">3<\/td>\n<td align=\"CENTER\">2<\/td>\n<td align=\"CENTER\">34<\/td>\n<td align=\"CENTER\">27<\/td>\n<td align=\"CENTER\">7<\/td>\n<\/tr>\n<tr>\n<td align=\"LEFT\" height=\"17\">\u00d6\u00f6li\u00e4 L\u00e4ikkyy<\/td>\n<td align=\"CENTER\">2<\/td>\n<td align=\"CENTER\">3<\/td>\n<td align=\"CENTER\">25<\/td>\n<td align=\"CENTER\">34<\/td>\n<td align=\"CENTER\">-9<\/td>\n<\/tr>\n<tr>\n<td align=\"LEFT\" height=\"17\">Quasimodo<\/td>\n<td align=\"CENTER\">1<\/td>\n<td align=\"CENTER\">4<\/td>\n<td align=\"CENTER\">25<\/td>\n<td align=\"CENTER\">28<\/td>\n<td align=\"CENTER\">-3<\/td>\n<\/tr>\n<tr>\n<td align=\"LEFT\" height=\"17\">Zalama Partio<\/td>\n<td align=\"CENTER\">0<\/td>\n<td align=\"CENTER\">5<\/td>\n<td align=\"CENTER\">15<\/td>\n<td align=\"CENTER\">38<\/td>\n<td align=\"CENTER\">-23<\/td>\n<\/tr>\n<\/tbody>\n<\/table>\n<p>BB Rantatalo-\u00d6\u00f6li\u00e4 L\u00e4ikkyy 8-3<br \/>\nQuasimodo-Zalama Partio 9-3<br \/>\nBB Rantatalo-Zalama Partio 8-5<br \/>\nG Piste-BB Rantatalo 8-5<br \/>\nZalama Partio-\u00d6\u00f6li\u00e4 L\u00e4ikkyy 4-7<br \/>\nBB Rantatalo-Quasimodo 7-4<br \/>\nBB Rantatalo-\u00c5vela 6-7<br \/>\n\u00d6\u00f6li\u00e4 L\u00e4ikkyy-Quasimodo 5-4<br \/>\nG Piste-\u00c5vela 6-5<br \/>\n\u00d6\u00f6li\u00e4 L\u00e4ikkyy-G Piste 4-11<br \/>\nQuasimodo-\u00c5vela 4-5<br \/>\n\u00d6\u00f6li\u00e4 L\u00e4ikkyy-\u00c5vela 6-7<br \/>\nQuasimodo-G Piste 4-8<br \/>\nZalama Partio-\u00c5vela 1-9<br \/>\nG Piste-Zalama Partio 5-2<\/p>\n<p><strong>Sijat 5.-6.:<\/strong> Quasimodo-Zalama Partio 4-2<br \/>\n<strong>Pronssi:<\/strong> BB Rantatalo-\u00d6\u00f6li\u00e4 L\u00e4ikkyy 6-3<br \/>\n<strong>Finaali:<\/strong> G Piste-\u00c5vela 5-4<\/p>\n<h3>PElaajat<\/h3>\n<p><strong>BB-Rantatalo<\/strong><br \/>\nKari Tolonen<a href=\"http:\/\/www.disquitos.fi\/kbu\/wp-content\/uploads\/2013\/05\/269949_10150378877139256_8164054_n.jpg\"><img loading=\"lazy\" decoding=\"async\" class=\"size-medium wp-image-310 alignright\" src=\"http:\/\/www.disquitos.fi\/kbu\/wp-content\/uploads\/2013\/05\/269949_10150378877139256_8164054_n.jpg?w=300\" alt=\"269949_10150378877139256_8164054_n\" width=\"300\" height=\"225\" srcset=\"https:\/\/www.disquitos.fi\/kbu\/wp-content\/uploads\/2013\/05\/269949_10150378877139256_8164054_n.jpg 720w, https:\/\/www.disquitos.fi\/kbu\/wp-content\/uploads\/2013\/05\/269949_10150378877139256_8164054_n-300x225.jpg 300w\" sizes=\"auto, (max-width: 300px) 100vw, 300px\" \/><\/a><br \/>\nTeemu Ritvanen<br \/>\nSakari Tolvanen<br \/>\nTiina Karila<br \/>\nKaisa Korhonen<br \/>\nTommi Hujanen<br \/>\nPekka Kauhanen<\/p>\n<p>&nbsp;<\/p>\n<p><strong>G-piste<\/strong><a href=\"http:\/\/www.disquitos.fi\/kbu\/wp-content\/uploads\/2013\/05\/284853_10150378876994256_2936454_n.jpg\"><img loading=\"lazy\" decoding=\"async\" class=\"alignright size-medium wp-image-312\" src=\"http:\/\/www.disquitos.fi\/kbu\/wp-content\/uploads\/2013\/05\/284853_10150378876994256_2936454_n.jpg?w=300\" alt=\"284853_10150378876994256_2936454_n\" width=\"300\" height=\"225\" srcset=\"https:\/\/www.disquitos.fi\/kbu\/wp-content\/uploads\/2013\/05\/284853_10150378876994256_2936454_n.jpg 720w, https:\/\/www.disquitos.fi\/kbu\/wp-content\/uploads\/2013\/05\/284853_10150378876994256_2936454_n-300x225.jpg 300w\" sizes=\"auto, (max-width: 300px) 100vw, 300px\" \/><\/a><br \/>\nMiikka Keski-S\u00e4ntti<br \/>\nMikko Mouruj\u00e4rvi<br \/>\nJesse Nurmenniemi<br \/>\nTiina R\u00e4tt\u00f6<br \/>\nHenna Riepula<br \/>\nJukka Piesk\u00e4<br \/>\nTomi Riutta<\/p>\n<p>&nbsp;<\/p>\n<p><strong>Quasimodo<\/strong><a href=\"http:\/\/www.disquitos.fi\/kbu\/wp-content\/uploads\/2013\/05\/267764_10150378860244256_777575_n.jpg\"><img loading=\"lazy\" decoding=\"async\" class=\"alignright size-medium wp-image-313\" src=\"http:\/\/www.disquitos.fi\/kbu\/wp-content\/uploads\/2013\/05\/267764_10150378860244256_777575_n.jpg?w=300\" alt=\"267764_10150378860244256_777575_n\" width=\"300\" height=\"225\" srcset=\"https:\/\/www.disquitos.fi\/kbu\/wp-content\/uploads\/2013\/05\/267764_10150378860244256_777575_n.jpg 720w, https:\/\/www.disquitos.fi\/kbu\/wp-content\/uploads\/2013\/05\/267764_10150378860244256_777575_n-300x225.jpg 300w\" sizes=\"auto, (max-width: 300px) 100vw, 300px\" \/><\/a><br \/>\nJuha Santtila<br \/>\nKari Mustalahti<br \/>\nKalle Kinnunen<br \/>\nJonna Myllym\u00e4ki<br \/>\n\u00c4li Liiv<br \/>\nJesse Lohilahti<\/p>\n<p>&nbsp;<\/p>\n<p><strong>\u00c5vela<\/strong><a href=\"http:\/\/www.disquitos.fi\/kbu\/wp-content\/uploads\/2013\/05\/284564_10150378876864256_2596548_n.jpg\"><img loading=\"lazy\" decoding=\"async\" class=\"alignright size-medium wp-image-314\" src=\"http:\/\/www.disquitos.fi\/kbu\/wp-content\/uploads\/2013\/05\/284564_10150378876864256_2596548_n.jpg?w=225\" alt=\"284564_10150378876864256_2596548_n\" width=\"225\" height=\"300\" srcset=\"https:\/\/www.disquitos.fi\/kbu\/wp-content\/uploads\/2013\/05\/284564_10150378876864256_2596548_n.jpg 540w, https:\/\/www.disquitos.fi\/kbu\/wp-content\/uploads\/2013\/05\/284564_10150378876864256_2596548_n-225x300.jpg 225w\" sizes=\"auto, (max-width: 225px) 100vw, 225px\" \/><\/a><br \/>\nMarkku Kulmunki<br \/>\nAntti R\u00e4m\u00f6<br \/>\nVille Haakana<br \/>\nAnni Moilanen<br \/>\nSuvi Rahkolin<br \/>\nEija Mukkala<\/p>\n<p>&nbsp;<\/p>\n<p>&nbsp;<\/p>\n<p>&nbsp;<\/p>\n<p>&nbsp;<\/p>\n<p><strong>Zalama-Partio<\/strong><a href=\"http:\/\/www.disquitos.fi\/kbu\/wp-content\/uploads\/2013\/05\/283230_10150378859959256_180905_n.jpg\"><img loading=\"lazy\" decoding=\"async\" class=\"alignright size-medium wp-image-315\" src=\"http:\/\/www.disquitos.fi\/kbu\/wp-content\/uploads\/2013\/05\/283230_10150378859959256_180905_n.jpg?w=300\" alt=\"283230_10150378859959256_180905_n\" width=\"300\" height=\"225\" srcset=\"https:\/\/www.disquitos.fi\/kbu\/wp-content\/uploads\/2013\/05\/283230_10150378859959256_180905_n.jpg 720w, https:\/\/www.disquitos.fi\/kbu\/wp-content\/uploads\/2013\/05\/283230_10150378859959256_180905_n-300x225.jpg 300w\" sizes=\"auto, (max-width: 300px) 100vw, 300px\" \/><\/a><br \/>\nJuha Julkunen<br \/>\nVille Antila<br \/>\nJoni Lehtosaari<br \/>\nJonna Hepa-aho<br \/>\nMira Salo<br \/>\nJoni Jokikokko<\/p>\n<p><strong>\u00d6\u00f6li\u00e4 L\u00e4ikkyy<\/strong><br \/>\nTommi R\u00e4tt\u00f6<br \/>\nLauri Vehkala<br \/>\nVille Per\u00e4l\u00e4<br \/>\nAnna Kallunki<br \/>\nKati Matilainen<br \/>\nPetri Heikinmatti<br \/>\nSaija K\u00f6rkk\u00f6<\/p>\n","protected":false},"excerpt":{"rendered":"<p>Vuoden 2011 tulokset: G-piste \u00c5vela BB-rantatalo \u00d6\u00f6li\u00e4 L\u00e4ikkyy Quasimodo Zalama-Partio Arvokkain pelaaja: Jukka Piesk\u00e4 Spirit-pelaaja: Tommi R\u00e4tt\u00f6 Paras Dyykki: Anna Kallunki Pelit Alkusarja Joukkue Voitot Tappiot Tehdyt P\u00e4\u00e4stetyt Maaliero G Piste 5 0 38 20 18 \u00c5vela 4 1 33 23 10 BB Rantatalo 3 2 34 27 7 \u00d6\u00f6li\u00e4 L\u00e4ikkyy 2 3 25 34 &hellip; <\/p>\n<p><a class=\"more-link btn\" href=\"https:\/\/www.disquitos.fi\/kbu\/tulokset\/kbu2011\/\">Jatka lukemista<\/a><\/p>\n","protected":false},"author":1,"featured_media":0,"parent":130,"menu_order":100,"comment_status":"closed","ping_status":"closed","template":"","meta":{"footnotes":""},"class_list":["post-244","page","type-page","status-publish","hentry","nodate","item-wrap"],"_links":{"self":[{"href":"https:\/\/www.disquitos.fi\/kbu\/wp-json\/wp\/v2\/pages\/244","targetHints":{"allow":["GET"]}}],"collection":[{"href":"https:\/\/www.disquitos.fi\/kbu\/wp-json\/wp\/v2\/pages"}],"about":[{"href":"https:\/\/www.disquitos.fi\/kbu\/wp-json\/wp\/v2\/types\/page"}],"author":[{"embeddable":true,"href":"https:\/\/www.disquitos.fi\/kbu\/wp-json\/wp\/v2\/users\/1"}],"replies":[{"embeddable":true,"href":"https:\/\/www.disquitos.fi\/kbu\/wp-json\/wp\/v2\/comments?post=244"}],"version-history":[{"count":1,"href":"https:\/\/www.disquitos.fi\/kbu\/wp-json\/wp\/v2\/pages\/244\/revisions"}],"predecessor-version":[{"id":897,"href":"https:\/\/www.disquitos.fi\/kbu\/wp-json\/wp\/v2\/pages\/244\/revisions\/897"}],"up":[{"embeddable":true,"href":"https:\/\/www.disquitos.fi\/kbu\/wp-json\/wp\/v2\/pages\/130"}],"wp:attachment":[{"href":"https:\/\/www.disquitos.fi\/kbu\/wp-json\/wp\/v2\/media?parent=244"}],"curies":[{"name":"wp","href":"https:\/\/api.w.org\/{rel}","templated":true}]}}