{"id":1212,"date":"2024-08-14T00:17:20","date_gmt":"2024-08-13T21:17:20","guid":{"rendered":"https:\/\/www.disquitos.fi\/kbu\/?page_id=1212"},"modified":"2024-09-16T22:04:42","modified_gmt":"2024-09-16T19:04:42","slug":"2024-2","status":"publish","type":"page","link":"https:\/\/www.disquitos.fi\/kbu\/tulokset\/2024-2\/","title":{"rendered":"2024"},"content":{"rendered":"\n<figure class=\"wp-block-gallery has-nested-images columns-default is-cropped wp-block-gallery-1 is-layout-flex wp-block-gallery-is-layout-flex\">\n<figure class=\"wp-block-image size-large\"><img loading=\"lazy\" decoding=\"async\" width=\"1024\" height=\"442\" data-id=\"1225\" src=\"https:\/\/www.disquitos.fi\/kbu\/wp-content\/uploads\/2024\/09\/IMG_20240720_175445-scaled-e1726513406310-1024x442.jpg\" alt=\"\" class=\"wp-image-1225\" srcset=\"https:\/\/www.disquitos.fi\/kbu\/wp-content\/uploads\/2024\/09\/IMG_20240720_175445-scaled-e1726513406310-1024x442.jpg 1024w, https:\/\/www.disquitos.fi\/kbu\/wp-content\/uploads\/2024\/09\/IMG_20240720_175445-scaled-e1726513406310-300x129.jpg 300w, https:\/\/www.disquitos.fi\/kbu\/wp-content\/uploads\/2024\/09\/IMG_20240720_175445-scaled-e1726513406310-768x332.jpg 768w, https:\/\/www.disquitos.fi\/kbu\/wp-content\/uploads\/2024\/09\/IMG_20240720_175445-scaled-e1726513406310-1536x663.jpg 1536w, https:\/\/www.disquitos.fi\/kbu\/wp-content\/uploads\/2024\/09\/IMG_20240720_175445-scaled-e1726513406310-2048x884.jpg 2048w, https:\/\/www.disquitos.fi\/kbu\/wp-content\/uploads\/2024\/09\/IMG_20240720_175445-scaled-e1726513406310-750x324.jpg 750w\" sizes=\"auto, (max-width: 1024px) 100vw, 1024px\" \/><figcaption class=\"wp-element-caption\">Kalajoki Beach Ultimate 2024<\/figcaption><\/figure>\n<\/figure>\n\n\n\n<h3 class=\"wp-block-heading\"><strong><span style=\"text-decoration: underline;\">Sijoitukset<\/span><\/strong><\/h3>\n\n\n\n<ol class=\"wp-block-list\">\n<li>Ladybugs<\/li>\n\n\n\n<li>Splash the Orange<\/li>\n\n\n\n<li>Merenneidot<\/li>\n\n\n\n<li>Kriminaalit Krokotiilit<\/li>\n\n\n\n<li>Rommirusinat<\/li>\n\n\n\n<li>Ultravioletti<\/li>\n\n\n\n<li>Tacobananas<\/li>\n<\/ol>\n\n\n\n<figure class=\"wp-block-image size-full\"><img loading=\"lazy\" decoding=\"async\" width=\"1600\" height=\"824\" src=\"https:\/\/www.disquitos.fi\/kbu\/wp-content\/uploads\/2024\/08\/Ladybugs_Winners.jpg\" alt=\"\" class=\"wp-image-1214\" srcset=\"https:\/\/www.disquitos.fi\/kbu\/wp-content\/uploads\/2024\/08\/Ladybugs_Winners.jpg 1600w, https:\/\/www.disquitos.fi\/kbu\/wp-content\/uploads\/2024\/08\/Ladybugs_Winners-300x155.jpg 300w, https:\/\/www.disquitos.fi\/kbu\/wp-content\/uploads\/2024\/08\/Ladybugs_Winners-1024x527.jpg 1024w, https:\/\/www.disquitos.fi\/kbu\/wp-content\/uploads\/2024\/08\/Ladybugs_Winners-768x396.jpg 768w, https:\/\/www.disquitos.fi\/kbu\/wp-content\/uploads\/2024\/08\/Ladybugs_Winners-1536x791.jpg 1536w, https:\/\/www.disquitos.fi\/kbu\/wp-content\/uploads\/2024\/08\/Ladybugs_Winners-750x386.jpg 750w\" sizes=\"auto, (max-width: 1600px) 100vw, 1600px\" \/><figcaption class=\"wp-element-caption\">KBU Mestari 2024 &#8211; Ladybugs<\/figcaption><\/figure>\n\n\n\n<h3 class=\"wp-block-heading\"><strong><span style=\"text-decoration: underline;\">Spiritit<\/span><\/strong><\/h3>\n\n\n\n<figure class=\"wp-block-image size-large\"><img loading=\"lazy\" decoding=\"async\" width=\"1024\" height=\"515\" src=\"https:\/\/www.disquitos.fi\/kbu\/wp-content\/uploads\/2024\/08\/KriminaalitKrokotiilit_Spirit-1024x515.jpg\" alt=\"\" class=\"wp-image-1215\" srcset=\"https:\/\/www.disquitos.fi\/kbu\/wp-content\/uploads\/2024\/08\/KriminaalitKrokotiilit_Spirit-1024x515.jpg 1024w, https:\/\/www.disquitos.fi\/kbu\/wp-content\/uploads\/2024\/08\/KriminaalitKrokotiilit_Spirit-300x151.jpg 300w, https:\/\/www.disquitos.fi\/kbu\/wp-content\/uploads\/2024\/08\/KriminaalitKrokotiilit_Spirit-768x386.jpg 768w, https:\/\/www.disquitos.fi\/kbu\/wp-content\/uploads\/2024\/08\/KriminaalitKrokotiilit_Spirit-750x377.jpg 750w, https:\/\/www.disquitos.fi\/kbu\/wp-content\/uploads\/2024\/08\/KriminaalitKrokotiilit_Spirit.jpg 1498w\" sizes=\"auto, (max-width: 1024px) 100vw, 1024px\" \/><figcaption class=\"wp-element-caption\">Spirit voittaja 2024 &#8211; Kriminaalit Krokotiilit<\/figcaption><\/figure>\n\n\n\n<p><br><\/p>\n\n\n\n<h2 class=\"wp-block-heading\"><mark style=\"background-color:rgba(0, 0, 0, 0)\" class=\"has-inline-color has-luminous-vivid-orange-color\">JOUKKUEET<\/mark><\/h2>\n\n\n\n<p><\/p>\n\n\n\n<h4 class=\"wp-block-heading\">Ladybugs<\/h4>\n\n\n\n<figure class=\"wp-block-image size-full\"><img loading=\"lazy\" decoding=\"async\" width=\"1824\" height=\"993\" src=\"https:\/\/www.disquitos.fi\/kbu\/wp-content\/uploads\/2024\/08\/Ladybugs.jpg\" alt=\"\" class=\"wp-image-1217\" srcset=\"https:\/\/www.disquitos.fi\/kbu\/wp-content\/uploads\/2024\/08\/Ladybugs.jpg 1824w, https:\/\/www.disquitos.fi\/kbu\/wp-content\/uploads\/2024\/08\/Ladybugs-300x163.jpg 300w, https:\/\/www.disquitos.fi\/kbu\/wp-content\/uploads\/2024\/08\/Ladybugs-1024x557.jpg 1024w, https:\/\/www.disquitos.fi\/kbu\/wp-content\/uploads\/2024\/08\/Ladybugs-768x418.jpg 768w, https:\/\/www.disquitos.fi\/kbu\/wp-content\/uploads\/2024\/08\/Ladybugs-1536x836.jpg 1536w, https:\/\/www.disquitos.fi\/kbu\/wp-content\/uploads\/2024\/08\/Ladybugs-750x408.jpg 750w\" sizes=\"auto, (max-width: 1824px) 100vw, 1824px\" \/><figcaption class=\"wp-element-caption\">Ladybugs<\/figcaption><\/figure>\n\n\n\n<p>Jake Sevander<br>Aki Ropo<br>Annariikka Arska Paatola<br>Dayla Woller<br>Eero Metso<br>Henna Heikkinen<br>Lauri Raittila<\/p>\n\n\n\n<p><\/p>\n\n\n\n<h4 class=\"wp-block-heading\"><br>Splash of Orange<\/h4>\n\n\n\n<figure class=\"wp-block-image size-large\"><img loading=\"lazy\" decoding=\"async\" width=\"1024\" height=\"799\" src=\"https:\/\/www.disquitos.fi\/kbu\/wp-content\/uploads\/2024\/08\/SplashOfOrange-1024x799.jpg\" alt=\"\" class=\"wp-image-1220\" srcset=\"https:\/\/www.disquitos.fi\/kbu\/wp-content\/uploads\/2024\/08\/SplashOfOrange-1024x799.jpg 1024w, https:\/\/www.disquitos.fi\/kbu\/wp-content\/uploads\/2024\/08\/SplashOfOrange-300x234.jpg 300w, https:\/\/www.disquitos.fi\/kbu\/wp-content\/uploads\/2024\/08\/SplashOfOrange-768x600.jpg 768w, https:\/\/www.disquitos.fi\/kbu\/wp-content\/uploads\/2024\/08\/SplashOfOrange-1536x1199.jpg 1536w, https:\/\/www.disquitos.fi\/kbu\/wp-content\/uploads\/2024\/08\/SplashOfOrange-750x586.jpg 750w, https:\/\/www.disquitos.fi\/kbu\/wp-content\/uploads\/2024\/08\/SplashOfOrange.jpg 1678w\" sizes=\"auto, (max-width: 1024px) 100vw, 1024px\" \/><figcaption class=\"wp-element-caption\">Splash of Orange<\/figcaption><\/figure>\n\n\n\n<p>Ilari Nurmela<br>Annakaisa Ritala<br>D.J Kim<br>Jo<em>\u00e3<\/em>o Batista<br>Julia Kiehle<br>Niko P\u00e4\u00e4kk\u00f6nen<br>Satu Sallinen<\/p>\n\n\n\n<h4 class=\"wp-block-heading\"><br>Merenneidot<\/h4>\n\n\n\n<figure class=\"wp-block-image size-large\"><img loading=\"lazy\" decoding=\"async\" width=\"1024\" height=\"585\" src=\"https:\/\/www.disquitos.fi\/kbu\/wp-content\/uploads\/2024\/08\/Merenneidot-1024x585.jpg\" alt=\"\" class=\"wp-image-1218\" srcset=\"https:\/\/www.disquitos.fi\/kbu\/wp-content\/uploads\/2024\/08\/Merenneidot-1024x585.jpg 1024w, https:\/\/www.disquitos.fi\/kbu\/wp-content\/uploads\/2024\/08\/Merenneidot-300x171.jpg 300w, https:\/\/www.disquitos.fi\/kbu\/wp-content\/uploads\/2024\/08\/Merenneidot-768x439.jpg 768w, https:\/\/www.disquitos.fi\/kbu\/wp-content\/uploads\/2024\/08\/Merenneidot-1536x877.jpg 1536w, https:\/\/www.disquitos.fi\/kbu\/wp-content\/uploads\/2024\/08\/Merenneidot-750x428.jpg 750w, https:\/\/www.disquitos.fi\/kbu\/wp-content\/uploads\/2024\/08\/Merenneidot.jpg 1600w\" sizes=\"auto, (max-width: 1024px) 100vw, 1024px\" \/><figcaption class=\"wp-element-caption\">Merenneidot<\/figcaption><\/figure>\n\n\n\n<p>Getten Haas<br>Aleksi<br>Juha Julkunen<br>Mikko Lehtola<br>Raine Kinnunen<br>Saara Tamminen<br>Tuomas Talus<br><\/p>\n\n\n\n<h4 class=\"wp-block-heading\"><br>Kriminaalit Krokotiilit<\/h4>\n\n\n\n<figure class=\"wp-block-image size-large is-resized\"><img loading=\"lazy\" decoding=\"async\" width=\"1024\" height=\"554\" src=\"https:\/\/www.disquitos.fi\/kbu\/wp-content\/uploads\/2024\/08\/KriminaalitKrokotiilit-1024x554.jpg\" alt=\"\" class=\"wp-image-1216\" style=\"width:750px;height:auto\" srcset=\"https:\/\/www.disquitos.fi\/kbu\/wp-content\/uploads\/2024\/08\/KriminaalitKrokotiilit-1024x554.jpg 1024w, https:\/\/www.disquitos.fi\/kbu\/wp-content\/uploads\/2024\/08\/KriminaalitKrokotiilit-300x162.jpg 300w, https:\/\/www.disquitos.fi\/kbu\/wp-content\/uploads\/2024\/08\/KriminaalitKrokotiilit-768x416.jpg 768w, https:\/\/www.disquitos.fi\/kbu\/wp-content\/uploads\/2024\/08\/KriminaalitKrokotiilit-1536x831.jpg 1536w, https:\/\/www.disquitos.fi\/kbu\/wp-content\/uploads\/2024\/08\/KriminaalitKrokotiilit-750x406.jpg 750w, https:\/\/www.disquitos.fi\/kbu\/wp-content\/uploads\/2024\/08\/KriminaalitKrokotiilit.jpg 2048w\" sizes=\"auto, (max-width: 1024px) 100vw, 1024px\" \/><figcaption class=\"wp-element-caption\">Kriminaalit Krokotiilit<\/figcaption><\/figure>\n\n\n\n<p>Tiia Junnikkala<br>Miikka Sulonen<br>Miro Virnes<br>Pauliina Ounila<br>Sami Tuominen<br>Satu Berggren<br>Valtteri Kangasm\u00e4ki<\/p>\n\n\n\n<h4 class=\"wp-block-heading\"><br>Rommirusinat<\/h4>\n\n\n\n<figure class=\"wp-block-image size-large\"><img loading=\"lazy\" decoding=\"async\" width=\"1024\" height=\"760\" src=\"https:\/\/www.disquitos.fi\/kbu\/wp-content\/uploads\/2024\/08\/Rommirusinat-1024x760.jpg\" alt=\"\" class=\"wp-image-1219\" srcset=\"https:\/\/www.disquitos.fi\/kbu\/wp-content\/uploads\/2024\/08\/Rommirusinat-1024x760.jpg 1024w, https:\/\/www.disquitos.fi\/kbu\/wp-content\/uploads\/2024\/08\/Rommirusinat-300x223.jpg 300w, https:\/\/www.disquitos.fi\/kbu\/wp-content\/uploads\/2024\/08\/Rommirusinat-768x570.jpg 768w, https:\/\/www.disquitos.fi\/kbu\/wp-content\/uploads\/2024\/08\/Rommirusinat-1536x1140.jpg 1536w, https:\/\/www.disquitos.fi\/kbu\/wp-content\/uploads\/2024\/08\/Rommirusinat-750x557.jpg 750w, https:\/\/www.disquitos.fi\/kbu\/wp-content\/uploads\/2024\/08\/Rommirusinat.jpg 1607w\" sizes=\"auto, (max-width: 1024px) 100vw, 1024px\" \/><figcaption class=\"wp-element-caption\">Rommirusinat<\/figcaption><\/figure>\n\n\n\n<p>Janne Havinen<br>Aarni Nagy<br>Johanna Harju<br>Jonna Hepa-aho<br>Riikka Rajaniemi<br>Sini Kokkonen<br>Sydney Arola<br>Ville Arvio<\/p>\n\n\n\n<h4 class=\"wp-block-heading\"><br>Ultravioletti<\/h4>\n\n\n\n<figure class=\"wp-block-image size-large\"><img loading=\"lazy\" decoding=\"async\" width=\"1024\" height=\"605\" src=\"https:\/\/www.disquitos.fi\/kbu\/wp-content\/uploads\/2024\/08\/Ultravioletti-1024x605.jpg\" alt=\"\" class=\"wp-image-1222\" srcset=\"https:\/\/www.disquitos.fi\/kbu\/wp-content\/uploads\/2024\/08\/Ultravioletti-1024x605.jpg 1024w, https:\/\/www.disquitos.fi\/kbu\/wp-content\/uploads\/2024\/08\/Ultravioletti-300x177.jpg 300w, https:\/\/www.disquitos.fi\/kbu\/wp-content\/uploads\/2024\/08\/Ultravioletti-768x454.jpg 768w, https:\/\/www.disquitos.fi\/kbu\/wp-content\/uploads\/2024\/08\/Ultravioletti-1536x908.jpg 1536w, https:\/\/www.disquitos.fi\/kbu\/wp-content\/uploads\/2024\/08\/Ultravioletti-750x443.jpg 750w, https:\/\/www.disquitos.fi\/kbu\/wp-content\/uploads\/2024\/08\/Ultravioletti.jpg 1820w\" sizes=\"auto, (max-width: 1024px) 100vw, 1024px\" \/><figcaption class=\"wp-element-caption\">Ultravioletti<\/figcaption><\/figure>\n\n\n\n<p>Tapio Moilanen<br>Aleksi Mustonen<br>Jonna T\u00f6rm\u00e4lehto<br>Johanna Kopperoinen<br>Kaisa Vihervaara<br>Kimmo Sirkka<br>Tuomas Krook<\/p>\n\n\n\n<p><\/p>\n\n\n\n<h4 class=\"wp-block-heading\">Tacobananas<\/h4>\n\n\n\n<figure class=\"wp-block-image size-large is-resized\"><img loading=\"lazy\" decoding=\"async\" width=\"1024\" height=\"758\" src=\"https:\/\/www.disquitos.fi\/kbu\/wp-content\/uploads\/2024\/08\/Tacobananas-1024x758.jpg\" alt=\"\" class=\"wp-image-1221\" style=\"width:750px;height:auto\" srcset=\"https:\/\/www.disquitos.fi\/kbu\/wp-content\/uploads\/2024\/08\/Tacobananas-1024x758.jpg 1024w, https:\/\/www.disquitos.fi\/kbu\/wp-content\/uploads\/2024\/08\/Tacobananas-300x222.jpg 300w, https:\/\/www.disquitos.fi\/kbu\/wp-content\/uploads\/2024\/08\/Tacobananas-768x568.jpg 768w, https:\/\/www.disquitos.fi\/kbu\/wp-content\/uploads\/2024\/08\/Tacobananas-750x555.jpg 750w, https:\/\/www.disquitos.fi\/kbu\/wp-content\/uploads\/2024\/08\/Tacobananas.jpg 1200w\" sizes=\"auto, (max-width: 1024px) 100vw, 1024px\" \/><figcaption class=\"wp-element-caption\">Tacobananas<\/figcaption><\/figure>\n\n\n\n<p>Hanna Mikkonen<br>Abhinav Omprakash<br>Kati-Mari Kakko<br>Lasse Kaaos<br>Maisa Niemel\u00e4<br>Pinja Rajala<br>Teemu Pesonen<br>Tiia Niemel\u00e4<\/p>\n\n\n\n<p><\/p>\n\n\n\n<h2 class=\"wp-block-heading\"><mark style=\"background-color:rgba(0, 0, 0, 0)\" class=\"has-inline-color has-luminous-vivid-orange-color\"><strong>P<\/strong>ELIT<\/mark><\/h2>\n\n\n\n<div class=\"wp-block-columns is-layout-flex wp-container-core-columns-is-layout-9d6595d7 wp-block-columns-is-layout-flex\">\n<div class=\"wp-block-column is-layout-flow wp-block-column-is-layout-flow\" style=\"flex-basis:100%\">\n<figure class=\"wp-block-table is-style-regular\"><table><tbody><tr><td><strong>Joukkue<\/strong><\/td><td><strong>Voitot<\/strong><\/td><td><strong>Tappiot<\/strong><\/td><td><strong>Maaliero<\/strong><\/td><\/tr><tr><td>Ladybugs<\/td><td>6<\/td><td>0<\/td><td>44 &#8211; 14<\/td><\/tr><tr><td>Splash of Orange<\/td><td>5<\/td><td>1<\/td><td>35 &#8211; 20<\/td><\/tr><tr><td>Merenneidot<\/td><td>4<\/td><td>2<\/td><td>36 &#8211; 27<\/td><\/tr><tr><td>Kriminaalit Krokotiilit<\/td><td>3<\/td><td>3<\/td><td>33 &#8211; 30<\/td><\/tr><tr><td>Rommirusinat<\/td><td>2<\/td><td>4<\/td><td>24 &#8211; 37<\/td><\/tr><tr><td>Ultravioletti<\/td><td>1<\/td><td>4<\/td><td>21 &#8211; 41<\/td><\/tr><tr><td>Tacobananas<\/td><td>0<\/td><td>6<\/td><td>17 &#8211; 41<\/td><\/tr><tr><td><\/td><td><\/td><td><\/td><td><\/td><\/tr><\/tbody><\/table><\/figure>\n<\/div>\n<\/div>\n\n\n\n<p class=\"has-text-align-left\"><strong><span style=\"text-decoration: underline;\">Round Robin &#8211; Pelit<\/span><\/strong><\/p>\n\n\n\n<figure class=\"wp-block-table\"><table><tbody><tr><td>Merenneidot<\/td><td>Rommirusinat<\/td><td>7 &#8211; 3<\/td><\/tr><tr><td>Ladybugs<\/td><td>Splash of Orange<\/td><td>6 &#8211; 2<\/td><\/tr><tr><td>Kriminaalit Krokotiilit<\/td><td>Tacobananas<\/td><td>10 &#8211; 2<\/td><\/tr><tr><td>Ultravioletti<\/td><td>Kriminaalit Krokotiilit<\/td><td>3 &#8211; 8<\/td><\/tr><tr><td>Merenneidot<\/td><td>Ladybugs<\/td><td>5 &#8211; 6<\/td><\/tr><tr><td>Splash of Orange<\/td><td>Ultravioletti<\/td><td>7 &#8211; 3<\/td><\/tr><tr><td>Tacobananas<\/td><td>Ladybugs<\/td><td>1 &#8211; 10<\/td><\/tr><tr><td>Splash of Orange<\/td><td>Kriminaalit Krokotiilit<\/td><td>7 &#8211; 2<\/td><\/tr><tr><td>Ultravioletti<\/td><td>Ladybugs<\/td><td>2 &#8211; 7<\/td><\/tr><tr><td>Rommirusinat<\/td><td>Kriminaalit Krokotiilit<\/td><td>3 &#8211; 7<\/td><\/tr><tr><td>Tacobananas<\/td><td>Merenneidot<\/td><td>4 &#8211; 5<\/td><\/tr><tr><td>Ultravioletti<\/td><td>Tacobananas<\/td><td>6 &#8211; 4<\/td><\/tr><tr><td>Merenneidot<\/td><td>Ultravioletti<\/td><td>7 &#8211; 4<\/td><\/tr><tr><td>Ladybugs<\/td><td>Rommirusinat<\/td><td>8 &#8211; 2<\/td><\/tr><tr><td>Tacobananas<\/td><td>Splash of Orange<\/td><td>2 &#8211; 5<\/td><\/tr><tr><td>Tacobananas<\/td><td>Rommrusinat<\/td><td>4 &#8211; 5<\/td><\/tr><tr><td>Merenneidot<\/td><td>Kriminaalit Krokotiilit<\/td><td>8 &#8211; 4<\/td><\/tr><tr><td>Rommirusinat<\/td><td>Ultravioletti<\/td><td>8 &#8211; 3<\/td><\/tr><tr><td>Merenneidot<\/td><td>Splash of Orange<\/td><td>4 &#8211; 6<\/td><\/tr><tr><td>Rommirusinat<\/td><td>Splash of Orange<\/td><td>3 &#8211; 8<\/td><\/tr><tr><td>Ladybugs<\/td><td>Kriminaalit Krokotiilit<\/td><td>7 &#8211; 2<\/td><\/tr><tr><td><\/td><td><\/td><td><\/td><\/tr><\/tbody><\/table><\/figure>\n\n\n\n<p><span style=\"text-decoration: underline;\"><\/span><\/p>\n","protected":false},"excerpt":{"rendered":"<p>Sijoitukset Spiritit JOUKKUEET Ladybugs Jake SevanderAki RopoAnnariikka Arska PaatolaDayla WollerEero MetsoHenna HeikkinenLauri Raittila Splash of Orange Ilari NurmelaAnnakaisa RitalaD.J KimJo\u00e3o BatistaJulia KiehleNiko P\u00e4\u00e4kk\u00f6nenSatu Sallinen Merenneidot Getten HaasAleksiJuha JulkunenMikko LehtolaRaine KinnunenSaara TamminenTuomas Talus Kriminaalit Krokotiilit Tiia JunnikkalaMiikka SulonenMiro VirnesPauliina OunilaSami TuominenSatu BerggrenValtteri Kangasm\u00e4ki Rommirusinat Janne HavinenAarni NagyJohanna HarjuJonna Hepa-ahoRiikka RajaniemiSini KokkonenSydney ArolaVille Arvio Ultravioletti Tapio MoilanenAleksi &hellip; <\/p>\n<p><a class=\"more-link btn\" href=\"https:\/\/www.disquitos.fi\/kbu\/tulokset\/2024-2\/\">Jatka lukemista<\/a><\/p>\n","protected":false},"author":7,"featured_media":0,"parent":130,"menu_order":-2,"comment_status":"closed","ping_status":"closed","template":"","meta":{"footnotes":""},"class_list":["post-1212","page","type-page","status-publish","hentry","nodate","item-wrap"],"_links":{"self":[{"href":"https:\/\/www.disquitos.fi\/kbu\/wp-json\/wp\/v2\/pages\/1212","targetHints":{"allow":["GET"]}}],"collection":[{"href":"https:\/\/www.disquitos.fi\/kbu\/wp-json\/wp\/v2\/pages"}],"about":[{"href":"https:\/\/www.disquitos.fi\/kbu\/wp-json\/wp\/v2\/types\/page"}],"author":[{"embeddable":true,"href":"https:\/\/www.disquitos.fi\/kbu\/wp-json\/wp\/v2\/users\/7"}],"replies":[{"embeddable":true,"href":"https:\/\/www.disquitos.fi\/kbu\/wp-json\/wp\/v2\/comments?post=1212"}],"version-history":[{"count":2,"href":"https:\/\/www.disquitos.fi\/kbu\/wp-json\/wp\/v2\/pages\/1212\/revisions"}],"predecessor-version":[{"id":1226,"href":"https:\/\/www.disquitos.fi\/kbu\/wp-json\/wp\/v2\/pages\/1212\/revisions\/1226"}],"up":[{"embeddable":true,"href":"https:\/\/www.disquitos.fi\/kbu\/wp-json\/wp\/v2\/pages\/130"}],"wp:attachment":[{"href":"https:\/\/www.disquitos.fi\/kbu\/wp-json\/wp\/v2\/media?parent=1212"}],"curies":[{"name":"wp","href":"https:\/\/api.w.org\/{rel}","templated":true}]}}