{"id":1167,"date":"2023-09-17T00:07:47","date_gmt":"2023-09-16T21:07:47","guid":{"rendered":"https:\/\/www.disquitos.fi\/kbu\/?page_id=1167"},"modified":"2023-10-02T23:10:27","modified_gmt":"2023-10-02T20:10:27","slug":"2023-2","status":"publish","type":"page","link":"https:\/\/www.disquitos.fi\/kbu\/tulokset\/2023-2\/","title":{"rendered":"2023"},"content":{"rendered":"\n<figure class=\"wp-block-gallery has-nested-images columns-default is-cropped wp-block-gallery-1 is-layout-flex wp-block-gallery-is-layout-flex\">\n<figure class=\"wp-block-image size-large\"><img loading=\"lazy\" decoding=\"async\" width=\"1024\" height=\"461\" data-id=\"1172\" src=\"https:\/\/www.disquitos.fi\/kbu\/wp-content\/uploads\/2023\/09\/IMG-20230730-WA0010-2-1024x461.jpg\" alt=\"KBU 2023\" class=\"wp-image-1172\" srcset=\"https:\/\/www.disquitos.fi\/kbu\/wp-content\/uploads\/2023\/09\/IMG-20230730-WA0010-2-1024x461.jpg 1024w, https:\/\/www.disquitos.fi\/kbu\/wp-content\/uploads\/2023\/09\/IMG-20230730-WA0010-2-300x135.jpg 300w, https:\/\/www.disquitos.fi\/kbu\/wp-content\/uploads\/2023\/09\/IMG-20230730-WA0010-2-768x346.jpg 768w, https:\/\/www.disquitos.fi\/kbu\/wp-content\/uploads\/2023\/09\/IMG-20230730-WA0010-2-1536x692.jpg 1536w, https:\/\/www.disquitos.fi\/kbu\/wp-content\/uploads\/2023\/09\/IMG-20230730-WA0010-2-750x338.jpg 750w, https:\/\/www.disquitos.fi\/kbu\/wp-content\/uploads\/2023\/09\/IMG-20230730-WA0010-2.jpg 1600w\" sizes=\"auto, (max-width: 1024px) 100vw, 1024px\" \/><figcaption class=\"wp-element-caption\"><strong><mark style=\"background-color:rgba(0, 0, 0, 0)\" class=\"has-inline-color has-white-color\">KBU 2023<\/mark><\/strong><\/figcaption><\/figure>\n<\/figure>\n\n\n\n<h3 class=\"wp-block-heading\"><strong><span style=\"text-decoration: underline;\">Sijoitukset<\/span><\/strong><\/h3>\n\n\n\n<ol class=\"wp-block-list\">\n<li>Blue Whales<\/li>\n\n\n\n<li>Black Birds<\/li>\n\n\n\n<li>Violence<\/li>\n\n\n\n<li>Red Lobsters<\/li>\n\n\n\n<li>The Real Teal<\/li>\n\n\n\n<li>Jungle Speed<\/li>\n\n\n\n<li>Kuusi<\/li>\n\n\n\n<li>Pinkki Winky<\/li>\n\n\n\n<li>Oranssi Aurinko<\/li>\n\n\n\n<li>Yellow Submarine<\/li>\n<\/ol>\n\n\n\n<figure class=\"wp-block-image size-full is-resized\"><img loading=\"lazy\" decoding=\"async\" src=\"https:\/\/www.disquitos.fi\/kbu\/wp-content\/uploads\/2023\/09\/IMG-20230730-WA0011.jpg\" alt=\"KBU 2023 Mestari\" class=\"wp-image-1168\" width=\"842\" height=\"777\" srcset=\"https:\/\/www.disquitos.fi\/kbu\/wp-content\/uploads\/2023\/09\/IMG-20230730-WA0011.jpg 721w, https:\/\/www.disquitos.fi\/kbu\/wp-content\/uploads\/2023\/09\/IMG-20230730-WA0011-300x277.jpg 300w\" sizes=\"auto, (max-width: 842px) 100vw, 842px\" \/><figcaption class=\"wp-element-caption\">KBU Mestari 2023 &#8211; Blue Whales<\/figcaption><\/figure>\n\n\n\n<h3 class=\"wp-block-heading\"><strong><span style=\"text-decoration: underline;\">Spiritit<\/span><\/strong><\/h3>\n\n\n\n<ol class=\"wp-block-list\">\n<li>Kuusi<\/li>\n<\/ol>\n\n\n\n<figure class=\"wp-block-image size-full is-resized\"><img loading=\"lazy\" decoding=\"async\" src=\"https:\/\/www.disquitos.fi\/kbu\/wp-content\/uploads\/2023\/09\/IMG-20230730-WA0007.jpg\" alt=\"Spirit voittaja 2023\" class=\"wp-image-1170\" width=\"841\" height=\"815\" srcset=\"https:\/\/www.disquitos.fi\/kbu\/wp-content\/uploads\/2023\/09\/IMG-20230730-WA0007.jpg 721w, https:\/\/www.disquitos.fi\/kbu\/wp-content\/uploads\/2023\/09\/IMG-20230730-WA0007-300x291.jpg 300w\" sizes=\"auto, (max-width: 841px) 100vw, 841px\" \/><figcaption class=\"wp-element-caption\">Spirit voittaja 2023 &#8211; Kuusi <\/figcaption><\/figure>\n\n\n\n<p><strong>Paras Dyykki:<\/strong> Piran Merkl<br><strong>Most Valuable Player:<\/strong> Eero M\u00e4\u00e4tt\u00e4<\/p>\n\n\n\n<figure class=\"wp-block-image size-large is-resized\"><img loading=\"lazy\" decoding=\"async\" src=\"https:\/\/www.disquitos.fi\/kbu\/wp-content\/uploads\/2023\/09\/IMG-20230730-WA0008-586x1024.jpg\" alt=\"\" class=\"wp-image-1171\" width=\"432\" height=\"755\" srcset=\"https:\/\/www.disquitos.fi\/kbu\/wp-content\/uploads\/2023\/09\/IMG-20230730-WA0008-586x1024.jpg 586w, https:\/\/www.disquitos.fi\/kbu\/wp-content\/uploads\/2023\/09\/IMG-20230730-WA0008-172x300.jpg 172w, https:\/\/www.disquitos.fi\/kbu\/wp-content\/uploads\/2023\/09\/IMG-20230730-WA0008.jpg 676w\" sizes=\"auto, (max-width: 432px) 100vw, 432px\" \/><figcaption class=\"wp-element-caption\">Most valuable player &#8211; Eero M\u00e4\u00e4tt\u00e4<\/figcaption><\/figure>\n\n\n\n<figure class=\"wp-block-image size-large is-resized\"><img loading=\"lazy\" decoding=\"async\" src=\"https:\/\/www.disquitos.fi\/kbu\/wp-content\/uploads\/2023\/09\/IMG-20230730-WA0006-544x1024.jpg\" alt=\"\" class=\"wp-image-1169\" width=\"432\" height=\"813\" srcset=\"https:\/\/www.disquitos.fi\/kbu\/wp-content\/uploads\/2023\/09\/IMG-20230730-WA0006-544x1024.jpg 544w, https:\/\/www.disquitos.fi\/kbu\/wp-content\/uploads\/2023\/09\/IMG-20230730-WA0006-159x300.jpg 159w, https:\/\/www.disquitos.fi\/kbu\/wp-content\/uploads\/2023\/09\/IMG-20230730-WA0006.jpg 592w\" sizes=\"auto, (max-width: 432px) 100vw, 432px\" \/><figcaption class=\"wp-element-caption\">Paras dyykki &#8211; Piran Merkl<\/figcaption><\/figure>\n\n\n\n<p><br><\/p>\n\n\n\n<h2 class=\"wp-block-heading\"><mark style=\"background-color:rgba(0, 0, 0, 0)\" class=\"has-inline-color has-luminous-vivid-orange-color\">JOUKKUEET<\/mark><\/h2>\n\n\n\n<p><\/p>\n\n\n\n<h4 class=\"wp-block-heading\">Blue Whales<\/h4>\n\n\n\n<figure class=\"wp-block-image size-full\"><img loading=\"lazy\" decoding=\"async\" width=\"957\" height=\"512\" src=\"https:\/\/www.disquitos.fi\/kbu\/wp-content\/uploads\/2023\/09\/IMG-20230729-WA0034.jpg\" alt=\"\" class=\"wp-image-1180\" srcset=\"https:\/\/www.disquitos.fi\/kbu\/wp-content\/uploads\/2023\/09\/IMG-20230729-WA0034.jpg 957w, https:\/\/www.disquitos.fi\/kbu\/wp-content\/uploads\/2023\/09\/IMG-20230729-WA0034-300x161.jpg 300w, https:\/\/www.disquitos.fi\/kbu\/wp-content\/uploads\/2023\/09\/IMG-20230729-WA0034-768x411.jpg 768w, https:\/\/www.disquitos.fi\/kbu\/wp-content\/uploads\/2023\/09\/IMG-20230729-WA0034-750x401.jpg 750w\" sizes=\"auto, (max-width: 957px) 100vw, 957px\" \/><figcaption class=\"wp-element-caption\">Blue Whales<\/figcaption><\/figure>\n\n\n\n<p>Elisa Pursiainen<br>Aku Westerberg<br>Eemi Oksanen<br>Eero M\u00e4\u00e4tt\u00e4<br>Hellen Koskinen<br>Miikka Keski-S\u00e4ntti<br>Tapio Salmela<\/p>\n\n\n\n<p><\/p>\n\n\n\n<h4 class=\"wp-block-heading\"><br>Black Birds<\/h4>\n\n\n\n<figure class=\"wp-block-image size-large\"><img loading=\"lazy\" decoding=\"async\" width=\"1024\" height=\"666\" src=\"https:\/\/www.disquitos.fi\/kbu\/wp-content\/uploads\/2023\/09\/IMG-20230729-WA0033-1024x666.jpg\" alt=\"\" class=\"wp-image-1179\" srcset=\"https:\/\/www.disquitos.fi\/kbu\/wp-content\/uploads\/2023\/09\/IMG-20230729-WA0033-1024x666.jpg 1024w, https:\/\/www.disquitos.fi\/kbu\/wp-content\/uploads\/2023\/09\/IMG-20230729-WA0033-300x195.jpg 300w, https:\/\/www.disquitos.fi\/kbu\/wp-content\/uploads\/2023\/09\/IMG-20230729-WA0033-768x499.jpg 768w, https:\/\/www.disquitos.fi\/kbu\/wp-content\/uploads\/2023\/09\/IMG-20230729-WA0033-1536x998.jpg 1536w, https:\/\/www.disquitos.fi\/kbu\/wp-content\/uploads\/2023\/09\/IMG-20230729-WA0033-750x488.jpg 750w, https:\/\/www.disquitos.fi\/kbu\/wp-content\/uploads\/2023\/09\/IMG-20230729-WA0033.jpg 1860w\" sizes=\"auto, (max-width: 1024px) 100vw, 1024px\" \/><figcaption class=\"wp-element-caption\">Black Birds<\/figcaption><\/figure>\n\n\n\n<p>Aarni Nagy<br>Dayla Woller<br>Juha Santtila<br>Olli Huotari<br>Pilvi Kokkonen<br>Sami Tuominen<br>Tero Kontkanen<\/p>\n\n\n\n<h4 class=\"wp-block-heading\"><br>Violence<\/h4>\n\n\n\n<figure class=\"wp-block-image size-large\"><img loading=\"lazy\" decoding=\"async\" width=\"1024\" height=\"774\" src=\"https:\/\/www.disquitos.fi\/kbu\/wp-content\/uploads\/2023\/09\/IMG-20230729-WA0016-1024x774.jpg\" alt=\"\" class=\"wp-image-1174\" srcset=\"https:\/\/www.disquitos.fi\/kbu\/wp-content\/uploads\/2023\/09\/IMG-20230729-WA0016-1024x774.jpg 1024w, https:\/\/www.disquitos.fi\/kbu\/wp-content\/uploads\/2023\/09\/IMG-20230729-WA0016-300x227.jpg 300w, https:\/\/www.disquitos.fi\/kbu\/wp-content\/uploads\/2023\/09\/IMG-20230729-WA0016-768x580.jpg 768w, https:\/\/www.disquitos.fi\/kbu\/wp-content\/uploads\/2023\/09\/IMG-20230729-WA0016-750x567.jpg 750w, https:\/\/www.disquitos.fi\/kbu\/wp-content\/uploads\/2023\/09\/IMG-20230729-WA0016.jpg 1485w\" sizes=\"auto, (max-width: 1024px) 100vw, 1024px\" \/><figcaption class=\"wp-element-caption\">Violence<\/figcaption><\/figure>\n\n\n\n<p>Tapio Moilanen<br>Eero Metso<br>Heidi Poutanen<br>Jo<em>\u00e3<\/em>o Batista<br>Jonna T\u00f6rm\u00e4lehto<br>Mikko Lehtola<br>Mikko Nieminen<br><\/p>\n\n\n\n<h4 class=\"wp-block-heading\"><br>Red Lobsters<\/h4>\n\n\n\n<figure class=\"wp-block-image size-large\"><img loading=\"lazy\" decoding=\"async\" width=\"1024\" height=\"768\" src=\"https:\/\/www.disquitos.fi\/kbu\/wp-content\/uploads\/2023\/09\/IMG-20230729-WA0021-1024x768.jpg\" alt=\"\" class=\"wp-image-1175\" srcset=\"https:\/\/www.disquitos.fi\/kbu\/wp-content\/uploads\/2023\/09\/IMG-20230729-WA0021-1024x768.jpg 1024w, https:\/\/www.disquitos.fi\/kbu\/wp-content\/uploads\/2023\/09\/IMG-20230729-WA0021-300x225.jpg 300w, https:\/\/www.disquitos.fi\/kbu\/wp-content\/uploads\/2023\/09\/IMG-20230729-WA0021-768x576.jpg 768w, https:\/\/www.disquitos.fi\/kbu\/wp-content\/uploads\/2023\/09\/IMG-20230729-WA0021-750x562.jpg 750w, https:\/\/www.disquitos.fi\/kbu\/wp-content\/uploads\/2023\/09\/IMG-20230729-WA0021.jpg 1434w\" sizes=\"auto, (max-width: 1024px) 100vw, 1024px\" \/><figcaption class=\"wp-element-caption\">Red Lobsters<\/figcaption><\/figure>\n\n\n\n<p>Ilari Nurmela<br>Aleksi Mustonen<br>Arimo Nagy<br>Esa T\u00f6rmikoski<br>Kimmo Sirkka<br>Minna Kauppi<br>Pinja Rajala<\/p>\n\n\n\n<h4 class=\"wp-block-heading\"><br>The Real Teal<\/h4>\n\n\n\n<figure class=\"wp-block-image size-large is-resized\"><img loading=\"lazy\" decoding=\"async\" src=\"https:\/\/www.disquitos.fi\/kbu\/wp-content\/uploads\/2023\/09\/IMG-20230729-WA0008-1024x1004.jpg\" alt=\"\" class=\"wp-image-1181\" width=\"840\" height=\"823\" srcset=\"https:\/\/www.disquitos.fi\/kbu\/wp-content\/uploads\/2023\/09\/IMG-20230729-WA0008-1024x1004.jpg 1024w, https:\/\/www.disquitos.fi\/kbu\/wp-content\/uploads\/2023\/09\/IMG-20230729-WA0008-300x294.jpg 300w, https:\/\/www.disquitos.fi\/kbu\/wp-content\/uploads\/2023\/09\/IMG-20230729-WA0008-768x753.jpg 768w, https:\/\/www.disquitos.fi\/kbu\/wp-content\/uploads\/2023\/09\/IMG-20230729-WA0008-750x735.jpg 750w, https:\/\/www.disquitos.fi\/kbu\/wp-content\/uploads\/2023\/09\/IMG-20230729-WA0008.jpg 1073w\" sizes=\"auto, (max-width: 840px) 100vw, 840px\" \/><figcaption class=\"wp-element-caption\">The Real Teal<\/figcaption><\/figure>\n\n\n\n<p>Mikko Alitalo<br>Annie Hiiriniitty<br>David Sandstr\u00f6m<br>Jake Sevander<br>Jule Kiehle<br>Tiia Junnikkala<br>Valtteri Tarvus<\/p>\n\n\n\n<h4 class=\"wp-block-heading\"><br>Jungle Speed<\/h4>\n\n\n\n<figure class=\"wp-block-image size-large\"><img loading=\"lazy\" decoding=\"async\" width=\"1024\" height=\"692\" src=\"https:\/\/www.disquitos.fi\/kbu\/wp-content\/uploads\/2023\/09\/IMG-20230729-WA0014-1024x692.jpg\" alt=\"\" class=\"wp-image-1173\" srcset=\"https:\/\/www.disquitos.fi\/kbu\/wp-content\/uploads\/2023\/09\/IMG-20230729-WA0014-1024x692.jpg 1024w, https:\/\/www.disquitos.fi\/kbu\/wp-content\/uploads\/2023\/09\/IMG-20230729-WA0014-300x203.jpg 300w, https:\/\/www.disquitos.fi\/kbu\/wp-content\/uploads\/2023\/09\/IMG-20230729-WA0014-768x519.jpg 768w, https:\/\/www.disquitos.fi\/kbu\/wp-content\/uploads\/2023\/09\/IMG-20230729-WA0014-1536x1038.jpg 1536w, https:\/\/www.disquitos.fi\/kbu\/wp-content\/uploads\/2023\/09\/IMG-20230729-WA0014-750x507.jpg 750w, https:\/\/www.disquitos.fi\/kbu\/wp-content\/uploads\/2023\/09\/IMG-20230729-WA0014.jpg 2000w\" sizes=\"auto, (max-width: 1024px) 100vw, 1024px\" \/><figcaption class=\"wp-element-caption\">Jungle Speed<\/figcaption><\/figure>\n\n\n\n<p>Getten Haas<br>Jimmy Bertelsen<br>Lauri Raittila<br>Piran Merkl<br>Sidney Arola<br>Teemu Ritvanen<br>Kati-Mari Kakko<\/p>\n\n\n\n<p><\/p>\n\n\n\n<h4 class=\"wp-block-heading\">Kuusi<\/h4>\n\n\n\n<figure class=\"wp-block-image size-large\"><img loading=\"lazy\" decoding=\"async\" width=\"855\" height=\"1024\" src=\"https:\/\/www.disquitos.fi\/kbu\/wp-content\/uploads\/2023\/09\/IMG-20230729-WA0022-855x1024.jpg\" alt=\"\" class=\"wp-image-1176\" srcset=\"https:\/\/www.disquitos.fi\/kbu\/wp-content\/uploads\/2023\/09\/IMG-20230729-WA0022-855x1024.jpg 855w, https:\/\/www.disquitos.fi\/kbu\/wp-content\/uploads\/2023\/09\/IMG-20230729-WA0022-250x300.jpg 250w, https:\/\/www.disquitos.fi\/kbu\/wp-content\/uploads\/2023\/09\/IMG-20230729-WA0022-768x920.jpg 768w, https:\/\/www.disquitos.fi\/kbu\/wp-content\/uploads\/2023\/09\/IMG-20230729-WA0022-750x899.jpg 750w, https:\/\/www.disquitos.fi\/kbu\/wp-content\/uploads\/2023\/09\/IMG-20230729-WA0022.jpg 1070w\" sizes=\"auto, (max-width: 855px) 100vw, 855px\" \/><figcaption class=\"wp-element-caption\">Kuusi<\/figcaption><\/figure>\n\n\n\n<p>Kari Hulkko<br>Sanna Laitinen<br>Hanna Reunanen<br>Jaakko Kemppainen<br>Reto Glaus<br>Satu Berggren<br>Ville Arvio<\/p>\n\n\n\n<p><\/p>\n\n\n\n<h4 class=\"wp-block-heading\">Pinkki Winky<\/h4>\n\n\n\n<figure class=\"wp-block-image size-large\"><img loading=\"lazy\" decoding=\"async\" width=\"1024\" height=\"768\" src=\"https:\/\/www.disquitos.fi\/kbu\/wp-content\/uploads\/2023\/09\/IMG-20230729-WA0027-1024x768.jpg\" alt=\"\" class=\"wp-image-1178\" srcset=\"https:\/\/www.disquitos.fi\/kbu\/wp-content\/uploads\/2023\/09\/IMG-20230729-WA0027-1024x768.jpg 1024w, https:\/\/www.disquitos.fi\/kbu\/wp-content\/uploads\/2023\/09\/IMG-20230729-WA0027-300x225.jpg 300w, https:\/\/www.disquitos.fi\/kbu\/wp-content\/uploads\/2023\/09\/IMG-20230729-WA0027-768x576.jpg 768w, https:\/\/www.disquitos.fi\/kbu\/wp-content\/uploads\/2023\/09\/IMG-20230729-WA0027-1536x1152.jpg 1536w, https:\/\/www.disquitos.fi\/kbu\/wp-content\/uploads\/2023\/09\/IMG-20230729-WA0027-750x563.jpg 750w, https:\/\/www.disquitos.fi\/kbu\/wp-content\/uploads\/2023\/09\/IMG-20230729-WA0027.jpg 2016w\" sizes=\"auto, (max-width: 1024px) 100vw, 1024px\" \/><figcaption class=\"wp-element-caption\">Pinkki Winky<\/figcaption><\/figure>\n\n\n\n<p>Jonna Myllym\u00e4ki<br>Henna Heikkinen<br>Lasse Kaaos<br>Matti Kanervo<br>Roni Koskela<br>Sini Kokkonen<br>Tuomas Talus<br>Vanessa Bensch<\/p>\n\n\n\n<p><\/p>\n\n\n\n<h4 class=\"wp-block-heading\">Oranssi Aurinko<\/h4>\n\n\n\n<figure class=\"wp-block-image size-large\"><img loading=\"lazy\" decoding=\"async\" width=\"1024\" height=\"804\" src=\"https:\/\/www.disquitos.fi\/kbu\/wp-content\/uploads\/2023\/09\/IMG-20230729-WA0013-1024x804.jpg\" alt=\"\" class=\"wp-image-1182\" srcset=\"https:\/\/www.disquitos.fi\/kbu\/wp-content\/uploads\/2023\/09\/IMG-20230729-WA0013-1024x804.jpg 1024w, https:\/\/www.disquitos.fi\/kbu\/wp-content\/uploads\/2023\/09\/IMG-20230729-WA0013-300x235.jpg 300w, https:\/\/www.disquitos.fi\/kbu\/wp-content\/uploads\/2023\/09\/IMG-20230729-WA0013-768x603.jpg 768w, https:\/\/www.disquitos.fi\/kbu\/wp-content\/uploads\/2023\/09\/IMG-20230729-WA0013-1536x1205.jpg 1536w, https:\/\/www.disquitos.fi\/kbu\/wp-content\/uploads\/2023\/09\/IMG-20230729-WA0013-750x589.jpg 750w, https:\/\/www.disquitos.fi\/kbu\/wp-content\/uploads\/2023\/09\/IMG-20230729-WA0013.jpg 1645w\" sizes=\"auto, (max-width: 1024px) 100vw, 1024px\" \/><figcaption class=\"wp-element-caption\">Oranssi Aurinko<\/figcaption><\/figure>\n\n\n\n<p>Janne Havinen<br>Johanna Kopperoinen<br>Juha Julkunen<br>Maisa Niemel\u00e4<br>Valtteri Kangasm\u00e4ki<br>Ville Tuhkanen<br>Zaheer Gauhar<\/p>\n\n\n\n<p><\/p>\n\n\n\n<h4 class=\"wp-block-heading\">Yellow Submarine<\/h4>\n\n\n\n<figure class=\"wp-block-image size-large\"><img loading=\"lazy\" decoding=\"async\" width=\"1024\" height=\"549\" src=\"https:\/\/www.disquitos.fi\/kbu\/wp-content\/uploads\/2023\/09\/IMG-20230729-WA0024-1024x549.jpg\" alt=\"\" class=\"wp-image-1177\" srcset=\"https:\/\/www.disquitos.fi\/kbu\/wp-content\/uploads\/2023\/09\/IMG-20230729-WA0024-1024x549.jpg 1024w, https:\/\/www.disquitos.fi\/kbu\/wp-content\/uploads\/2023\/09\/IMG-20230729-WA0024-300x161.jpg 300w, https:\/\/www.disquitos.fi\/kbu\/wp-content\/uploads\/2023\/09\/IMG-20230729-WA0024-768x412.jpg 768w, https:\/\/www.disquitos.fi\/kbu\/wp-content\/uploads\/2023\/09\/IMG-20230729-WA0024-1536x824.jpg 1536w, https:\/\/www.disquitos.fi\/kbu\/wp-content\/uploads\/2023\/09\/IMG-20230729-WA0024-750x402.jpg 750w, https:\/\/www.disquitos.fi\/kbu\/wp-content\/uploads\/2023\/09\/IMG-20230729-WA0024.jpg 1600w\" sizes=\"auto, (max-width: 1024px) 100vw, 1024px\" \/><figcaption class=\"wp-element-caption\">Yellow Submarine<\/figcaption><\/figure>\n\n\n\n<p>Hanna Mikkonen<br>Ari Ojanper\u00e4<br>Jonna Hepa-aho<br>Jukka Piesk\u00e4<br>Mikke Nilsson<br>Niko P\u00e4\u00e4kk\u00f6nen<br>Ossi Per\u00e4<\/p>\n\n\n\n<p><\/p>\n\n\n\n<h2 class=\"wp-block-heading\"><mark style=\"background-color:rgba(0, 0, 0, 0)\" class=\"has-inline-color has-luminous-vivid-orange-color\"><strong>P<\/strong>ELIT<\/mark><\/h2>\n\n\n\n<div class=\"wp-block-columns is-layout-flex wp-container-core-columns-is-layout-9d6595d7 wp-block-columns-is-layout-flex\">\n<div class=\"wp-block-column is-layout-flow wp-block-column-is-layout-flow\" style=\"flex-basis:100%\">\n<figure class=\"wp-block-table is-style-regular\"><table><tbody><tr><td><strong>Joukkue<\/strong><\/td><td><strong>Voitot<\/strong><\/td><td><strong>Tappiot<\/strong><\/td><td><strong>Maaliero<\/strong><\/td><\/tr><tr><td>Blue Whales<\/td><td>5<\/td><td>1<\/td><td>33 &#8211; 22<\/td><\/tr><tr><td>Black Birds<\/td><td>4<\/td><td>2<\/td><td>30 &#8211; 25<\/td><\/tr><tr><td>Violence<\/td><td>4<\/td><td>2<\/td><td>31 &#8211; 21<\/td><\/tr><tr><td>Red Lobsters<\/td><td>3<\/td><td>3<\/td><td>22 &#8211; 30<\/td><\/tr><tr><td>The Real Teal<\/td><td>4<\/td><td>2<\/td><td>33 &#8211; 28<\/td><\/tr><tr><td>Jungle Speed<\/td><td>2<\/td><td>4<\/td><td>28 &#8211; 29<\/td><\/tr><tr><td>Kuusi<\/td><td>3<\/td><td>3<\/td><td>26 &#8211; 30<\/td><\/tr><tr><td>Pinkki Winky<\/td><td>3<\/td><td>3<\/td><td>26 &#8211; 25<\/td><\/tr><tr><td>Oranssi Aurinko<\/td><td>2<\/td><td>3<\/td><td>23 &#8211; 24<\/td><\/tr><tr><td>Yellow Submarine<\/td><td>0<\/td><td>5<\/td><td>16 &#8211; 32<\/td><\/tr><\/tbody><\/table><\/figure>\n<\/div>\n<\/div>\n\n\n\n<p class=\"has-text-align-left\"><strong><span style=\"text-decoration: underline;\">Alkusarja<\/span><\/strong><\/p>\n\n\n\n<figure class=\"wp-block-table\"><table><tbody><tr><td>Kuusi<\/td><td>Black Birds<\/td><td>3 &#8211; 4<\/td><\/tr><tr><td>Blue Whales<\/td><td>Pinkki Winky<\/td><td>3 &#8211; 4<\/td><\/tr><tr><td>Pinkki Winky<\/td><td>Kuusi<\/td><td>7 &#8211; 2<\/td><\/tr><tr><td>Yellow Submarine<\/td><td>Blue Whales<\/td><td>2 &#8211; 7<\/td><\/tr><tr><td>Kuusi <\/td><td>Yellow Submarine <\/td><td>5 &#8211; 3<\/td><\/tr><tr><td>Black Birds<\/td><td>Pinkki Winky<\/td><td>6 &#8211; 3<\/td><\/tr><tr><td>Black Birds<\/td><td>Blue Whales<\/td><td>3 &#8211; 4<\/td><\/tr><tr><td>Pinkki Winky<\/td><td>Yellow Submarine<\/td><td>6 &#8211; 2<\/td><\/tr><tr><td>Blue Whales<\/td><td>Kuusi <\/td><td>6 &#8211; 5<\/td><\/tr><tr><td>Yellow Submarine<\/td><td>Black Birds<\/td><td>5 &#8211; 6<\/td><\/tr><tr><td>Violence<\/td><td>Jungle Speed<\/td><td>5 &#8211; 3<\/td><\/tr><tr><td>The Real Teal<\/td><td>Red Lobsters <\/td><td>3 &#8211; 5<\/td><\/tr><tr><td>Red Lobsters<\/td><td>Violence<\/td><td>0 &#8211; 6<\/td><\/tr><tr><td>Oranssi Aurinko<\/td><td>The Real Teal<\/td><td>5 &#8211; 3<\/td><\/tr><tr><td>Violence<\/td><td>Oranssi Aurinko<\/td><td>6 &#8211; 2<\/td><\/tr><tr><td>Jungle Speed<\/td><td>Red Lobsters<\/td><td>4 &#8211; 5<\/td><\/tr><tr><td>Jungle Speed<\/td><td>The Real Teal<\/td><td>5 &#8211; 6<\/td><\/tr><tr><td>Red Lobsters<\/td><td>Oranssi Aurinko<\/td><td>5 &#8211; 4<\/td><\/tr><tr><td>The Real Teal<\/td><td>Violence<\/td><td>6 &#8211; 4<\/td><\/tr><tr><td>Oranssi Aurinko<\/td><td>Jungle Speed<\/td><td>4 &#8211; 6<\/td><\/tr><tr><td><\/td><td><\/td><td><\/td><\/tr><\/tbody><\/table><\/figure>\n\n\n\n<p><span style=\"text-decoration: underline;\"><strong>Jatkopelit<\/strong><\/span><\/p>\n\n\n\n<figure class=\"wp-block-table\"><table><tbody><tr><td>Pinkki Winky<\/td><td>Jungle Speed<\/td><td>4 &#8211; 8<\/td><\/tr><tr><td>The Real Teal<\/td><td>Kuusi<\/td><td>8 &#8211; 7<\/td><\/tr><tr><td>Black Birds<\/td><td>Red Lobsters<\/td><td>7 &#8211; 4<\/td><\/tr><tr><td>Violence <\/td><td>Blue Whales <\/td><td>4 &#8211; 7<\/td><\/tr><\/tbody><\/table><\/figure>\n\n\n\n<p><span style=\"text-decoration: underline;\"><strong>Sijoituspelit<\/strong><\/span><\/p>\n\n\n\n<figure class=\"wp-block-table\"><table><tbody><tr><td>Finaali<\/td><td>Black Birds<\/td><td>Blue Whales<\/td><td>4 &#8211; 6<\/td><\/tr><tr><td>Pronssi<\/td><td>Red Lobsters<\/td><td>Violence<\/td><td>3 &#8211; 6<\/td><\/tr><tr><td>Sij. 5.-6.<\/td><td>Jungle Speed<\/td><td>The Real Teal<\/td><td>2 &#8211; 7<\/td><\/tr><tr><td>Sij. 7.-8.<\/td><td>Pinkki Winky<\/td><td>Kuusi<\/td><td>2 &#8211; 4<\/td><\/tr><tr><td>Sij. 9.-10.<\/td><td>Yellow Submarine<\/td><td>Oranssi Aurinko<\/td><td>4 &#8211; 8<\/td><\/tr><\/tbody><\/table><\/figure>\n","protected":false},"excerpt":{"rendered":"<p>Sijoitukset Spiritit Paras Dyykki: Piran MerklMost Valuable Player: Eero M\u00e4\u00e4tt\u00e4 JOUKKUEET Blue Whales Elisa PursiainenAku WesterbergEemi OksanenEero M\u00e4\u00e4tt\u00e4Hellen KoskinenMiikka Keski-S\u00e4nttiTapio Salmela Black Birds Aarni NagyDayla WollerJuha SanttilaOlli HuotariPilvi KokkonenSami TuominenTero Kontkanen Violence Tapio MoilanenEero MetsoHeidi PoutanenJo\u00e3o BatistaJonna T\u00f6rm\u00e4lehtoMikko LehtolaMikko Nieminen Red Lobsters Ilari NurmelaAleksi MustonenArimo NagyEsa T\u00f6rmikoskiKimmo SirkkaMinna KauppiPinja Rajala The Real Teal Mikko AlitaloAnnie &hellip; <\/p>\n<p><a class=\"more-link btn\" href=\"https:\/\/www.disquitos.fi\/kbu\/tulokset\/2023-2\/\">Jatka lukemista<\/a><\/p>\n","protected":false},"author":6,"featured_media":0,"parent":130,"menu_order":-1,"comment_status":"closed","ping_status":"closed","template":"","meta":{"footnotes":""},"class_list":["post-1167","page","type-page","status-publish","hentry","nodate","item-wrap"],"_links":{"self":[{"href":"https:\/\/www.disquitos.fi\/kbu\/wp-json\/wp\/v2\/pages\/1167","targetHints":{"allow":["GET"]}}],"collection":[{"href":"https:\/\/www.disquitos.fi\/kbu\/wp-json\/wp\/v2\/pages"}],"about":[{"href":"https:\/\/www.disquitos.fi\/kbu\/wp-json\/wp\/v2\/types\/page"}],"author":[{"embeddable":true,"href":"https:\/\/www.disquitos.fi\/kbu\/wp-json\/wp\/v2\/users\/6"}],"replies":[{"embeddable":true,"href":"https:\/\/www.disquitos.fi\/kbu\/wp-json\/wp\/v2\/comments?post=1167"}],"version-history":[{"count":2,"href":"https:\/\/www.disquitos.fi\/kbu\/wp-json\/wp\/v2\/pages\/1167\/revisions"}],"predecessor-version":[{"id":1186,"href":"https:\/\/www.disquitos.fi\/kbu\/wp-json\/wp\/v2\/pages\/1167\/revisions\/1186"}],"up":[{"embeddable":true,"href":"https:\/\/www.disquitos.fi\/kbu\/wp-json\/wp\/v2\/pages\/130"}],"wp:attachment":[{"href":"https:\/\/www.disquitos.fi\/kbu\/wp-json\/wp\/v2\/media?parent=1167"}],"curies":[{"name":"wp","href":"https:\/\/api.w.org\/{rel}","templated":true}]}}