{"id":1079,"date":"2022-07-31T15:31:52","date_gmt":"2022-07-31T12:31:52","guid":{"rendered":"https:\/\/www.disquitos.fi\/kbu\/?page_id=1079"},"modified":"2023-09-17T00:09:01","modified_gmt":"2023-09-16T21:09:01","slug":"2022-2","status":"publish","type":"page","link":"https:\/\/www.disquitos.fi\/kbu\/tulokset\/2022-2\/","title":{"rendered":"2022"},"content":{"rendered":"\n<figure class=\"wp-block-gallery has-nested-images columns-default is-cropped wp-block-gallery-1 is-layout-flex wp-block-gallery-is-layout-flex\">\n<figure class=\"wp-block-image size-large\"><img loading=\"lazy\" decoding=\"async\" width=\"1024\" height=\"592\" data-id=\"1121\" src=\"https:\/\/www.disquitos.fi\/kbu\/wp-content\/uploads\/2022\/07\/Kaikki-2-1024x592.jpg\" alt=\"KBU 2022 - Kaikki osallistujat\" class=\"wp-image-1121\" srcset=\"https:\/\/www.disquitos.fi\/kbu\/wp-content\/uploads\/2022\/07\/Kaikki-2-1024x592.jpg 1024w, https:\/\/www.disquitos.fi\/kbu\/wp-content\/uploads\/2022\/07\/Kaikki-2-300x173.jpg 300w, https:\/\/www.disquitos.fi\/kbu\/wp-content\/uploads\/2022\/07\/Kaikki-2-768x444.jpg 768w, https:\/\/www.disquitos.fi\/kbu\/wp-content\/uploads\/2022\/07\/Kaikki-2-750x434.jpg 750w, https:\/\/www.disquitos.fi\/kbu\/wp-content\/uploads\/2022\/07\/Kaikki-2.jpg 1380w\" sizes=\"auto, (max-width: 1024px) 100vw, 1024px\" \/><figcaption><strong><mark style=\"background-color:rgba(0, 0, 0, 0)\" class=\"has-inline-color has-white-color\">KBU 2022<\/mark><\/strong><\/figcaption><\/figure>\n<\/figure>\n\n\n\n<h3 class=\"wp-block-heading\"><strong><span style=\"text-decoration: underline;\">Sijoitukset<\/span><\/strong><\/h3>\n\n\n\n<ol class=\"wp-block-list\"><li>Lauhkeat Lampaat<\/li><li>Spacedogs<\/li><li>Stickfigures<\/li><li>M\u00e4yr\u00e4koirat<\/li><li>Paahtoleiv\u00e4t<\/li><li>Crazy frogs<\/li><li>Babydinos<\/li><li>Baisikles<\/li><\/ol>\n\n\n\n<figure class=\"wp-block-image size-large\"><img loading=\"lazy\" decoding=\"async\" width=\"1024\" height=\"969\" src=\"https:\/\/www.disquitos.fi\/kbu\/wp-content\/uploads\/2022\/07\/Mestari_2022-2-1024x969.jpg\" alt=\"KBU Mestari 2022 - Lauhkeat Lampaat\" class=\"wp-image-1123\" srcset=\"https:\/\/www.disquitos.fi\/kbu\/wp-content\/uploads\/2022\/07\/Mestari_2022-2-1024x969.jpg 1024w, https:\/\/www.disquitos.fi\/kbu\/wp-content\/uploads\/2022\/07\/Mestari_2022-2-300x284.jpg 300w, https:\/\/www.disquitos.fi\/kbu\/wp-content\/uploads\/2022\/07\/Mestari_2022-2-768x727.jpg 768w, https:\/\/www.disquitos.fi\/kbu\/wp-content\/uploads\/2022\/07\/Mestari_2022-2-750x710.jpg 750w, https:\/\/www.disquitos.fi\/kbu\/wp-content\/uploads\/2022\/07\/Mestari_2022-2.jpg 1500w\" sizes=\"auto, (max-width: 1024px) 100vw, 1024px\" \/><figcaption>KBU Mestari 2022 &#8211; Lauhkeat Lampaat<\/figcaption><\/figure>\n\n\n\n<h3 class=\"wp-block-heading\"><strong><span style=\"text-decoration: underline;\">Spiritit<\/span><\/strong><\/h3>\n\n\n\n<ol class=\"wp-block-list\"><li>Baisikles<\/li><li>Paahtoleiv\u00e4t &amp; Lauhkeat Lampaat &amp; Crazy frogs<\/li><li>Stickfigures &amp; M\u00e4yr\u00e4koirat<\/li><li>Spacedogs<\/li><li>Babydinos<\/li><\/ol>\n\n\n\n<figure class=\"wp-block-image size-large\"><img loading=\"lazy\" decoding=\"async\" width=\"1024\" height=\"768\" src=\"https:\/\/www.disquitos.fi\/kbu\/wp-content\/uploads\/2022\/07\/paras-spirit-1024x768.jpg\" alt=\"Spirit voittaja 2022 - Baisikles \" class=\"wp-image-1124\" srcset=\"https:\/\/www.disquitos.fi\/kbu\/wp-content\/uploads\/2022\/07\/paras-spirit-1024x768.jpg 1024w, https:\/\/www.disquitos.fi\/kbu\/wp-content\/uploads\/2022\/07\/paras-spirit-300x225.jpg 300w, https:\/\/www.disquitos.fi\/kbu\/wp-content\/uploads\/2022\/07\/paras-spirit-768x576.jpg 768w, https:\/\/www.disquitos.fi\/kbu\/wp-content\/uploads\/2022\/07\/paras-spirit-1536x1152.jpg 1536w, https:\/\/www.disquitos.fi\/kbu\/wp-content\/uploads\/2022\/07\/paras-spirit-750x563.jpg 750w, https:\/\/www.disquitos.fi\/kbu\/wp-content\/uploads\/2022\/07\/paras-spirit.jpg 1600w\" sizes=\"auto, (max-width: 1024px) 100vw, 1024px\" \/><figcaption>Spirit voittaja 2022 &#8211; Baisikles <\/figcaption><\/figure>\n\n\n\n<p><strong>Paras Dyykki:<\/strong> Matti Kanervo<br><strong>Most Valuable Player:<\/strong> Elisa Pursiainen<\/p>\n\n\n\n<figure class=\"wp-block-image size-large is-resized\"><img loading=\"lazy\" decoding=\"async\" src=\"https:\/\/www.disquitos.fi\/kbu\/wp-content\/uploads\/2022\/07\/paras-dyykki-2-648x1024.jpg\" alt=\"Paras dyykki - Matti Kanervo\" class=\"wp-image-1126\" width=\"428\" height=\"676\" srcset=\"https:\/\/www.disquitos.fi\/kbu\/wp-content\/uploads\/2022\/07\/paras-dyykki-2-648x1024.jpg 648w, https:\/\/www.disquitos.fi\/kbu\/wp-content\/uploads\/2022\/07\/paras-dyykki-2-190x300.jpg 190w, https:\/\/www.disquitos.fi\/kbu\/wp-content\/uploads\/2022\/07\/paras-dyykki-2-768x1213.jpg 768w, https:\/\/www.disquitos.fi\/kbu\/wp-content\/uploads\/2022\/07\/paras-dyykki-2-973x1536.jpg 973w, https:\/\/www.disquitos.fi\/kbu\/wp-content\/uploads\/2022\/07\/paras-dyykki-2-750x1184.jpg 750w, https:\/\/www.disquitos.fi\/kbu\/wp-content\/uploads\/2022\/07\/paras-dyykki-2.jpg 1193w\" sizes=\"auto, (max-width: 428px) 100vw, 428px\" \/><figcaption>Paras dyykki &#8211; Matti Kanervo<\/figcaption><\/figure>\n\n\n\n<figure class=\"wp-block-image size-large is-resized\"><img loading=\"lazy\" decoding=\"async\" src=\"https:\/\/www.disquitos.fi\/kbu\/wp-content\/uploads\/2022\/07\/MVP-2-871x1024.jpg\" alt=\"MVP - Elisa Pursiainen\" class=\"wp-image-1125\" width=\"426\" height=\"500\" srcset=\"https:\/\/www.disquitos.fi\/kbu\/wp-content\/uploads\/2022\/07\/MVP-2-871x1024.jpg 871w, https:\/\/www.disquitos.fi\/kbu\/wp-content\/uploads\/2022\/07\/MVP-2-255x300.jpg 255w, https:\/\/www.disquitos.fi\/kbu\/wp-content\/uploads\/2022\/07\/MVP-2-768x903.jpg 768w, https:\/\/www.disquitos.fi\/kbu\/wp-content\/uploads\/2022\/07\/MVP-2-750x882.jpg 750w, https:\/\/www.disquitos.fi\/kbu\/wp-content\/uploads\/2022\/07\/MVP-2.jpg 1057w\" sizes=\"auto, (max-width: 426px) 100vw, 426px\" \/><figcaption>MVP &#8211; Elisa Pursiainen<\/figcaption><\/figure>\n\n\n\n<p><br><\/p>\n\n\n\n<h2 class=\"wp-block-heading\"><mark style=\"background-color:rgba(0, 0, 0, 0)\" class=\"has-inline-color has-luminous-vivid-orange-color\">JOUKKUEET<\/mark><\/h2>\n\n\n\n<p><\/p>\n\n\n\n<h4 class=\"wp-block-heading\">Lauhkeat Lampaat<\/h4>\n\n\n\n<figure class=\"wp-block-image size-large\"><img loading=\"lazy\" decoding=\"async\" width=\"1024\" height=\"768\" src=\"https:\/\/www.disquitos.fi\/kbu\/wp-content\/uploads\/2022\/07\/Lauhkeat-Lampaat-1024x768.jpg\" alt=\"Lauhkeat Lampaat\" class=\"wp-image-1127\" srcset=\"https:\/\/www.disquitos.fi\/kbu\/wp-content\/uploads\/2022\/07\/Lauhkeat-Lampaat-1024x768.jpg 1024w, https:\/\/www.disquitos.fi\/kbu\/wp-content\/uploads\/2022\/07\/Lauhkeat-Lampaat-300x225.jpg 300w, https:\/\/www.disquitos.fi\/kbu\/wp-content\/uploads\/2022\/07\/Lauhkeat-Lampaat-768x576.jpg 768w, https:\/\/www.disquitos.fi\/kbu\/wp-content\/uploads\/2022\/07\/Lauhkeat-Lampaat-1536x1153.jpg 1536w, https:\/\/www.disquitos.fi\/kbu\/wp-content\/uploads\/2022\/07\/Lauhkeat-Lampaat-750x563.jpg 750w, https:\/\/www.disquitos.fi\/kbu\/wp-content\/uploads\/2022\/07\/Lauhkeat-Lampaat.jpg 1599w\" sizes=\"auto, (max-width: 1024px) 100vw, 1024px\" \/><figcaption>Lauhkeat Lampaat<\/figcaption><\/figure>\n\n\n\n<p>Elisa Pursiainen<br>Juha Julkunen<br>Julia Gr\u00f6ger<br>Lasse Kaaos <br>Matias Aulakoski<br>Roni Koskela<br>Teemu Kalliokoski<\/p>\n\n\n\n<p><\/p>\n\n\n\n<h4 class=\"wp-block-heading\"><br>Spacedogs<\/h4>\n\n\n\n<figure class=\"wp-block-image size-large\"><img loading=\"lazy\" decoding=\"async\" width=\"1024\" height=\"768\" src=\"https:\/\/www.disquitos.fi\/kbu\/wp-content\/uploads\/2022\/07\/Spacedogs-1024x768.jpg\" alt=\"Spacedogs\" class=\"wp-image-1128\" srcset=\"https:\/\/www.disquitos.fi\/kbu\/wp-content\/uploads\/2022\/07\/Spacedogs-1024x768.jpg 1024w, https:\/\/www.disquitos.fi\/kbu\/wp-content\/uploads\/2022\/07\/Spacedogs-300x225.jpg 300w, https:\/\/www.disquitos.fi\/kbu\/wp-content\/uploads\/2022\/07\/Spacedogs-768x576.jpg 768w, https:\/\/www.disquitos.fi\/kbu\/wp-content\/uploads\/2022\/07\/Spacedogs-1536x1152.jpg 1536w, https:\/\/www.disquitos.fi\/kbu\/wp-content\/uploads\/2022\/07\/Spacedogs-750x563.jpg 750w, https:\/\/www.disquitos.fi\/kbu\/wp-content\/uploads\/2022\/07\/Spacedogs.jpg 2048w\" sizes=\"auto, (max-width: 1024px) 100vw, 1024px\" \/><figcaption>Spacedogs<\/figcaption><\/figure>\n\n\n\n<p>Hanna Mikkonen<br>Johanna Kopperoinen<br>Juho Lehtim\u00e4ki<br>Niko P\u00e4\u00e4kk\u00f6nen<br>Olli Huotari<br>Sami Tuominen<br>Valtteri Kangasm\u00e4ki<br>Vilja Rajala<\/p>\n\n\n\n<h4 class=\"wp-block-heading\"><br>Stickfigures<\/h4>\n\n\n\n<figure class=\"wp-block-image size-large\"><img loading=\"lazy\" decoding=\"async\" width=\"925\" height=\"1024\" src=\"https:\/\/www.disquitos.fi\/kbu\/wp-content\/uploads\/2022\/07\/Stickfigures-2-925x1024.jpg\" alt=\"Stickfigures\" class=\"wp-image-1129\" srcset=\"https:\/\/www.disquitos.fi\/kbu\/wp-content\/uploads\/2022\/07\/Stickfigures-2-925x1024.jpg 925w, https:\/\/www.disquitos.fi\/kbu\/wp-content\/uploads\/2022\/07\/Stickfigures-2-271x300.jpg 271w, https:\/\/www.disquitos.fi\/kbu\/wp-content\/uploads\/2022\/07\/Stickfigures-2-768x850.jpg 768w, https:\/\/www.disquitos.fi\/kbu\/wp-content\/uploads\/2022\/07\/Stickfigures-2-1388x1536.jpg 1388w, https:\/\/www.disquitos.fi\/kbu\/wp-content\/uploads\/2022\/07\/Stickfigures-2-750x830.jpg 750w, https:\/\/www.disquitos.fi\/kbu\/wp-content\/uploads\/2022\/07\/Stickfigures-2.jpg 1512w\" sizes=\"auto, (max-width: 925px) 100vw, 925px\" \/><figcaption>Stickfigures<\/figcaption><\/figure>\n\n\n\n<p>Jonna Myllym\u00e4ki<br>Hannah Kongari<br>Nikolas Drosdek<br>Tiia Junnikkala<br>Tuomas Talus<br>Ville Karvonen<br>Ville Tenhunen<br>Ville Tuhkanen<br><\/p>\n\n\n\n<h4 class=\"wp-block-heading\"><br>M\u00e4yr\u00e4koirat<\/h4>\n\n\n\n<figure class=\"wp-block-image size-large\"><img loading=\"lazy\" decoding=\"async\" width=\"1024\" height=\"658\" src=\"https:\/\/www.disquitos.fi\/kbu\/wp-content\/uploads\/2022\/07\/Mayrakoirat-1024x658.jpg\" alt=\"M\u00e4yr\u00e4koirat\" class=\"wp-image-1130\" srcset=\"https:\/\/www.disquitos.fi\/kbu\/wp-content\/uploads\/2022\/07\/Mayrakoirat-1024x658.jpg 1024w, https:\/\/www.disquitos.fi\/kbu\/wp-content\/uploads\/2022\/07\/Mayrakoirat-300x193.jpg 300w, https:\/\/www.disquitos.fi\/kbu\/wp-content\/uploads\/2022\/07\/Mayrakoirat-768x493.jpg 768w, https:\/\/www.disquitos.fi\/kbu\/wp-content\/uploads\/2022\/07\/Mayrakoirat-1536x987.jpg 1536w, https:\/\/www.disquitos.fi\/kbu\/wp-content\/uploads\/2022\/07\/Mayrakoirat-750x482.jpg 750w, https:\/\/www.disquitos.fi\/kbu\/wp-content\/uploads\/2022\/07\/Mayrakoirat.jpg 1599w\" sizes=\"auto, (max-width: 1024px) 100vw, 1024px\" \/><figcaption>M\u00e4yr\u00e4koirat<\/figcaption><\/figure>\n\n\n\n<p>Ilari Nurmela<br>Arimo Nagy<br>Getten Haas<br>Johanna Harju<br>Jonna T\u00f6rm\u00e4lehto<br>Lauri Raittila<br>Miikka Keski-S\u00e4ntti<\/p>\n\n\n\n<h4 class=\"wp-block-heading\"><br>Paahtoleiv\u00e4t<\/h4>\n\n\n\n<figure class=\"wp-block-image size-large\"><img loading=\"lazy\" decoding=\"async\" width=\"1024\" height=\"768\" src=\"https:\/\/www.disquitos.fi\/kbu\/wp-content\/uploads\/2022\/07\/Paahtoleivat-1024x768.jpg\" alt=\"Paahtoleiv\u00e4t\" class=\"wp-image-1131\" srcset=\"https:\/\/www.disquitos.fi\/kbu\/wp-content\/uploads\/2022\/07\/Paahtoleivat-1024x768.jpg 1024w, https:\/\/www.disquitos.fi\/kbu\/wp-content\/uploads\/2022\/07\/Paahtoleivat-300x225.jpg 300w, https:\/\/www.disquitos.fi\/kbu\/wp-content\/uploads\/2022\/07\/Paahtoleivat-768x576.jpg 768w, https:\/\/www.disquitos.fi\/kbu\/wp-content\/uploads\/2022\/07\/Paahtoleivat-1536x1152.jpg 1536w, https:\/\/www.disquitos.fi\/kbu\/wp-content\/uploads\/2022\/07\/Paahtoleivat-750x563.jpg 750w, https:\/\/www.disquitos.fi\/kbu\/wp-content\/uploads\/2022\/07\/Paahtoleivat.jpg 2048w\" sizes=\"auto, (max-width: 1024px) 100vw, 1024px\" \/><figcaption>Paahtoleiv\u00e4t<\/figcaption><\/figure>\n\n\n\n<p>Sini Kokkonen<br>Aleksi Mustonen<br>Jake Sevander<br>Juha Santtila<br>Kerttu Yuan<br>Tapio Moilainen<br>Tyko Vierti\u00f6<\/p>\n\n\n\n<h4 class=\"wp-block-heading\"><br>Crazy frogs<\/h4>\n\n\n\n<figure class=\"wp-block-image size-large\"><img loading=\"lazy\" decoding=\"async\" width=\"1024\" height=\"554\" src=\"https:\/\/www.disquitos.fi\/kbu\/wp-content\/uploads\/2022\/07\/Crazy-frogs-2-1024x554.jpg\" alt=\"Crazy frogs\" class=\"wp-image-1132\" srcset=\"https:\/\/www.disquitos.fi\/kbu\/wp-content\/uploads\/2022\/07\/Crazy-frogs-2-1024x554.jpg 1024w, https:\/\/www.disquitos.fi\/kbu\/wp-content\/uploads\/2022\/07\/Crazy-frogs-2-300x162.jpg 300w, https:\/\/www.disquitos.fi\/kbu\/wp-content\/uploads\/2022\/07\/Crazy-frogs-2-768x416.jpg 768w, https:\/\/www.disquitos.fi\/kbu\/wp-content\/uploads\/2022\/07\/Crazy-frogs-2-1536x831.jpg 1536w, https:\/\/www.disquitos.fi\/kbu\/wp-content\/uploads\/2022\/07\/Crazy-frogs-2-750x406.jpg 750w, https:\/\/www.disquitos.fi\/kbu\/wp-content\/uploads\/2022\/07\/Crazy-frogs-2.jpg 2048w\" sizes=\"auto, (max-width: 1024px) 100vw, 1024px\" \/><figcaption>Crazy frogs<\/figcaption><\/figure>\n\n\n\n<p>Aarni Nagy<br>Jimmy Bertelsen<br>Jule Kiehle<br>Kati-Mari Kakko<br>Kimmo Sirkka<br>Matti Kanervo<br>Raine Kinnunen<br>Vanessa Bensch<\/p>\n\n\n\n<p><\/p>\n\n\n\n<h4 class=\"wp-block-heading\">Babydinos<\/h4>\n\n\n\n<figure class=\"wp-block-image size-large\"><img loading=\"lazy\" decoding=\"async\" width=\"1024\" height=\"774\" src=\"https:\/\/www.disquitos.fi\/kbu\/wp-content\/uploads\/2022\/07\/Babydinos-2-1024x774.jpg\" alt=\"Babydinos\" class=\"wp-image-1133\" srcset=\"https:\/\/www.disquitos.fi\/kbu\/wp-content\/uploads\/2022\/07\/Babydinos-2-1024x774.jpg 1024w, https:\/\/www.disquitos.fi\/kbu\/wp-content\/uploads\/2022\/07\/Babydinos-2-300x227.jpg 300w, https:\/\/www.disquitos.fi\/kbu\/wp-content\/uploads\/2022\/07\/Babydinos-2-768x581.jpg 768w, https:\/\/www.disquitos.fi\/kbu\/wp-content\/uploads\/2022\/07\/Babydinos-2-750x567.jpg 750w, https:\/\/www.disquitos.fi\/kbu\/wp-content\/uploads\/2022\/07\/Babydinos-2.jpg 1512w\" sizes=\"auto, (max-width: 1024px) 100vw, 1024px\" \/><figcaption>Babydinos<\/figcaption><\/figure>\n\n\n\n<p>Eero Metso<br>Janne Havinen<br>Jonna Hepa-aho<br>Juha Salmi<br>Mikko Alitalo<br>Satu Berggren<br>Topi Laurila<\/p>\n\n\n\n<p><\/p>\n\n\n\n<h4 class=\"wp-block-heading\">Baisikles<\/h4>\n\n\n\n<figure class=\"wp-block-image size-large\"><img loading=\"lazy\" decoding=\"async\" width=\"755\" height=\"1024\" src=\"https:\/\/www.disquitos.fi\/kbu\/wp-content\/uploads\/2022\/07\/Baisikles-2-755x1024.jpg\" alt=\"Baisikles\" class=\"wp-image-1134\" srcset=\"https:\/\/www.disquitos.fi\/kbu\/wp-content\/uploads\/2022\/07\/Baisikles-2-755x1024.jpg 755w, https:\/\/www.disquitos.fi\/kbu\/wp-content\/uploads\/2022\/07\/Baisikles-2-221x300.jpg 221w, https:\/\/www.disquitos.fi\/kbu\/wp-content\/uploads\/2022\/07\/Baisikles-2-768x1041.jpg 768w, https:\/\/www.disquitos.fi\/kbu\/wp-content\/uploads\/2022\/07\/Baisikles-2-1133x1536.jpg 1133w, https:\/\/www.disquitos.fi\/kbu\/wp-content\/uploads\/2022\/07\/Baisikles-2-750x1017.jpg 750w, https:\/\/www.disquitos.fi\/kbu\/wp-content\/uploads\/2022\/07\/Baisikles-2.jpg 1186w\" sizes=\"auto, (max-width: 755px) 100vw, 755px\" \/><figcaption>Baisikles<\/figcaption><\/figure>\n\n\n\n<p>Laura Havinen<br>Antero Heikkinen<br>Jukka Piesk\u00e4<br>Kari Hulkko<br>Lauri Suomela<br>Mikko Nieminen<br>Pinja Rajala<br>Vilja Kotkaranta<\/p>\n\n\n\n<p><\/p>\n\n\n\n<h2 class=\"wp-block-heading\"><mark style=\"background-color:rgba(0, 0, 0, 0)\" class=\"has-inline-color has-luminous-vivid-orange-color\"><strong>P<\/strong>ELIT<\/mark><\/h2>\n\n\n\n<div class=\"wp-block-columns is-layout-flex wp-container-core-columns-is-layout-9d6595d7 wp-block-columns-is-layout-flex\">\n<div class=\"wp-block-column is-layout-flow wp-block-column-is-layout-flow\" style=\"flex-basis:100%\">\n<figure class=\"wp-block-table is-style-regular\"><table><tbody><tr><td><strong>Joukkue<\/strong><\/td><td><strong>Voitot<\/strong><\/td><td><strong>Tappiot<\/strong><\/td><td><strong>Maaliero<\/strong><\/td><\/tr><tr><td>Lauhkeat Lampaat<\/td><td>5<\/td><td>1<\/td><td>34 &#8211; 21<\/td><\/tr><tr><td>Spacedogs<\/td><td>4<\/td><td>2<\/td><td>34 &#8211; 26<\/td><\/tr><tr><td>Stickfigures<\/td><td>4<\/td><td>2<\/td><td>28 &#8211; 26<\/td><\/tr><tr><td>M\u00e4yr\u00e4koirat<\/td><td>3<\/td><td>3<\/td><td>28 &#8211; 25<\/td><\/tr><tr><td>Paahtoleiv\u00e4t<\/td><td>4<\/td><td>2<\/td><td>32 &#8211; 25<\/td><\/tr><tr><td>Crazy frogs<\/td><td>3<\/td><td>3<\/td><td>30 &#8211; 30<\/td><\/tr><tr><td>Babydinos<\/td><td>1<\/td><td>5<\/td><td>27 &#8211; 33<\/td><\/tr><tr><td>Baisikles<\/td><td>0<\/td><td>6<\/td><td>15 &#8211; 42<\/td><\/tr><\/tbody><\/table><\/figure>\n<\/div>\n<\/div>\n\n\n\n<p class=\"has-text-align-left\"><strong><span style=\"text-decoration: underline;\">Alkusarja<\/span><\/strong><\/p>\n\n\n\n<figure class=\"wp-block-table\"><table><tbody><tr><td>M\u00e4yr\u00e4koirat<\/td><td>Lauhkeat Lampaat<\/td><td>7 &#8211; 4<\/td><\/tr><tr><td>Paahtoleiv\u00e4t<\/td><td>Baisikles<\/td><td>8 &#8211; 2<\/td><\/tr><tr><td>Baisikles<\/td><td>M\u00e4yr\u00e4koirat<\/td><td>3 &#8211; 7<\/td><\/tr><tr><td>Lauhkeat Lampaat<\/td><td>Paahtoleiv\u00e4t<\/td><td>7 &#8211; 3<\/td><\/tr><tr><td>M\u00e4yr\u00e4koirat <\/td><td>Paahtoleiv\u00e4t <\/td><td>2 &#8211; 5<\/td><\/tr><tr><td>Baisikles<\/td><td>Lauhkeat Lampaat<\/td><td>1 &#8211; 6<\/td><\/tr><tr><td>Crazy frogs <\/td><td>Stickfigures<\/td><td>5 &#8211; 3<\/td><\/tr><tr><td>Babydinos<\/td><td>Spacedogs <\/td><td>3 &#8211; 7<\/td><\/tr><tr><td>Spacedogs<\/td><td>Crazy frogs <\/td><td>6 &#8211; 5<\/td><\/tr><tr><td>Stickfigures <\/td><td>Babydinos<\/td><td>4 &#8211; 3<\/td><\/tr><tr><td>Crazy frogs <\/td><td>Babydinos<\/td><td>5 &#8211; 4<\/td><\/tr><tr><td>Spacedogs<\/td><td>Stickfigures <\/td><td>4 &#8211; 6<\/td><\/tr><\/tbody><\/table><\/figure>\n\n\n\n<p><span style=\"text-decoration: underline;\"><strong>Jatkopelit<\/strong><\/span><\/p>\n\n\n\n<figure class=\"wp-block-table\"><table><tbody><tr><td>Lauhkeat Lampaat<\/td><td>Babydinos<\/td><td>7 &#8211; 6<\/td><\/tr><tr><td>Paahtoleiv\u00e4t<\/td><td>Stickfigures<\/td><td>4 &#8211; 5<\/td><\/tr><tr><td>Spacedogs<\/td><td>Baisikles<\/td><td>9 &#8211; 1<\/td><\/tr><tr><td>Crazy frogs <\/td><td>M\u00e4yr\u00e4koirat <\/td><td>4 &#8211; 6<\/td><\/tr><tr><td>Babydinos<\/td><td>Crazy frogs<\/td><td>6 &#8211; 7<\/td><\/tr><tr><td>Paahtoleiv\u00e4t<\/td><td>Baisikles<\/td><td>7 &#8211; 5<\/td><\/tr><tr><td>Lauhkeat Lampaat<\/td><td>M\u00e4yr\u00e4koirat<\/td><td>4 &#8211; 2<\/td><\/tr><tr><td>Stickfigures<\/td><td>Spacedogs <\/td><td>5 &#8211; 6<\/td><\/tr><\/tbody><\/table><\/figure>\n\n\n\n<p><span style=\"text-decoration: underline;\"><strong>Sijoituspelit<\/strong><\/span><\/p>\n\n\n\n<figure class=\"wp-block-table\"><table><tbody><tr><td>Finaali<\/td><td>Lauhkeat Lampaat<\/td><td>Spacedogs<\/td><td>6 &#8211; 2<\/td><\/tr><tr><td>Pronssi<\/td><td>M\u00e4yr\u00e4koirat<\/td><td>Stickfigures<\/td><td>4 &#8211; 5<\/td><\/tr><tr><td>Sij. 5.-6.<\/td><td>Crazy frogs<\/td><td>Paahtoleiv\u00e4t<\/td><td>4 &#8211; 5<\/td><\/tr><tr><td>Sij. 7.-8.<\/td><td>Babydinos<\/td><td>Baisikles<\/td><td>5 &#8211; 3<\/td><\/tr><\/tbody><\/table><\/figure>\n","protected":false},"excerpt":{"rendered":"<p>Sijoitukset Lauhkeat Lampaat Spacedogs Stickfigures M\u00e4yr\u00e4koirat Paahtoleiv\u00e4t Crazy frogs Babydinos Baisikles Spiritit Baisikles Paahtoleiv\u00e4t &amp; Lauhkeat Lampaat &amp; Crazy frogs Stickfigures &amp; M\u00e4yr\u00e4koirat Spacedogs Babydinos Paras Dyykki: Matti KanervoMost Valuable Player: Elisa Pursiainen JOUKKUEET Lauhkeat Lampaat Elisa PursiainenJuha JulkunenJulia Gr\u00f6gerLasse Kaaos Matias AulakoskiRoni KoskelaTeemu Kalliokoski Spacedogs Hanna MikkonenJohanna KopperoinenJuho Lehtim\u00e4kiNiko P\u00e4\u00e4kk\u00f6nenOlli HuotariSami TuominenValtteri Kangasm\u00e4kiVilja Rajala &hellip; <\/p>\n<p><a class=\"more-link btn\" href=\"https:\/\/www.disquitos.fi\/kbu\/tulokset\/2022-2\/\">Jatka lukemista<\/a><\/p>\n","protected":false},"author":1,"featured_media":0,"parent":130,"menu_order":0,"comment_status":"closed","ping_status":"closed","template":"","meta":{"footnotes":""},"class_list":["post-1079","page","type-page","status-publish","hentry","nodate","item-wrap"],"_links":{"self":[{"href":"https:\/\/www.disquitos.fi\/kbu\/wp-json\/wp\/v2\/pages\/1079","targetHints":{"allow":["GET"]}}],"collection":[{"href":"https:\/\/www.disquitos.fi\/kbu\/wp-json\/wp\/v2\/pages"}],"about":[{"href":"https:\/\/www.disquitos.fi\/kbu\/wp-json\/wp\/v2\/types\/page"}],"author":[{"embeddable":true,"href":"https:\/\/www.disquitos.fi\/kbu\/wp-json\/wp\/v2\/users\/1"}],"replies":[{"embeddable":true,"href":"https:\/\/www.disquitos.fi\/kbu\/wp-json\/wp\/v2\/comments?post=1079"}],"version-history":[{"count":7,"href":"https:\/\/www.disquitos.fi\/kbu\/wp-json\/wp\/v2\/pages\/1079\/revisions"}],"predecessor-version":[{"id":1141,"href":"https:\/\/www.disquitos.fi\/kbu\/wp-json\/wp\/v2\/pages\/1079\/revisions\/1141"}],"up":[{"embeddable":true,"href":"https:\/\/www.disquitos.fi\/kbu\/wp-json\/wp\/v2\/pages\/130"}],"wp:attachment":[{"href":"https:\/\/www.disquitos.fi\/kbu\/wp-json\/wp\/v2\/media?parent=1079"}],"curies":[{"name":"wp","href":"https:\/\/api.w.org\/{rel}","templated":true}]}}